{"id":55188,"date":"2026-05-12T15:46:31","date_gmt":"2026-05-12T13:46:31","guid":{"rendered":"https:\/\/www.guetersloh-marketing.de\/?post_type=product&#038;p=55188"},"modified":"2026-05-12T16:01:08","modified_gmt":"2026-05-12T14:01:08","slug":"drybag-skyline","status":"publish","type":"product","link":"https:\/\/www.guetersloh-marketing.de\/en\/product\/drybag-skyline\/","title":{"rendered":"Drybag Skyline"},"content":{"rendered":"<p>Ob Festivalwochenende, Open-Air-Konzert oder spontaner St\u00e4dtetrip \u2013 die Drybag verbindet Funktionalit\u00e4t mit einem Motiv, das deine Stadt \u00fcberall hin begleitet.<\/p>\n<p>Durch den wasserfesten Stoff und Rei\u00dfverschluss bleibt alles im Inneren der Drybag vor N\u00e4sse gesch\u00fctzt \u2013 oder du verwendest sie f\u00fcr deine nassen Sachen, dann h\u00e4lt die Drybag alles dicht!<\/p>\n<p>Den passenden Gurt gibt\u2019s f\u00fcr 8,50\u20ac auch bei uns.<\/p>","protected":false},"excerpt":{"rendered":"<p>Ob Festivalwochenende, Open-Air-Konzert oder spontaner St\u00e4dtetrip \u2013 die Drybag verbindet Funktionalit\u00e4t mit einem Motiv, das [&hellip;]<\/p>\n","protected":false},"featured_media":55192,"comment_status":"open","ping_status":"closed","template":"","meta":{"_acf_changed":false},"product_brand":[],"product_cat":[423],"product_tag":[744,550,745],"class_list":{"0":"post-55188","1":"product","2":"type-product","3":"status-publish","4":"has-post-thumbnail","6":"product_cat-souvenirs","7":"product_tag-drybag","8":"product_tag-tasche","9":"product_tag-umhaengetasche","11":"first","12":"instock","13":"taxable","14":"shipping-taxable","15":"purchasable","16":"product-type-simple"},"acf":[],"_links":{"self":[{"href":"https:\/\/www.guetersloh-marketing.de\/en\/wp-json\/wp\/v2\/product\/55188","targetHints":{"allow":["GET"]}}],"collection":[{"href":"https:\/\/www.guetersloh-marketing.de\/en\/wp-json\/wp\/v2\/product"}],"about":[{"href":"https:\/\/www.guetersloh-marketing.de\/en\/wp-json\/wp\/v2\/types\/product"}],"replies":[{"embeddable":true,"href":"https:\/\/www.guetersloh-marketing.de\/en\/wp-json\/wp\/v2\/comments?post=55188"}],"wp:featuredmedia":[{"embeddable":true,"href":"https:\/\/www.guetersloh-marketing.de\/en\/wp-json\/wp\/v2\/media\/55192"}],"wp:attachment":[{"href":"https:\/\/www.guetersloh-marketing.de\/en\/wp-json\/wp\/v2\/media?parent=55188"}],"wp:term":[{"taxonomy":"product_brand","embeddable":true,"href":"https:\/\/www.guetersloh-marketing.de\/en\/wp-json\/wp\/v2\/product_brand?post=55188"},{"taxonomy":"product_cat","embeddable":true,"href":"https:\/\/www.guetersloh-marketing.de\/en\/wp-json\/wp\/v2\/product_cat?post=55188"},{"taxonomy":"product_tag","embeddable":true,"href":"https:\/\/www.guetersloh-marketing.de\/en\/wp-json\/wp\/v2\/product_tag?post=55188"}],"curies":[{"name":"wp","href":"https:\/\/api.w.org\/{rel}","templated":true}]}}