{"id":54920,"date":"2026-04-22T15:55:24","date_gmt":"2026-04-22T13:55:24","guid":{"rendered":"https:\/\/www.guetersloh-marketing.de\/?post_type=product&#038;p=54920"},"modified":"2026-04-22T15:56:30","modified_gmt":"2026-04-22T13:56:30","slug":"pudelmuetze-fcg","status":"publish","type":"product","link":"https:\/\/www.guetersloh-marketing.de\/en\/product\/pudelmuetze-fcg\/","title":{"rendered":"Pudelm\u00fctze FCG"},"content":{"rendered":"<p>Warme Strickm\u00fctze mit Bommel und aufgen\u00e4htem FCG Logo. Perfekt f\u00fcr kalte Tage im Stadion.<\/p>","protected":false},"excerpt":{"rendered":"<p>Caps in various designs. The picture serves as an example.<\/p>","protected":false},"featured_media":54921,"comment_status":"open","ping_status":"closed","template":"","meta":{"_acf_changed":false},"product_brand":[],"product_cat":[465],"product_tag":[596,595,593,597],"class_list":{"0":"post-54920","1":"product","2":"type-product","3":"status-publish","4":"has-post-thumbnail","6":"product_cat-fanartikel","7":"product_tag-fc-guetersloh","8":"product_tag-fcg","9":"product_tag-fussball","10":"product_tag-fussball-club","12":"first","13":"instock","14":"taxable","15":"shipping-taxable","16":"purchasable","17":"product-type-simple"},"acf":[],"_links":{"self":[{"href":"https:\/\/www.guetersloh-marketing.de\/en\/wp-json\/wp\/v2\/product\/54920","targetHints":{"allow":["GET"]}}],"collection":[{"href":"https:\/\/www.guetersloh-marketing.de\/en\/wp-json\/wp\/v2\/product"}],"about":[{"href":"https:\/\/www.guetersloh-marketing.de\/en\/wp-json\/wp\/v2\/types\/product"}],"replies":[{"embeddable":true,"href":"https:\/\/www.guetersloh-marketing.de\/en\/wp-json\/wp\/v2\/comments?post=54920"}],"wp:featuredmedia":[{"embeddable":true,"href":"https:\/\/www.guetersloh-marketing.de\/en\/wp-json\/wp\/v2\/media\/54921"}],"wp:attachment":[{"href":"https:\/\/www.guetersloh-marketing.de\/en\/wp-json\/wp\/v2\/media?parent=54920"}],"wp:term":[{"taxonomy":"product_brand","embeddable":true,"href":"https:\/\/www.guetersloh-marketing.de\/en\/wp-json\/wp\/v2\/product_brand?post=54920"},{"taxonomy":"product_cat","embeddable":true,"href":"https:\/\/www.guetersloh-marketing.de\/en\/wp-json\/wp\/v2\/product_cat?post=54920"},{"taxonomy":"product_tag","embeddable":true,"href":"https:\/\/www.guetersloh-marketing.de\/en\/wp-json\/wp\/v2\/product_tag?post=54920"}],"curies":[{"name":"wp","href":"https:\/\/api.w.org\/{rel}","templated":true}]}}