{"id":50975,"date":"2025-08-01T14:31:00","date_gmt":"2025-08-01T12:31:41","guid":{"rendered":"https:\/\/www.guetersloh-marketing.de\/?page_id=50975"},"modified":"2026-01-06T16:08:19","modified_gmt":"2026-01-06T15:08:19","slug":"lesestadtguetersloh","status":"publish","type":"page","link":"https:\/\/www.guetersloh-marketing.de\/en\/projektseiten\/lesestadtguetersloh\/","title":{"rendered":"G\u00fctersloh Reading City"},"content":{"rendered":"<div data-elementor-type=\"wp-page\" data-elementor-id=\"50975\" class=\"elementor elementor-50975\" data-elementor-post-type=\"page\">\n\t\t\t\t\t\t<section class=\"elementor-section elementor-top-section elementor-element elementor-element-7290887 elementor-section-boxed elementor-section-height-default elementor-section-height-default\" data-id=\"7290887\" data-element_type=\"section\">\n\t\t\t\t\t\t<div class=\"elementor-container elementor-column-gap-default\">\n\t\t\t\t\t<div class=\"elementor-column elementor-col-100 elementor-top-column elementor-element elementor-element-906b6eb\" data-id=\"906b6eb\" data-element_type=\"column\">\n\t\t\t<div class=\"elementor-widget-wrap elementor-element-populated\">\n\t\t\t\t\t\t<div class=\"elementor-element elementor-element-3426a6d elementor-widget elementor-widget-spacer\" data-id=\"3426a6d\" data-element_type=\"widget\" data-widget_type=\"spacer.default\">\n\t\t\t\t<div class=\"elementor-widget-container\">\n\t\t\t<span id=\"3426a6d\"><\/span>\t\t<div class=\"elementor-spacer\">\n\t\t\t<div class=\"elementor-spacer-inner\"><\/div>\n\t\t<\/div>\n\t\t\t\t<\/div>\n\t\t\t\t<\/div>\n\t\t\t\t\t<\/div>\n\t\t<\/div>\n\t\t\t\t\t<\/div>\n\t\t<\/section>\n\t\t\t\t<section class=\"elementor-section elementor-top-section elementor-element elementor-element-5659b64 elementor-section-boxed elementor-section-height-default elementor-section-height-default\" data-id=\"5659b64\" data-element_type=\"section\">\n\t\t\t\t\t\t<div class=\"elementor-container elementor-column-gap-default\">\n\t\t\t\t\t<div class=\"elementor-column elementor-col-100 elementor-top-column elementor-element elementor-element-86d4148\" data-id=\"86d4148\" data-element_type=\"column\">\n\t\t\t<div class=\"elementor-widget-wrap elementor-element-populated\">\n\t\t\t\t\t\t<div class=\"elementor-element elementor-element-38c0aa1 elementor-widget elementor-widget-heading\" data-id=\"38c0aa1\" data-element_type=\"widget\" data-widget_type=\"heading.default\">\n\t\t\t\t<div class=\"elementor-widget-container\">\n\t\t\t<span id=\"38c0aa1\"><\/span><h2 class=\"elementor-heading-title elementor-size-default\">G\u00fctersloh Reading City<\/h2>\t\t<\/div>\n\t\t\t\t<\/div>\n\t\t\t\t<div class=\"elementor-element elementor-element-28233f5 elementor-widget elementor-widget-spacer\" data-id=\"28233f5\" data-element_type=\"widget\" data-widget_type=\"spacer.default\">\n\t\t\t\t<div class=\"elementor-widget-container\">\n\t\t\t<span id=\"28233f5\"><\/span>\t\t<div class=\"elementor-spacer\">\n\t\t\t<div class=\"elementor-spacer-inner\"><\/div>\n\t\t<\/div>\n\t\t\t\t<\/div>\n\t\t\t\t<\/div>\n\t\t\t\t\t<\/div>\n\t\t<\/div>\n\t\t\t\t\t<\/div>\n\t\t<\/section>\n\t\t\t\t<section class=\"elementor-section elementor-top-section elementor-element elementor-element-2a2427c elementor-section-boxed elementor-section-height-default elementor-section-height-default\" data-id=\"2a2427c\" data-element_type=\"section\">\n\t\t\t\t\t\t<div class=\"elementor-container elementor-column-gap-default\">\n\t\t\t\t\t<div class=\"elementor-column elementor-col-66 elementor-top-column elementor-element elementor-element-3d9eaf1\" data-id=\"3d9eaf1\" data-element_type=\"column\">\n\t\t\t<div class=\"elementor-widget-wrap elementor-element-populated\">\n\t\t\t\t\t\t<div class=\"elementor-element elementor-element-68f1ae4 elementor-widget elementor-widget-text-editor\" data-id=\"68f1ae4\" data-element_type=\"widget\" data-widget_type=\"text-editor.default\">\n\t\t\t\t<div class=\"elementor-widget-container\">\n\t\t\t<span id=\"68f1ae4\"><\/span>\t\t\t\t<p data-start=\"0\" data-end=\"381\">Die Lesestadt verwandelt die Stadt in einen lebendigen Treffpunkt f\u00fcr Literaturbegeisterte. Mit zahlreichen Lesungen, Gespr\u00e4chen und begleitenden Aktionen l\u00e4dt sie dazu ein, Literatur in ihren vielf\u00e4ltigen Formen zu entdecken und neu zu erleben. Das Programm richtet sich an ein breites Publikum und verbindet klassische Lesungen mit kreativen und interaktiven Formaten.<\/p><p data-start=\"383\" data-end=\"715\">Besucher*innen erwartet eine abwechslungsreiche Mischung aus literarischen Abenden, musikalisch begleiteten Beitr\u00e4gen, humorvollen Formaten und moderierten Gespr\u00e4chsrunden. Erg\u00e4nzt wird das Angebot durch Veranstaltungen, die Einblicke in unterschiedliche Genres und Erz\u00e4hlweisen geben und Raum f\u00fcr Austausch und Diskussion schaffen.<\/p><p data-start=\"1002\" data-end=\"1275\" data-is-last-node=\"\" data-is-only-node=\"\">Unterschiedliche Veranstaltungsorte sorgen f\u00fcr eine besondere Atmosph\u00e4re und machen Literatur im gesamten Stadtgebiet erlebbar. Die Lesestadt steht damit f\u00fcr kulturelle Vielfalt, Begegnung und die Freude am Lesen \u2013 offen, niedrigschwellig und f\u00fcr viele Menschen zug\u00e4nglich.<\/p>\t\t\t\t\t\t<\/div>\n\t\t\t\t<\/div>\n\t\t\t\t\t<\/div>\n\t\t<\/div>\n\t\t\t\t<div class=\"elementor-column elementor-col-33 elementor-top-column elementor-element elementor-element-688e708\" data-id=\"688e708\" data-element_type=\"column\">\n\t\t\t<div class=\"elementor-widget-wrap elementor-element-populated\">\n\t\t\t\t\t\t<div class=\"elementor-element elementor-element-3b49c4f elementor-widget elementor-widget-image\" data-id=\"3b49c4f\" data-element_type=\"widget\" data-widget_type=\"image.default\">\n\t\t\t\t<div class=\"elementor-widget-container\">\n\t\t\t<span id=\"3b49c4f\"><\/span>\t\t\t\t\t\t\t\t\t\t<img fetchpriority=\"high\" decoding=\"async\" width=\"773\" height=\"1000\" src=\"https:\/\/www.guetersloh-marketing.de\/wp-content\/uploads\/2025\/09\/lesestadt-guetersloh-logo-lesestadt.png\" class=\"attachment-large size-large wp-image-51242\" alt=\"\" srcset=\"https:\/\/www.guetersloh-marketing.de\/wp-content\/uploads\/2025\/09\/lesestadt-guetersloh-logo-lesestadt.png 773w, https:\/\/www.guetersloh-marketing.de\/wp-content\/uploads\/2025\/09\/lesestadt-guetersloh-logo-lesestadt-232x300.png 232w, https:\/\/www.guetersloh-marketing.de\/wp-content\/uploads\/2025\/09\/lesestadt-guetersloh-logo-lesestadt-768x994.png 768w, https:\/\/www.guetersloh-marketing.de\/wp-content\/uploads\/2025\/09\/lesestadt-guetersloh-logo-lesestadt-9x12.png 9w, https:\/\/www.guetersloh-marketing.de\/wp-content\/uploads\/2025\/09\/lesestadt-guetersloh-logo-lesestadt-560x724.png 560w\" sizes=\"(max-width: 773px) 100vw, 773px\" \/>\t\t\t\t\t\t\t\t\t\t\t\t\t<\/div>\n\t\t\t\t<\/div>\n\t\t\t\t\t<\/div>\n\t\t<\/div>\n\t\t\t\t\t<\/div>\n\t\t<\/section>\n\t\t\t\t<section class=\"elementor-section elementor-top-section elementor-element elementor-element-bd02da9 elementor-section-boxed elementor-section-height-default elementor-section-height-default\" data-id=\"bd02da9\" data-element_type=\"section\">\n\t\t\t\t\t\t<div class=\"elementor-container elementor-column-gap-default\">\n\t\t\t\t\t<div class=\"elementor-column elementor-col-25 elementor-top-column elementor-element elementor-element-de93295\" data-id=\"de93295\" data-element_type=\"column\">\n\t\t\t<div class=\"elementor-widget-wrap\">\n\t\t\t\t\t\t\t<\/div>\n\t\t<\/div>\n\t\t\t\t<div class=\"elementor-column elementor-col-50 elementor-top-column elementor-element elementor-element-60f2f65\" data-id=\"60f2f65\" data-element_type=\"column\">\n\t\t\t<div class=\"elementor-widget-wrap elementor-element-populated\">\n\t\t\t\t\t\t<div class=\"elementor-element elementor-element-379ba0b elementor-widget__width-initial elementor-widget elementor-widget-image\" data-id=\"379ba0b\" data-element_type=\"widget\" data-widget_type=\"image.default\">\n\t\t\t\t<div class=\"elementor-widget-container\">\n\t\t\t<span id=\"379ba0b\"><\/span>\t\t\t\t\t\t\t\t\t\t\t<a href=\"https:\/\/www.bertelsmann.de\" target=\"_blank\">\n\t\t\t\t\t\t\t<img decoding=\"async\" width=\"800\" height=\"145\" src=\"https:\/\/www.guetersloh-marketing.de\/wp-content\/uploads\/2025\/09\/lesestadt-guetersloh-beag-logo-srgb-1024x186.jpg\" class=\"attachment-large size-large wp-image-51293\" alt=\"\" srcset=\"https:\/\/www.guetersloh-marketing.de\/wp-content\/uploads\/2025\/09\/lesestadt-guetersloh-beag-logo-srgb-1024x186.jpg 1024w, https:\/\/www.guetersloh-marketing.de\/wp-content\/uploads\/2025\/09\/lesestadt-guetersloh-beag-logo-srgb-300x55.jpg 300w, https:\/\/www.guetersloh-marketing.de\/wp-content\/uploads\/2025\/09\/lesestadt-guetersloh-beag-logo-srgb-768x140.jpg 768w, https:\/\/www.guetersloh-marketing.de\/wp-content\/uploads\/2025\/09\/lesestadt-guetersloh-beag-logo-srgb-1536x279.jpg 1536w, https:\/\/www.guetersloh-marketing.de\/wp-content\/uploads\/2025\/09\/lesestadt-guetersloh-beag-logo-srgb-18x3.jpg 18w, https:\/\/www.guetersloh-marketing.de\/wp-content\/uploads\/2025\/09\/lesestadt-guetersloh-beag-logo-srgb-560x102.jpg 560w, https:\/\/www.guetersloh-marketing.de\/wp-content\/uploads\/2025\/09\/lesestadt-guetersloh-beag-logo-srgb.jpg 1750w\" sizes=\"(max-width: 800px) 100vw, 800px\" \/>\t\t\t\t\t\t\t\t<\/a>\n\t\t\t\t\t\t\t\t\t\t\t\t\t<\/div>\n\t\t\t\t<\/div>\n\t\t\t\t\t<\/div>\n\t\t<\/div>\n\t\t\t\t<div class=\"elementor-column elementor-col-25 elementor-top-column elementor-element elementor-element-a3e54d1\" data-id=\"a3e54d1\" data-element_type=\"column\">\n\t\t\t<div class=\"elementor-widget-wrap\">\n\t\t\t\t\t\t\t<\/div>\n\t\t<\/div>\n\t\t\t\t\t<\/div>\n\t\t<\/section>\n\t\t\t\t<section class=\"elementor-section elementor-top-section elementor-element elementor-element-ee8f75b elementor-section-boxed elementor-section-height-default elementor-section-height-default\" data-id=\"ee8f75b\" data-element_type=\"section\">\n\t\t\t\t\t\t<div class=\"elementor-container elementor-column-gap-default\">\n\t\t\t\t\t<div class=\"elementor-column elementor-col-33 elementor-top-column elementor-element elementor-element-b693dab\" data-id=\"b693dab\" data-element_type=\"column\">\n\t\t\t<div class=\"elementor-widget-wrap\">\n\t\t\t\t\t\t\t<\/div>\n\t\t<\/div>\n\t\t\t\t<div class=\"elementor-column elementor-col-33 elementor-top-column elementor-element elementor-element-4a78d80\" data-id=\"4a78d80\" data-element_type=\"column\">\n\t\t\t<div class=\"elementor-widget-wrap elementor-element-populated\">\n\t\t\t\t\t\t<div class=\"elementor-element elementor-element-e2773c7 elementor-widget__width-initial elementor-widget elementor-widget-image\" data-id=\"e2773c7\" data-element_type=\"widget\" data-widget_type=\"image.default\">\n\t\t\t\t<div class=\"elementor-widget-container\">\n\t\t\t<span id=\"e2773c7\"><\/span>\t\t\t\t\t\t\t\t\t\t<img decoding=\"async\" width=\"800\" height=\"263\" src=\"https:\/\/www.guetersloh-marketing.de\/wp-content\/uploads\/2025\/09\/lesestadt-guetersloh-gtm-logo-3-4-1024x336.jpg\" class=\"attachment-large size-large wp-image-51296\" alt=\"\" srcset=\"https:\/\/www.guetersloh-marketing.de\/wp-content\/uploads\/2025\/09\/lesestadt-guetersloh-gtm-logo-3-4-1024x336.jpg 1024w, https:\/\/www.guetersloh-marketing.de\/wp-content\/uploads\/2025\/09\/lesestadt-guetersloh-gtm-logo-3-4-300x99.jpg 300w, https:\/\/www.guetersloh-marketing.de\/wp-content\/uploads\/2025\/09\/lesestadt-guetersloh-gtm-logo-3-4-768x252.jpg 768w, https:\/\/www.guetersloh-marketing.de\/wp-content\/uploads\/2025\/09\/lesestadt-guetersloh-gtm-logo-3-4-1536x505.jpg 1536w, https:\/\/www.guetersloh-marketing.de\/wp-content\/uploads\/2025\/09\/lesestadt-guetersloh-gtm-logo-3-4-18x6.jpg 18w, https:\/\/www.guetersloh-marketing.de\/wp-content\/uploads\/2025\/09\/lesestadt-guetersloh-gtm-logo-3-4-560x184.jpg 560w, https:\/\/www.guetersloh-marketing.de\/wp-content\/uploads\/2025\/09\/lesestadt-guetersloh-gtm-logo-3-4.jpg 1750w\" sizes=\"(max-width: 800px) 100vw, 800px\" \/>\t\t\t\t\t\t\t\t\t\t\t\t\t<\/div>\n\t\t\t\t<\/div>\n\t\t\t\t\t<\/div>\n\t\t<\/div>\n\t\t\t\t<div class=\"elementor-column elementor-col-33 elementor-top-column elementor-element elementor-element-4d817f4\" data-id=\"4d817f4\" data-element_type=\"column\">\n\t\t\t<div class=\"elementor-widget-wrap\">\n\t\t\t\t\t\t\t<\/div>\n\t\t<\/div>\n\t\t\t\t\t<\/div>\n\t\t<\/section>\n\t\t\t\t<section class=\"elementor-section elementor-top-section elementor-element elementor-element-729c638 elementor-section-boxed elementor-section-height-default elementor-section-height-default\" data-id=\"729c638\" data-element_type=\"section\">\n\t\t\t\t\t\t<div class=\"elementor-container elementor-column-gap-default\">\n\t\t\t\t\t<div class=\"elementor-column elementor-col-25 elementor-top-column elementor-element elementor-element-9fdc61c\" data-id=\"9fdc61c\" data-element_type=\"column\">\n\t\t\t<div class=\"elementor-widget-wrap\">\n\t\t\t\t\t\t\t<\/div>\n\t\t<\/div>\n\t\t\t\t<div class=\"elementor-column elementor-col-25 elementor-top-column elementor-element elementor-element-d566aea\" data-id=\"d566aea\" data-element_type=\"column\">\n\t\t\t<div class=\"elementor-widget-wrap elementor-element-populated\">\n\t\t\t\t\t\t<div class=\"elementor-element elementor-element-45b8cef elementor-widget__width-initial elementor-widget elementor-widget-image\" data-id=\"45b8cef\" data-element_type=\"widget\" data-widget_type=\"image.default\">\n\t\t\t\t<div class=\"elementor-widget-container\">\n\t\t\t<span id=\"45b8cef\"><\/span>\t\t\t\t\t\t\t\t\t\t<img loading=\"lazy\" decoding=\"async\" width=\"300\" height=\"60\" src=\"https:\/\/www.guetersloh-marketing.de\/wp-content\/uploads\/2025\/09\/lesestadt-guetersloh-tt-territory-rgb-color-positv-300ppi-300x60.png\" class=\"attachment-medium size-medium wp-image-51294\" alt=\"\" srcset=\"https:\/\/www.guetersloh-marketing.de\/wp-content\/uploads\/2025\/09\/lesestadt-guetersloh-tt-territory-rgb-color-positv-300ppi-300x60.png 300w, https:\/\/www.guetersloh-marketing.de\/wp-content\/uploads\/2025\/09\/lesestadt-guetersloh-tt-territory-rgb-color-positv-300ppi-1024x204.png 1024w, https:\/\/www.guetersloh-marketing.de\/wp-content\/uploads\/2025\/09\/lesestadt-guetersloh-tt-territory-rgb-color-positv-300ppi-768x153.png 768w, https:\/\/www.guetersloh-marketing.de\/wp-content\/uploads\/2025\/09\/lesestadt-guetersloh-tt-territory-rgb-color-positv-300ppi-18x4.png 18w, https:\/\/www.guetersloh-marketing.de\/wp-content\/uploads\/2025\/09\/lesestadt-guetersloh-tt-territory-rgb-color-positv-300ppi-560x112.png 560w, https:\/\/www.guetersloh-marketing.de\/wp-content\/uploads\/2025\/09\/lesestadt-guetersloh-tt-territory-rgb-color-positv-300ppi.png 1207w\" sizes=\"(max-width: 300px) 100vw, 300px\" \/>\t\t\t\t\t\t\t\t\t\t\t\t\t<\/div>\n\t\t\t\t<\/div>\n\t\t\t\t\t<\/div>\n\t\t<\/div>\n\t\t\t\t<div class=\"elementor-column elementor-col-25 elementor-top-column elementor-element elementor-element-9394565\" data-id=\"9394565\" data-element_type=\"column\">\n\t\t\t<div class=\"elementor-widget-wrap elementor-element-populated\">\n\t\t\t\t\t\t<div class=\"elementor-element elementor-element-8e8e8b1 elementor-widget__width-initial elementor-widget elementor-widget-image\" data-id=\"8e8e8b1\" data-element_type=\"widget\" data-widget_type=\"image.default\">\n\t\t\t\t<div class=\"elementor-widget-container\">\n\t\t\t<span id=\"8e8e8b1\"><\/span>\t\t\t\t\t\t\t\t\t\t<img loading=\"lazy\" decoding=\"async\" width=\"800\" height=\"213\" src=\"https:\/\/www.guetersloh-marketing.de\/wp-content\/uploads\/2025\/09\/lesestadt-guetersloh-logo-stabi-gt-1024x272.jpg\" class=\"attachment-large size-large wp-image-51295\" alt=\"\" srcset=\"https:\/\/www.guetersloh-marketing.de\/wp-content\/uploads\/2025\/09\/lesestadt-guetersloh-logo-stabi-gt-1024x272.jpg 1024w, https:\/\/www.guetersloh-marketing.de\/wp-content\/uploads\/2025\/09\/lesestadt-guetersloh-logo-stabi-gt-300x80.jpg 300w, https:\/\/www.guetersloh-marketing.de\/wp-content\/uploads\/2025\/09\/lesestadt-guetersloh-logo-stabi-gt-768x204.jpg 768w, https:\/\/www.guetersloh-marketing.de\/wp-content\/uploads\/2025\/09\/lesestadt-guetersloh-logo-stabi-gt-1536x407.jpg 1536w, https:\/\/www.guetersloh-marketing.de\/wp-content\/uploads\/2025\/09\/lesestadt-guetersloh-logo-stabi-gt-18x5.jpg 18w, https:\/\/www.guetersloh-marketing.de\/wp-content\/uploads\/2025\/09\/lesestadt-guetersloh-logo-stabi-gt-560x148.jpg 560w, https:\/\/www.guetersloh-marketing.de\/wp-content\/uploads\/2025\/09\/lesestadt-guetersloh-logo-stabi-gt.jpg 1750w\" sizes=\"(max-width: 800px) 100vw, 800px\" \/>\t\t\t\t\t\t\t\t\t\t\t\t\t<\/div>\n\t\t\t\t<\/div>\n\t\t\t\t\t<\/div>\n\t\t<\/div>\n\t\t\t\t<div class=\"elementor-column elementor-col-25 elementor-top-column elementor-element elementor-element-baa5636\" data-id=\"baa5636\" data-element_type=\"column\">\n\t\t\t<div class=\"elementor-widget-wrap\">\n\t\t\t\t\t\t\t<\/div>\n\t\t<\/div>\n\t\t\t\t\t<\/div>\n\t\t<\/section>\n\t\t\t\t<section class=\"elementor-section elementor-top-section elementor-element elementor-element-92028db elementor-section-boxed elementor-section-height-default elementor-section-height-default\" data-id=\"92028db\" data-element_type=\"section\">\n\t\t\t\t\t\t<div class=\"elementor-container elementor-column-gap-default\">\n\t\t\t\t\t<div class=\"elementor-column elementor-col-100 elementor-top-column elementor-element elementor-element-bb83cb5\" data-id=\"bb83cb5\" data-element_type=\"column\">\n\t\t\t<div class=\"elementor-widget-wrap elementor-element-populated\">\n\t\t\t\t\t\t<div class=\"elementor-element elementor-element-95d5f2e elementor-widget elementor-widget-spacer\" data-id=\"95d5f2e\" data-element_type=\"widget\" data-widget_type=\"spacer.default\">\n\t\t\t\t<div class=\"elementor-widget-container\">\n\t\t\t<span id=\"95d5f2e\"><\/span>\t\t<div class=\"elementor-spacer\">\n\t\t\t<div class=\"elementor-spacer-inner\"><\/div>\n\t\t<\/div>\n\t\t\t\t<\/div>\n\t\t\t\t<\/div>\n\t\t\t\t\t<\/div>\n\t\t<\/div>\n\t\t\t\t\t<\/div>\n\t\t<\/section>\n\t\t\t\t<section class=\"elementor-section elementor-top-section elementor-element elementor-element-4b4c763 elementor-section-boxed elementor-section-height-default elementor-section-height-default\" data-id=\"4b4c763\" data-element_type=\"section\">\n\t\t\t\t\t\t<div class=\"elementor-container elementor-column-gap-default\">\n\t\t\t\t\t<div class=\"elementor-column elementor-col-100 elementor-top-column elementor-element elementor-element-2e7810d5\" data-id=\"2e7810d5\" data-element_type=\"column\">\n\t\t\t<div class=\"elementor-widget-wrap elementor-element-populated\">\n\t\t\t\t\t\t<div class=\"elementor-element elementor-element-bca7347 elementor-icon-list--layout-inline elementor-align-center elementor-list-item-link-full_width elementor-widget elementor-widget-icon-list\" data-id=\"bca7347\" data-element_type=\"widget\" data-widget_type=\"icon-list.default\">\n\t\t\t\t<div class=\"elementor-widget-container\">\n\t\t\t<span id=\"bca7347\"><\/span>\t\t<ul class=\"elementor-icon-list-items elementor-inline-items\">\n\t\t\t\t\t\t\t<li class=\"elementor-icon-list-item elementor-inline-item\">\n\t\t\t\t\t\t\t\t\t\t\t<span class=\"elementor-icon-list-icon\">\n\t\t\t\t\t\t\t<i aria-hidden=\"true\" class=\"far fa-copyright\"><\/i>\t\t\t\t\t\t<\/span>\n\t\t\t\t\t\t\t\t\t\t<span class=\"elementor-icon-list-text\"> Cover photo: Kai Uwe Oesterhelweg<\/span>\n\t\t\t\t\t\t\t\t\t<\/li>\n\t\t\t\t\t\t<\/ul>\n\t\t\t\t<\/div>\n\t\t\t\t<\/div>\n\t\t\t\t<div class=\"elementor-element elementor-element-7d557145 elementor-widget elementor-widget-spacer\" data-id=\"7d557145\" data-element_type=\"widget\" data-widget_type=\"spacer.default\">\n\t\t\t\t<div class=\"elementor-widget-container\">\n\t\t\t<span id=\"7d557145\"><\/span>\t\t<div class=\"elementor-spacer\">\n\t\t\t<div class=\"elementor-spacer-inner\"><\/div>\n\t\t<\/div>\n\t\t\t\t<\/div>\n\t\t\t\t<\/div>\n\t\t\t\t\t<\/div>\n\t\t<\/div>\n\t\t\t\t\t<\/div>\n\t\t<\/section>\n\t\t\t\t<\/div>","protected":false},"excerpt":{"rendered":"<p>Lesestadt G\u00fctersloh Die Lesestadt verwandelt die Stadt in einen lebendigen Treffpunkt f\u00fcr Literaturbegeisterte. Mit zahlreichen [&hellip;]<\/p>\n","protected":false},"author":19,"featured_media":51648,"parent":23702,"menu_order":8,"comment_status":"closed","ping_status":"closed","template":"","meta":{"_acf_changed":false,"footnotes":""},"categories":[],"competences":[],"class_list":["post-50975","page","type-page","status-publish","has-post-thumbnail","hentry"],"acf":[],"_links":{"self":[{"href":"https:\/\/www.guetersloh-marketing.de\/en\/wp-json\/wp\/v2\/pages\/50975","targetHints":{"allow":["GET"]}}],"collection":[{"href":"https:\/\/www.guetersloh-marketing.de\/en\/wp-json\/wp\/v2\/pages"}],"about":[{"href":"https:\/\/www.guetersloh-marketing.de\/en\/wp-json\/wp\/v2\/types\/page"}],"author":[{"embeddable":true,"href":"https:\/\/www.guetersloh-marketing.de\/en\/wp-json\/wp\/v2\/users\/19"}],"replies":[{"embeddable":true,"href":"https:\/\/www.guetersloh-marketing.de\/en\/wp-json\/wp\/v2\/comments?post=50975"}],"version-history":[{"count":89,"href":"https:\/\/www.guetersloh-marketing.de\/en\/wp-json\/wp\/v2\/pages\/50975\/revisions"}],"predecessor-version":[{"id":53387,"href":"https:\/\/www.guetersloh-marketing.de\/en\/wp-json\/wp\/v2\/pages\/50975\/revisions\/53387"}],"up":[{"embeddable":true,"href":"https:\/\/www.guetersloh-marketing.de\/en\/wp-json\/wp\/v2\/pages\/23702"}],"wp:featuredmedia":[{"embeddable":true,"href":"https:\/\/www.guetersloh-marketing.de\/en\/wp-json\/wp\/v2\/media\/51648"}],"wp:attachment":[{"href":"https:\/\/www.guetersloh-marketing.de\/en\/wp-json\/wp\/v2\/media?parent=50975"}],"wp:term":[{"taxonomy":"category","embeddable":true,"href":"https:\/\/www.guetersloh-marketing.de\/en\/wp-json\/wp\/v2\/categories?post=50975"},{"taxonomy":"competences","embeddable":true,"href":"https:\/\/www.guetersloh-marketing.de\/en\/wp-json\/wp\/v2\/competences?post=50975"}],"curies":[{"name":"wp","href":"https:\/\/api.w.org\/{rel}","templated":true}]}}