{"id":46614,"date":"2024-07-01T00:25:00","date_gmt":"2024-08-11T22:25:29","guid":{"rendered":"https:\/\/www.guetersloh-marketing.de\/?page_id=46614"},"modified":"2026-01-12T13:15:56","modified_gmt":"2026-01-12T12:15:56","slug":"gutersloher-herbst","status":"publish","type":"page","link":"https:\/\/www.guetersloh-marketing.de\/en\/projektseiten\/gutersloher-herbst\/","title":{"rendered":"G\u00fctersloh Autumn"},"content":{"rendered":"<div data-elementor-type=\"wp-page\" data-elementor-id=\"46614\" class=\"elementor elementor-46614\" data-elementor-post-type=\"page\">\n\t\t\t\t\t\t<section class=\"elementor-section elementor-top-section elementor-element elementor-element-42503a8 elementor-section-boxed elementor-section-height-default elementor-section-height-default\" data-id=\"42503a8\" data-element_type=\"section\">\n\t\t\t\t\t\t<div class=\"elementor-container elementor-column-gap-default\">\n\t\t\t\t\t<div class=\"elementor-column elementor-col-100 elementor-top-column elementor-element elementor-element-20a9c1b\" data-id=\"20a9c1b\" data-element_type=\"column\">\n\t\t\t<div class=\"elementor-widget-wrap elementor-element-populated\">\n\t\t\t\t\t\t<div class=\"elementor-element elementor-element-9fec443 elementor-widget elementor-widget-spacer\" data-id=\"9fec443\" data-element_type=\"widget\" data-widget_type=\"spacer.default\">\n\t\t\t\t<div class=\"elementor-widget-container\">\n\t\t\t<span id=\"9fec443\"><\/span>\t\t<div class=\"elementor-spacer\">\n\t\t\t<div class=\"elementor-spacer-inner\"><\/div>\n\t\t<\/div>\n\t\t\t\t<\/div>\n\t\t\t\t<\/div>\n\t\t\t\t\t<\/div>\n\t\t<\/div>\n\t\t\t\t\t<\/div>\n\t\t<\/section>\n\t\t\t\t<section class=\"elementor-section elementor-top-section elementor-element elementor-element-cec9593 elementor-section-boxed elementor-section-height-default elementor-section-height-default\" data-id=\"cec9593\" data-element_type=\"section\">\n\t\t\t\t\t\t<div class=\"elementor-container elementor-column-gap-default\">\n\t\t\t\t\t<div class=\"elementor-column elementor-col-100 elementor-top-column elementor-element elementor-element-ac67b63\" data-id=\"ac67b63\" data-element_type=\"column\">\n\t\t\t<div class=\"elementor-widget-wrap elementor-element-populated\">\n\t\t\t\t\t\t<div class=\"elementor-element elementor-element-fddce8e elementor-widget elementor-widget-heading\" data-id=\"fddce8e\" data-element_type=\"widget\" data-widget_type=\"heading.default\">\n\t\t\t\t<div class=\"elementor-widget-container\">\n\t\t\t<span id=\"fddce8e\"><\/span><h2 class=\"elementor-heading-title elementor-size-default\">G\u00fctersloh Autumn<\/h2>\t\t<\/div>\n\t\t\t\t<\/div>\n\t\t\t\t\t<\/div>\n\t\t<\/div>\n\t\t\t\t\t<\/div>\n\t\t<\/section>\n\t\t\t\t<section class=\"elementor-section elementor-top-section elementor-element elementor-element-9184c80 elementor-section-boxed elementor-section-height-default elementor-section-height-default\" data-id=\"9184c80\" data-element_type=\"section\">\n\t\t\t\t\t\t<div class=\"elementor-container elementor-column-gap-default\">\n\t\t\t\t\t<div class=\"elementor-column elementor-col-50 elementor-top-column elementor-element elementor-element-3f2a966\" data-id=\"3f2a966\" data-element_type=\"column\">\n\t\t\t<div class=\"elementor-widget-wrap elementor-element-populated\">\n\t\t\t\t\t\t<div class=\"elementor-element elementor-element-8db7f16 elementor-widget elementor-widget-text-editor\" data-id=\"8db7f16\" data-element_type=\"widget\" data-widget_type=\"text-editor.default\">\n\t\t\t\t<div class=\"elementor-widget-container\">\n\t\t\t<span id=\"8db7f16\"><\/span>\t\t\t\t<p>Am ersten Novemberwochenende l\u00e4dt der G\u00fctersloher Herbst mit einer Vielzahl an Aktionen in die Innenstadt ein. Von stimmungsvollen Formaten wie Herbstgl\u00fchen \u00fcber einen abwechslungsreichen Herbstmarkt bis hin zum verkaufsoffenen Sonntag mit einer gro\u00dfem Open Air Variet\u00e9 bietet die Veranstaltung ein vielf\u00e4ltiges Erlebnisangebot. Der G\u00fctersloher Herbst verbindet herbstliche Atmosph\u00e4re mit Einkauf, Genuss und Unterhaltung und macht die Innenstadt an diesem Wochenende zu einem lebendigen Treffpunkt.<\/p>\t\t\t\t\t\t<\/div>\n\t\t\t\t<\/div>\n\t\t\t\t<div class=\"elementor-element elementor-element-a0dea08 elementor-view-default elementor-position-top elementor-mobile-position-top elementor-widget elementor-widget-icon-box\" data-id=\"a0dea08\" data-element_type=\"widget\" data-widget_type=\"icon-box.default\">\n\t\t\t\t<div class=\"elementor-widget-container\">\n\t\t\t<span id=\"a0dea08\"><\/span>\t\t<div class=\"elementor-icon-box-wrapper\">\n\n\t\t\t\t\t\t<div class=\"elementor-icon-box-icon\">\n\t\t\t\t<span  class=\"elementor-icon elementor-animation-\">\n\t\t\t\t<i aria-hidden=\"true\" class=\"far fa-calendar-alt\"><\/i>\t\t\t\t<\/span>\n\t\t\t<\/div>\n\t\t\t\n\t\t\t\t\t\t<div class=\"elementor-icon-box-content\">\n\n\t\t\t\t\t\t\t\t\t<h3 class=\"elementor-icon-box-title\">\n\t\t\t\t\t\t<span  >\n\t\t\t\t\t\t\t07. und 08.11.2026\t\t\t\t\t\t<\/span>\n\t\t\t\t\t<\/h3>\n\t\t\t\t\n\t\t\t\t\t\t\t\t\t<p class=\"elementor-icon-box-description\">\n\t\t\t\t\t\tShopping Sunday\t\t\t\t\t<\/p>\n\t\t\t\t\n\t\t\t<\/div>\n\t\t\t\n\t\t<\/div>\n\t\t\t\t<\/div>\n\t\t\t\t<\/div>\n\t\t\t\t<div class=\"elementor-element elementor-element-e7863e6 elementor-widget elementor-widget-spacer\" data-id=\"e7863e6\" data-element_type=\"widget\" data-widget_type=\"spacer.default\">\n\t\t\t\t<div class=\"elementor-widget-container\">\n\t\t\t<span id=\"e7863e6\"><\/span>\t\t<div class=\"elementor-spacer\">\n\t\t\t<div class=\"elementor-spacer-inner\"><\/div>\n\t\t<\/div>\n\t\t\t\t<\/div>\n\t\t\t\t<\/div>\n\t\t\t\t\t<\/div>\n\t\t<\/div>\n\t\t\t\t<div class=\"elementor-column elementor-col-50 elementor-top-column elementor-element elementor-element-ab2d703\" data-id=\"ab2d703\" data-element_type=\"column\">\n\t\t\t<div class=\"elementor-widget-wrap elementor-element-populated\">\n\t\t\t\t\t\t<div class=\"elementor-element elementor-element-bb5bc7d elementor-widget elementor-widget-image\" data-id=\"bb5bc7d\" data-element_type=\"widget\" data-widget_type=\"image.default\">\n\t\t\t\t<div class=\"elementor-widget-container\">\n\t\t\t<span id=\"bb5bc7d\"><\/span>\t\t\t\t\t\t\t\t\t\t<img fetchpriority=\"high\" decoding=\"async\" width=\"768\" height=\"512\" src=\"https:\/\/www.guetersloh-marketing.de\/wp-content\/uploads\/2026\/01\/guetersloher-herbst-walking-act--lena-descher-0596-768x512.jpg\" class=\"attachment-medium_large size-medium_large wp-image-53552\" alt=\"Menschenmenge mit festlichen Lichtern und Luftballon-Darstellungen\" srcset=\"https:\/\/www.guetersloh-marketing.de\/wp-content\/uploads\/2026\/01\/guetersloher-herbst-walking-act--lena-descher-0596-768x512.jpg 768w, https:\/\/www.guetersloh-marketing.de\/wp-content\/uploads\/2026\/01\/guetersloher-herbst-walking-act--lena-descher-0596-300x200.jpg 300w, https:\/\/www.guetersloh-marketing.de\/wp-content\/uploads\/2026\/01\/guetersloher-herbst-walking-act--lena-descher-0596-1024x683.jpg 1024w, https:\/\/www.guetersloh-marketing.de\/wp-content\/uploads\/2026\/01\/guetersloher-herbst-walking-act--lena-descher-0596-18x12.jpg 18w, https:\/\/www.guetersloh-marketing.de\/wp-content\/uploads\/2026\/01\/guetersloher-herbst-walking-act--lena-descher-0596-560x373.jpg 560w, https:\/\/www.guetersloh-marketing.de\/wp-content\/uploads\/2026\/01\/guetersloher-herbst-walking-act--lena-descher-0596.jpg 1500w\" sizes=\"(max-width: 768px) 100vw, 768px\" \/>\t\t\t\t\t\t\t\t\t\t\t\t\t<\/div>\n\t\t\t\t<\/div>\n\t\t\t\t\t<\/div>\n\t\t<\/div>\n\t\t\t\t\t<\/div>\n\t\t<\/section>\n\t\t\t\t<section class=\"elementor-section elementor-top-section elementor-element elementor-element-62c472b elementor-section-boxed elementor-section-height-default elementor-section-height-default\" data-id=\"62c472b\" data-element_type=\"section\">\n\t\t\t\t\t\t<div class=\"elementor-container elementor-column-gap-default\">\n\t\t\t\t\t<div class=\"elementor-column elementor-col-100 elementor-top-column elementor-element elementor-element-995bf3b\" data-id=\"995bf3b\" data-element_type=\"column\">\n\t\t\t<div class=\"elementor-widget-wrap elementor-element-populated\">\n\t\t\t\t\t\t<div class=\"elementor-element elementor-element-dc71be8 elementor-widget elementor-widget-spacer\" data-id=\"dc71be8\" data-element_type=\"widget\" data-widget_type=\"spacer.default\">\n\t\t\t\t<div class=\"elementor-widget-container\">\n\t\t\t<span id=\"dc71be8\"><\/span>\t\t<div class=\"elementor-spacer\">\n\t\t\t<div class=\"elementor-spacer-inner\"><\/div>\n\t\t<\/div>\n\t\t\t\t<\/div>\n\t\t\t\t<\/div>\n\t\t\t\t\t<\/div>\n\t\t<\/div>\n\t\t\t\t\t<\/div>\n\t\t<\/section>\n\t\t\t\t<\/div>","protected":false},"excerpt":{"rendered":"<p>The first weekend in November in G\u00fctersloh awaits visitors with a variety of activities in the city center. From autumn glow and wine shopping to an autumn market and an open Sunday with a big variety show, there is something for everyone at G\u00fctersloh Autumn.<\/p>","protected":false},"author":26,"featured_media":47181,"parent":23702,"menu_order":10,"comment_status":"closed","ping_status":"closed","template":"","meta":{"_acf_changed":false,"footnotes":""},"categories":[],"competences":[],"class_list":["post-46614","page","type-page","status-publish","has-post-thumbnail","hentry"],"acf":[],"_links":{"self":[{"href":"https:\/\/www.guetersloh-marketing.de\/en\/wp-json\/wp\/v2\/pages\/46614","targetHints":{"allow":["GET"]}}],"collection":[{"href":"https:\/\/www.guetersloh-marketing.de\/en\/wp-json\/wp\/v2\/pages"}],"about":[{"href":"https:\/\/www.guetersloh-marketing.de\/en\/wp-json\/wp\/v2\/types\/page"}],"author":[{"embeddable":true,"href":"https:\/\/www.guetersloh-marketing.de\/en\/wp-json\/wp\/v2\/users\/26"}],"replies":[{"embeddable":true,"href":"https:\/\/www.guetersloh-marketing.de\/en\/wp-json\/wp\/v2\/comments?post=46614"}],"version-history":[{"count":103,"href":"https:\/\/www.guetersloh-marketing.de\/en\/wp-json\/wp\/v2\/pages\/46614\/revisions"}],"predecessor-version":[{"id":53589,"href":"https:\/\/www.guetersloh-marketing.de\/en\/wp-json\/wp\/v2\/pages\/46614\/revisions\/53589"}],"up":[{"embeddable":true,"href":"https:\/\/www.guetersloh-marketing.de\/en\/wp-json\/wp\/v2\/pages\/23702"}],"wp:featuredmedia":[{"embeddable":true,"href":"https:\/\/www.guetersloh-marketing.de\/en\/wp-json\/wp\/v2\/media\/47181"}],"wp:attachment":[{"href":"https:\/\/www.guetersloh-marketing.de\/en\/wp-json\/wp\/v2\/media?parent=46614"}],"wp:term":[{"taxonomy":"category","embeddable":true,"href":"https:\/\/www.guetersloh-marketing.de\/en\/wp-json\/wp\/v2\/categories?post=46614"},{"taxonomy":"competences","embeddable":true,"href":"https:\/\/www.guetersloh-marketing.de\/en\/wp-json\/wp\/v2\/competences?post=46614"}],"curies":[{"name":"wp","href":"https:\/\/api.w.org\/{rel}","templated":true}]}}