{"id":44632,"date":"2023-01-01T10:56:00","date_gmt":"2024-03-22T09:56:06","guid":{"rendered":"https:\/\/www.guetersloh-marketing.de\/?page_id=44632"},"modified":"2026-01-06T15:36:51","modified_gmt":"2026-01-06T14:36:51","slug":"stadtjubilaeum-2025","status":"publish","type":"page","link":"https:\/\/www.guetersloh-marketing.de\/en\/projektseiten\/stadtjubilaeum-2025\/","title":{"rendered":"City anniversary 2025"},"content":{"rendered":"<div data-elementor-type=\"wp-page\" data-elementor-id=\"44632\" class=\"elementor elementor-44632\" data-elementor-post-type=\"page\">\n\t\t\t\t\t\t<section class=\"elementor-section elementor-top-section elementor-element elementor-element-a3fc3ad elementor-section-boxed elementor-section-height-default elementor-section-height-default\" data-id=\"a3fc3ad\" data-element_type=\"section\">\n\t\t\t\t\t\t<div class=\"elementor-container elementor-column-gap-default\">\n\t\t\t\t\t<div class=\"elementor-column elementor-col-100 elementor-top-column elementor-element elementor-element-f48db9a\" data-id=\"f48db9a\" data-element_type=\"column\">\n\t\t\t<div class=\"elementor-widget-wrap elementor-element-populated\">\n\t\t\t\t\t\t<div class=\"elementor-element elementor-element-837cf0b elementor-widget elementor-widget-spacer\" data-id=\"837cf0b\" data-element_type=\"widget\" data-widget_type=\"spacer.default\">\n\t\t\t\t<div class=\"elementor-widget-container\">\n\t\t\t<span id=\"837cf0b\"><\/span>\t\t<div class=\"elementor-spacer\">\n\t\t\t<div class=\"elementor-spacer-inner\"><\/div>\n\t\t<\/div>\n\t\t\t\t<\/div>\n\t\t\t\t<\/div>\n\t\t\t\t\t<\/div>\n\t\t<\/div>\n\t\t\t\t\t<\/div>\n\t\t<\/section>\n\t\t\t\t<section class=\"elementor-section elementor-top-section elementor-element elementor-element-2042bf3 elementor-section-boxed elementor-section-height-default elementor-section-height-default\" data-id=\"2042bf3\" data-element_type=\"section\">\n\t\t\t\t\t\t<div class=\"elementor-container elementor-column-gap-default\">\n\t\t\t\t\t<div class=\"elementor-column elementor-col-66 elementor-top-column elementor-element elementor-element-3031309\" data-id=\"3031309\" data-element_type=\"column\">\n\t\t\t<div class=\"elementor-widget-wrap elementor-element-populated\">\n\t\t\t\t\t\t<div class=\"elementor-element elementor-element-b45ddcd elementor-widget elementor-widget-heading\" data-id=\"b45ddcd\" data-element_type=\"widget\" data-widget_type=\"heading.default\">\n\t\t\t\t<div class=\"elementor-widget-container\">\n\t\t\t<span id=\"b45ddcd\"><\/span><h2 class=\"elementor-heading-title elementor-size-default\">G\u00fctersloh feierte 2025 Stadtjubil\u00e4um \u2013 DANKE f\u00fcr ein buntes Jahr!<\/h2>\t\t<\/div>\n\t\t\t\t<\/div>\n\t\t\t\t<div class=\"elementor-element elementor-element-49c5da7 elementor-widget elementor-widget-text-editor\" data-id=\"49c5da7\" data-element_type=\"widget\" data-widget_type=\"text-editor.default\">\n\t\t\t\t<div class=\"elementor-widget-container\">\n\t\t\t<span id=\"49c5da7\"><\/span>\t\t\t\t<p>2025 feierte G\u00fctersloh 200 Jahre Stadtrechte. Zu diesem Anlass erwarteten die B\u00fcrger*innen 200 Highlights, mit denen die Vielfalt G\u00fcterslohs gefeiert wurde. Auch zahlreiche Privatpersonen, Vereine und Gruppen konnten sich mit ihren Ideen auf F\u00f6rdermittel zur Umsetzung ihres Projekts bewerben und gestalten so das Jubil\u00e4umsprogramm aktiv mit. Denn das Stadtjubil\u00e4um sollte vor allem ein Fest von B\u00fcrger*innen f\u00fcr B\u00fcrger*innen werden.<\/p>\t\t\t\t\t\t<\/div>\n\t\t\t\t<\/div>\n\t\t\t\t<div class=\"elementor-element elementor-element-333772e elementor-widget elementor-widget-text-editor\" data-id=\"333772e\" data-element_type=\"widget\" data-widget_type=\"text-editor.default\">\n\t\t\t\t<div class=\"elementor-widget-container\">\n\t\t\t<span id=\"333772e\"><\/span>\t\t\t\t<h5>Download the logo<\/h5><p>The logo is protected by copyright and may be used privately without permission, but commercial use is only permitted with the written permission of G\u00fctersloh Marketing GmbH. Racist, anti-constitutional or similar uses are prohibited. G\u00fctersloh Marketing GmbH is not liable for any damage caused by downloading or using the logo<\/p>\t\t\t\t\t\t<\/div>\n\t\t\t\t<\/div>\n\t\t\t\t<div class=\"elementor-element elementor-element-268c885 elementor-align-center elementor-widget__width-initial elementor-widget elementor-widget-cgu-download-box\" data-id=\"268c885\" data-element_type=\"widget\" data-widget_type=\"cgu-download-box.default\">\n\t\t\t\t<div class=\"elementor-widget-container\">\n\t\t\t<span id=\"268c885\"><\/span>\t\t<style>.elementor-widget-cgu-download-box .elementor-button strong {font-size:1.5rem;}<\/style>\n\t\t<div class=\"elementor-button-wrapper\">\n\t\t\t<a href=\"https:\/\/www.guetersloh-marketing.de\/wp-content\/uploads\/2024\/07\/stadtjubilaeum-2025-logo-200jgt-rgb.png\" class=\"elementor-button-link elementor-button elementor-size-sm\" download=\"\" role=\"button\">\n\t\t\t\t\t\t<style>.elementor-widget-cgu-download-box .elementor-button strong {font-size:1.5rem;}<\/style>\n\t\t<span class=\"elementor-button-content-wrapper\">\n\t\t\t\t\t\t<span class=\"elementor-button-icon elementor-align-icon-left\">\n\t\t\t\t<i aria-hidden=\"true\" style=\"font-size: 3.5rem;\" class=\"fas fa-arrow-circle-down\"><\/i>\t\t\t<\/span>\n\t\t\t\t\t\t<span class=\"elementor-button-text\" style=\"text-align: left;\">\n\t\t\t\t<strong class=\"elementor-icon-box-title\">City anniversary logo<\/strong><br>\n\t\t\t\t<span class=\"elementor-button-description\" style=\"font-size: 1.2rem; -webkit-filter: brightness(0.95); filter: brightness(0.95);\">Click here (250.92 KB)<\/span>\n\t\t\t<\/span>\n\t\t<\/span>\n\t\t\t\t\t<\/a>\n\t\t<\/div>\n\t\t\t\t<\/div>\n\t\t\t\t<\/div>\n\t\t\t\t\t<\/div>\n\t\t<\/div>\n\t\t\t\t<div class=\"elementor-column elementor-col-33 elementor-top-column elementor-element elementor-element-abfde2a\" data-id=\"abfde2a\" data-element_type=\"column\">\n\t\t\t<div class=\"elementor-widget-wrap elementor-element-populated\">\n\t\t\t\t\t\t<div class=\"elementor-element elementor-element-5bceb0b elementor-widget elementor-widget-image\" data-id=\"5bceb0b\" data-element_type=\"widget\" data-widget_type=\"image.default\">\n\t\t\t\t<div class=\"elementor-widget-container\">\n\t\t\t<span id=\"5bceb0b\"><\/span>\t\t\t\t\t\t\t\t\t\t<img fetchpriority=\"high\" decoding=\"async\" width=\"300\" height=\"237\" src=\"https:\/\/www.guetersloh-marketing.de\/wp-content\/uploads\/2024\/07\/stadtjubilaeum-2025-logo-200jgt-rgb-1-300x237.png\" class=\"attachment-medium size-medium wp-image-45970\" alt=\"\" srcset=\"https:\/\/www.guetersloh-marketing.de\/wp-content\/uploads\/2024\/07\/stadtjubilaeum-2025-logo-200jgt-rgb-1-300x237.png 300w, https:\/\/www.guetersloh-marketing.de\/wp-content\/uploads\/2024\/07\/stadtjubilaeum-2025-logo-200jgt-rgb-1-1024x808.png 1024w, https:\/\/www.guetersloh-marketing.de\/wp-content\/uploads\/2024\/07\/stadtjubilaeum-2025-logo-200jgt-rgb-1-768x606.png 768w, https:\/\/www.guetersloh-marketing.de\/wp-content\/uploads\/2024\/07\/stadtjubilaeum-2025-logo-200jgt-rgb-1-15x12.png 15w, https:\/\/www.guetersloh-marketing.de\/wp-content\/uploads\/2024\/07\/stadtjubilaeum-2025-logo-200jgt-rgb-1-560x442.png 560w, https:\/\/www.guetersloh-marketing.de\/wp-content\/uploads\/2024\/07\/stadtjubilaeum-2025-logo-200jgt-rgb-1.png 1267w\" sizes=\"(max-width: 300px) 100vw, 300px\" \/>\t\t\t\t\t\t\t\t\t\t\t\t\t<\/div>\n\t\t\t\t<\/div>\n\t\t\t\t<div class=\"elementor-element elementor-element-7d27d87 elementor-widget elementor-widget-elementor-contact-extension\" data-id=\"7d27d87\" data-element_type=\"widget\" data-widget_type=\"elementor-contact-extension.default\">\n\t\t\t\t<div class=\"elementor-widget-container\">\n\t\t\t<span id=\"7d27d87\"><\/span><div class=\"ansprechpartner-elementor-widget\"><div class=\"row\">\r\n<div class=\"col-md-12\">\r\n    <figure class=\"authorPhoto\">\r\n\t\t\t<img decoding=\"async\" width=\"253\" height=\"380\" src=\"https:\/\/www.guetersloh-marketing.de\/wp-content\/uploads\/2025\/01\/heidi-grefer-christina-junkerkalefeld--matheus-fernandez.jpg\" class=\"attachment-380x380 size-380x380 wp-post-image\" alt=\"Christina Junkerkalefeld\" srcset=\"https:\/\/www.guetersloh-marketing.de\/wp-content\/uploads\/2025\/01\/heidi-grefer-christina-junkerkalefeld--matheus-fernandez.jpg 667w, https:\/\/www.guetersloh-marketing.de\/wp-content\/uploads\/2025\/01\/heidi-grefer-christina-junkerkalefeld--matheus-fernandez-200x300.jpg 200w, https:\/\/www.guetersloh-marketing.de\/wp-content\/uploads\/2025\/01\/heidi-grefer-christina-junkerkalefeld--matheus-fernandez-8x12.jpg 8w, https:\/\/www.guetersloh-marketing.de\/wp-content\/uploads\/2025\/01\/heidi-grefer-christina-junkerkalefeld--matheus-fernandez-560x840.jpg 560w\" sizes=\"(max-width: 253px) 100vw, 253px\" \/>\t\t<\/figure>    <div class=\"authorContact\">\r\n        \r\n\t\t\r\n\t\t\t\t\t\t<span class=\"authorName\"><a href=\"https:\/\/www.guetersloh-marketing.de\/en\/blog\/blogger\/christina-junkerkalefeld-2\/\">Christina Junkerkalefeld<\/a><\/span>\t\t\r\n\t\t\t\t\t\r\n        <span class=\"authorPosition\"><\/span>\r\n        <span class=\"authorDepartment\">Management<\/span>\r\n                    <span class=\"authorTel\">Phone: <a\r\n                    href=\"tel:05241 211 36 0\">05241 211 36 0<\/a><\/span>\r\n                   \r\n            <span class=\"authorEmail\">E-mail: <a\r\n                    href=\"mailto:&#99;ity&#109;ana&#103;&#101;&#109;&#101;&#110;&#116;&#64;g&#117;eter&#115;&#108;&#111;h&#45;marke&#116;&#105;&#110;g&#46;&#100;e?subject=\">citymanagement@guetersloh-marketing.de<\/a><\/span>\r\n        \r\n                        \r\n        \r\n\t\t\t\t\t<span class=\"authorProfile\"><a href=\"https:\/\/www.guetersloh-marketing.de\/en\/blog\/blogger\/christina-junkerkalefeld-2\/\">Profile<\/a><\/span>\t\t\r\n\t\t\t\t\t\r\n            <\/div>\r\n<\/div>\t<\/div><\/div>\t\t<\/div>\n\t\t\t\t<\/div>\n\t\t\t\t\t<\/div>\n\t\t<\/div>\n\t\t\t\t\t<\/div>\n\t\t<\/section>\n\t\t\t\t<section class=\"elementor-section elementor-top-section elementor-element elementor-element-a887f3d elementor-section-boxed elementor-section-height-default elementor-section-height-default\" data-id=\"a887f3d\" data-element_type=\"section\">\n\t\t\t\t\t\t<div class=\"elementor-container elementor-column-gap-default\">\n\t\t\t\t\t<div class=\"elementor-column elementor-col-50 elementor-top-column elementor-element elementor-element-2ea5334\" data-id=\"2ea5334\" data-element_type=\"column\">\n\t\t\t<div class=\"elementor-widget-wrap\">\n\t\t\t\t\t\t\t<\/div>\n\t\t<\/div>\n\t\t\t\t<div class=\"elementor-column elementor-col-50 elementor-top-column elementor-element elementor-element-34847d5\" data-id=\"34847d5\" data-element_type=\"column\">\n\t\t\t<div class=\"elementor-widget-wrap\">\n\t\t\t\t\t\t\t<\/div>\n\t\t<\/div>\n\t\t\t\t\t<\/div>\n\t\t<\/section>\n\t\t\t\t<section class=\"elementor-section elementor-top-section elementor-element elementor-element-68c4777 elementor-section-boxed elementor-section-height-default elementor-section-height-default\" data-id=\"68c4777\" data-element_type=\"section\">\n\t\t\t\t\t\t<div class=\"elementor-container elementor-column-gap-default\">\n\t\t\t\t\t<div class=\"elementor-column elementor-col-50 elementor-top-column elementor-element elementor-element-d2ffc56\" data-id=\"d2ffc56\" data-element_type=\"column\">\n\t\t\t<div class=\"elementor-widget-wrap elementor-element-populated\">\n\t\t\t\t\t\t<div class=\"elementor-element elementor-element-9816913 elementor-widget elementor-widget-spacer\" data-id=\"9816913\" data-element_type=\"widget\" data-widget_type=\"spacer.default\">\n\t\t\t\t<div class=\"elementor-widget-container\">\n\t\t\t<span id=\"9816913\"><\/span>\t\t<div class=\"elementor-spacer\">\n\t\t\t<div class=\"elementor-spacer-inner\"><\/div>\n\t\t<\/div>\n\t\t\t\t<\/div>\n\t\t\t\t<\/div>\n\t\t\t\t\t<\/div>\n\t\t<\/div>\n\t\t\t\t<div class=\"elementor-column elementor-col-50 elementor-top-column elementor-element elementor-element-1bea26b\" data-id=\"1bea26b\" data-element_type=\"column\">\n\t\t\t<div class=\"elementor-widget-wrap elementor-element-populated\">\n\t\t\t\t\t\t<div class=\"elementor-element elementor-element-6003334 elementor-widget elementor-widget-spacer\" data-id=\"6003334\" data-element_type=\"widget\" data-widget_type=\"spacer.default\">\n\t\t\t\t<div class=\"elementor-widget-container\">\n\t\t\t<span id=\"6003334\"><\/span>\t\t<div class=\"elementor-spacer\">\n\t\t\t<div class=\"elementor-spacer-inner\"><\/div>\n\t\t<\/div>\n\t\t\t\t<\/div>\n\t\t\t\t<\/div>\n\t\t\t\t\t<\/div>\n\t\t<\/div>\n\t\t\t\t\t<\/div>\n\t\t<\/section>\n\t\t\t\t<section class=\"elementor-section elementor-top-section elementor-element elementor-element-65dfbb0c elementor-section-boxed elementor-section-height-default elementor-section-height-default\" data-id=\"65dfbb0c\" data-element_type=\"section\">\n\t\t\t\t\t\t<div class=\"elementor-container elementor-column-gap-default\">\n\t\t\t\t\t<div class=\"elementor-column elementor-col-100 elementor-top-column elementor-element elementor-element-6f8fc3a2\" data-id=\"6f8fc3a2\" data-element_type=\"column\">\n\t\t\t<div class=\"elementor-widget-wrap elementor-element-populated\">\n\t\t\t\t\t\t<div class=\"elementor-element elementor-element-101bbc0e elementor-widget elementor-widget-spacer\" data-id=\"101bbc0e\" data-element_type=\"widget\" data-widget_type=\"spacer.default\">\n\t\t\t\t<div class=\"elementor-widget-container\">\n\t\t\t<span id=\"101bbc0e\"><\/span>\t\t<div class=\"elementor-spacer\">\n\t\t\t<div class=\"elementor-spacer-inner\"><\/div>\n\t\t<\/div>\n\t\t\t\t<\/div>\n\t\t\t\t<\/div>\n\t\t\t\t<div class=\"elementor-element elementor-element-294f4235 elementor-align-center elementor-icon-list--layout-traditional elementor-list-item-link-full_width elementor-widget elementor-widget-icon-list\" data-id=\"294f4235\" data-element_type=\"widget\" data-widget_type=\"icon-list.default\">\n\t\t\t\t<div class=\"elementor-widget-container\">\n\t\t\t<span id=\"294f4235\"><\/span>\t\t<ul class=\"elementor-icon-list-items\">\n\t\t\t\t\t\t\t<li class=\"elementor-icon-list-item\">\n\t\t\t\t\t\t\t\t\t\t\t<span class=\"elementor-icon-list-icon\">\n\t\t\t\t\t\t\t<i aria-hidden=\"true\" class=\"far fa-copyright\"><\/i>\t\t\t\t\t\t<\/span>\n\t\t\t\t\t\t\t\t\t\t<span class=\"elementor-icon-list-text\">Cover picture: Detlef G\u00fcthenke<\/span>\n\t\t\t\t\t\t\t\t\t<\/li>\n\t\t\t\t\t\t<\/ul>\n\t\t\t\t<\/div>\n\t\t\t\t<\/div>\n\t\t\t\t\t<\/div>\n\t\t<\/div>\n\t\t\t\t\t<\/div>\n\t\t<\/section>\n\t\t\t\t<\/div>","protected":false},"excerpt":{"rendered":"<p>G\u00fctersloh feierte 2025 Stadtjubil\u00e4um \u2013 DANKE f\u00fcr ein buntes Jahr! 2025 feierte G\u00fctersloh 200 Jahre [&hellip;]<\/p>\n","protected":false},"author":19,"featured_media":49133,"parent":23702,"menu_order":14,"comment_status":"closed","ping_status":"closed","template":"","meta":{"_acf_changed":false,"footnotes":""},"categories":[1,451,452],"competences":[400,399,401,402,403],"class_list":["post-44632","page","type-page","status-publish","has-post-thumbnail","hentry","category-allgemein","category-grossveranstaltungen","category-veranstaltungen","competences-aktivwelten","competences-familienwelten","competences-kulturwelten","competences-urbanwelten","competences-wirtschaftswelten"],"acf":[],"_links":{"self":[{"href":"https:\/\/www.guetersloh-marketing.de\/en\/wp-json\/wp\/v2\/pages\/44632","targetHints":{"allow":["GET"]}}],"collection":[{"href":"https:\/\/www.guetersloh-marketing.de\/en\/wp-json\/wp\/v2\/pages"}],"about":[{"href":"https:\/\/www.guetersloh-marketing.de\/en\/wp-json\/wp\/v2\/types\/page"}],"author":[{"embeddable":true,"href":"https:\/\/www.guetersloh-marketing.de\/en\/wp-json\/wp\/v2\/users\/19"}],"replies":[{"embeddable":true,"href":"https:\/\/www.guetersloh-marketing.de\/en\/wp-json\/wp\/v2\/comments?post=44632"}],"version-history":[{"count":121,"href":"https:\/\/www.guetersloh-marketing.de\/en\/wp-json\/wp\/v2\/pages\/44632\/revisions"}],"predecessor-version":[{"id":53368,"href":"https:\/\/www.guetersloh-marketing.de\/en\/wp-json\/wp\/v2\/pages\/44632\/revisions\/53368"}],"up":[{"embeddable":true,"href":"https:\/\/www.guetersloh-marketing.de\/en\/wp-json\/wp\/v2\/pages\/23702"}],"wp:featuredmedia":[{"embeddable":true,"href":"https:\/\/www.guetersloh-marketing.de\/en\/wp-json\/wp\/v2\/media\/49133"}],"wp:attachment":[{"href":"https:\/\/www.guetersloh-marketing.de\/en\/wp-json\/wp\/v2\/media?parent=44632"}],"wp:term":[{"taxonomy":"category","embeddable":true,"href":"https:\/\/www.guetersloh-marketing.de\/en\/wp-json\/wp\/v2\/categories?post=44632"},{"taxonomy":"competences","embeddable":true,"href":"https:\/\/www.guetersloh-marketing.de\/en\/wp-json\/wp\/v2\/competences?post=44632"}],"curies":[{"name":"wp","href":"https:\/\/api.w.org\/{rel}","templated":true}]}}