{"id":39695,"date":"2022-12-15T15:38:38","date_gmt":"2022-12-15T14:38:38","guid":{"rendered":"https:\/\/www.guetersloh-marketing.de\/?page_id=39695"},"modified":"2025-06-03T09:31:47","modified_gmt":"2025-06-03T07:31:47","slug":"reisen-fuer-alle","status":"publish","type":"page","link":"https:\/\/www.guetersloh-marketing.de\/en\/guetersloh\/barrierefreie-innenstadt\/reisen-fuer-alle\/","title":{"rendered":"Travel for All"},"content":{"rendered":"<div data-elementor-type=\"wp-post\" data-elementor-id=\"39695\" class=\"elementor elementor-39695\" data-elementor-post-type=\"page\">\n\t\t\t\t\t\t<section class=\"elementor-section elementor-top-section elementor-element elementor-element-35b7036 elementor-section-boxed elementor-section-height-default elementor-section-height-default\" data-id=\"35b7036\" data-element_type=\"section\">\n\t\t\t\t\t\t<div class=\"elementor-container elementor-column-gap-default\">\n\t\t\t\t\t<div class=\"elementor-column elementor-col-100 elementor-top-column elementor-element elementor-element-8887b3a\" data-id=\"8887b3a\" data-element_type=\"column\">\n\t\t\t<div class=\"elementor-widget-wrap elementor-element-populated\">\n\t\t\t\t\t\t<div class=\"elementor-element elementor-element-f835d26 elementor-widget elementor-widget-spacer\" data-id=\"f835d26\" data-element_type=\"widget\" data-widget_type=\"spacer.default\">\n\t\t\t\t<div class=\"elementor-widget-container\">\n\t\t\t<span id=\"f835d26\"><\/span>\t\t<div class=\"elementor-spacer\">\n\t\t\t<div class=\"elementor-spacer-inner\"><\/div>\n\t\t<\/div>\n\t\t\t\t<\/div>\n\t\t\t\t<\/div>\n\t\t\t\t\t<\/div>\n\t\t<\/div>\n\t\t\t\t\t<\/div>\n\t\t<\/section>\n\t\t\t\t<section class=\"elementor-section elementor-top-section elementor-element elementor-element-d6678de elementor-section-boxed elementor-section-height-default elementor-section-height-default\" data-id=\"d6678de\" data-element_type=\"section\">\n\t\t\t\t\t\t<div class=\"elementor-container elementor-column-gap-default\">\n\t\t\t\t\t<div class=\"elementor-column elementor-col-100 elementor-top-column elementor-element elementor-element-25fb17d\" data-id=\"25fb17d\" data-element_type=\"column\">\n\t\t\t<div class=\"elementor-widget-wrap elementor-element-populated\">\n\t\t\t\t\t\t<div class=\"elementor-element elementor-element-04deb89 elementor-widget elementor-widget-heading\" data-id=\"04deb89\" data-element_type=\"widget\" data-widget_type=\"heading.default\">\n\t\t\t\t<div class=\"elementor-widget-container\">\n\t\t\t<span id=\"04deb89\"><\/span><h2 class=\"elementor-heading-title elementor-size-default\">Certification \"Travel for All<\/h2>\t\t<\/div>\n\t\t\t\t<\/div>\n\t\t\t\t<section class=\"elementor-section elementor-inner-section elementor-element elementor-element-088c502 elementor-section-boxed elementor-section-height-default elementor-section-height-default\" data-id=\"088c502\" data-element_type=\"section\">\n\t\t\t\t\t\t<div class=\"elementor-container elementor-column-gap-default\">\n\t\t\t\t\t<div class=\"elementor-column elementor-col-50 elementor-inner-column elementor-element elementor-element-8665417\" data-id=\"8665417\" data-element_type=\"column\">\n\t\t\t<div class=\"elementor-widget-wrap elementor-element-populated\">\n\t\t\t\t\t\t<div class=\"elementor-element elementor-element-5283ae5 elementor-widget elementor-widget-text-editor\" data-id=\"5283ae5\" data-element_type=\"widget\" data-widget_type=\"text-editor.default\">\n\t\t\t\t<div class=\"elementor-widget-container\">\n\t\t\t<span id=\"5283ae5\"><\/span>\t\t\t\t<p>In order to enable us to provide advice in a pleasant atmosphere, our <strong>Tourist information barrier-free for people with walking disabilities and partially barrier-free for wheelchair users.<\/strong> The entrance door is at least 90 cm wide, has no threshold and opens automatically. The entire entrance area is stepless and visually contrasted with its surroundings. The path to the service area has a gradient of 10% and a length of five meters. Anyone who is unable to negotiate the ramp alone can use the bell at the bottom left of the entrance so that a member of staff from the tourist information office can come to their aid.<\/p>\n<p>The service area has a lowered counter area which is 75 cm high at its lowest point in order to make it easier to access by wheelchair users, and there is also an induction loop for the hard of hearing.<\/p>\t\t\t\t\t\t<\/div>\n\t\t\t\t<\/div>\n\t\t\t\t\t<\/div>\n\t\t<\/div>\n\t\t\t\t<div class=\"elementor-column elementor-col-50 elementor-inner-column elementor-element elementor-element-9dd3a85\" data-id=\"9dd3a85\" data-element_type=\"column\">\n\t\t\t<div class=\"elementor-widget-wrap elementor-element-populated\">\n\t\t\t\t\t\t<div class=\"elementor-element elementor-element-658332e elementor-widget elementor-widget-image\" data-id=\"658332e\" data-element_type=\"widget\" data-widget_type=\"image.default\">\n\t\t\t\t<div class=\"elementor-widget-container\">\n\t\t\t<span id=\"658332e\"><\/span>\t\t\t\t\t\t\t\t\t\t<img fetchpriority=\"high\" decoding=\"async\" width=\"300\" height=\"200\" src=\"https:\/\/www.guetersloh-marketing.de\/wp-content\/uploads\/2022\/01\/barrierefreie-innenstadt-reisen-fuer-alle-2-300x200.jpg\" class=\"attachment-medium size-medium wp-image-34723\" alt=\"\" srcset=\"https:\/\/www.guetersloh-marketing.de\/wp-content\/uploads\/2022\/01\/barrierefreie-innenstadt-reisen-fuer-alle-2-300x200.jpg 300w, https:\/\/www.guetersloh-marketing.de\/wp-content\/uploads\/2022\/01\/barrierefreie-innenstadt-reisen-fuer-alle-2-1024x683.jpg 1024w, https:\/\/www.guetersloh-marketing.de\/wp-content\/uploads\/2022\/01\/barrierefreie-innenstadt-reisen-fuer-alle-2-768x512.jpg 768w, https:\/\/www.guetersloh-marketing.de\/wp-content\/uploads\/2022\/01\/barrierefreie-innenstadt-reisen-fuer-alle-2-18x12.jpg 18w, https:\/\/www.guetersloh-marketing.de\/wp-content\/uploads\/2022\/01\/barrierefreie-innenstadt-reisen-fuer-alle-2-560x373.jpg 560w, https:\/\/www.guetersloh-marketing.de\/wp-content\/uploads\/2022\/01\/barrierefreie-innenstadt-reisen-fuer-alle-2.jpg 1500w\" sizes=\"(max-width: 300px) 100vw, 300px\" \/>\t\t\t\t\t\t\t\t\t\t\t\t\t<\/div>\n\t\t\t\t<\/div>\n\t\t\t\t<div class=\"elementor-element elementor-element-d702b7f elementor-widget elementor-widget-text-editor\" data-id=\"d702b7f\" data-element_type=\"widget\" data-widget_type=\"text-editor.default\">\n\t\t\t\t<div class=\"elementor-widget-container\">\n\t\t\t<span id=\"d702b7f\"><\/span>\t\t\t\t<div>Inductive hearing system in the Tourist Information.<\/div>\t\t\t\t\t\t<\/div>\n\t\t\t\t<\/div>\n\t\t\t\t\t<\/div>\n\t\t<\/div>\n\t\t\t\t\t<\/div>\n\t\t<\/section>\n\t\t\t\t<div class=\"elementor-element elementor-element-d64d620 elementor-widget elementor-widget-image\" data-id=\"d64d620\" data-element_type=\"widget\" data-widget_type=\"image.default\">\n\t\t\t\t<div class=\"elementor-widget-container\">\n\t\t\t<span id=\"d64d620\"><\/span>\t\t\t\t\t\t\t\t\t\t<img decoding=\"async\" width=\"768\" height=\"512\" src=\"https:\/\/www.guetersloh-marketing.de\/wp-content\/uploads\/2022\/01\/barrierefreie-innenstadt-reisen-fuer-alle-1-768x512.jpg\" class=\"attachment-medium_large size-medium_large wp-image-34725\" alt=\"\" srcset=\"https:\/\/www.guetersloh-marketing.de\/wp-content\/uploads\/2022\/01\/barrierefreie-innenstadt-reisen-fuer-alle-1-768x512.jpg 768w, https:\/\/www.guetersloh-marketing.de\/wp-content\/uploads\/2022\/01\/barrierefreie-innenstadt-reisen-fuer-alle-1-300x200.jpg 300w, https:\/\/www.guetersloh-marketing.de\/wp-content\/uploads\/2022\/01\/barrierefreie-innenstadt-reisen-fuer-alle-1-1024x683.jpg 1024w, https:\/\/www.guetersloh-marketing.de\/wp-content\/uploads\/2022\/01\/barrierefreie-innenstadt-reisen-fuer-alle-1-18x12.jpg 18w, https:\/\/www.guetersloh-marketing.de\/wp-content\/uploads\/2022\/01\/barrierefreie-innenstadt-reisen-fuer-alle-1-560x373.jpg 560w, https:\/\/www.guetersloh-marketing.de\/wp-content\/uploads\/2022\/01\/barrierefreie-innenstadt-reisen-fuer-alle-1.jpg 1500w\" sizes=\"(max-width: 768px) 100vw, 768px\" \/>\t\t\t\t\t\t\t\t\t\t\t\t\t<\/div>\n\t\t\t\t<\/div>\n\t\t\t\t<div class=\"elementor-element elementor-element-9fdc92d elementor-widget elementor-widget-text-editor\" data-id=\"9fdc92d\" data-element_type=\"widget\" data-widget_type=\"text-editor.default\">\n\t\t\t\t<div class=\"elementor-widget-container\">\n\t\t\t<span id=\"9fdc92d\"><\/span>\t\t\t\t<p>Our tourist information office is certified with the \"Travel for All\" award.<\/p><p>Clara Abelmann (l.), City &amp; Tourism Management, and Melanie Kinter (r.), Head of Tourist Information &amp; Ticketing, welcome Ms. Runte and Mr. Solz from the G\u00fctersloh Disability Advisory Council to the Tourist Information Office.<\/p>\t\t\t\t\t\t<\/div>\n\t\t\t\t<\/div>\n\t\t\t\t<div class=\"elementor-element elementor-element-ad65e58 elementor-widget elementor-widget-text-editor\" data-id=\"ad65e58\" data-element_type=\"widget\" data-widget_type=\"text-editor.default\">\n\t\t\t\t<div class=\"elementor-widget-container\">\n\t\t\t<span id=\"ad65e58\"><\/span>\t\t\t\t<h4>You can find more information about the \"Travel for All\" certification <a href=\"https:\/\/www.reisen-fuer-alle.de\/tourist-information_guetersloh_249.html?action=detail&amp;item_id=3118\" target=\"_blank\" rel=\"noopener\">viewed here<\/a>.<\/h4>\t\t\t\t\t\t<\/div>\n\t\t\t\t<\/div>\n\t\t\t\t<div class=\"elementor-element elementor-element-e6b70cc elementor-widget elementor-widget-spacer\" data-id=\"e6b70cc\" data-element_type=\"widget\" data-widget_type=\"spacer.default\">\n\t\t\t\t<div class=\"elementor-widget-container\">\n\t\t\t<span id=\"e6b70cc\"><\/span>\t\t<div class=\"elementor-spacer\">\n\t\t\t<div class=\"elementor-spacer-inner\"><\/div>\n\t\t<\/div>\n\t\t\t\t<\/div>\n\t\t\t\t<\/div>\n\t\t\t\t<div class=\"elementor-element elementor-element-175f8e5 elementor-widget elementor-widget-elementor-contact-extension\" data-id=\"175f8e5\" data-element_type=\"widget\" data-widget_type=\"elementor-contact-extension.default\">\n\t\t\t\t<div class=\"elementor-widget-container\">\n\t\t\t<span id=\"175f8e5\"><\/span><div class=\"ansprechpartner-elementor-widget\"><div class=\"row\">\r\n<div class=\"col-md-12\">\r\n    <figure class=\"authorPhoto\">\r\n\t\t\t<img decoding=\"async\" width=\"253\" height=\"380\" src=\"https:\/\/www.guetersloh-marketing.de\/wp-content\/uploads\/2021\/04\/www.guetersloh-marketing.de-clara-abelmann-aq0a8736-1a.jpg\" class=\"attachment-380x380 size-380x380 wp-post-image\" alt=\"\" srcset=\"https:\/\/www.guetersloh-marketing.de\/wp-content\/uploads\/2021\/04\/www.guetersloh-marketing.de-clara-abelmann-aq0a8736-1a.jpg 1080w, https:\/\/www.guetersloh-marketing.de\/wp-content\/uploads\/2021\/04\/www.guetersloh-marketing.de-clara-abelmann-aq0a8736-1a-200x300.jpg 200w, https:\/\/www.guetersloh-marketing.de\/wp-content\/uploads\/2021\/04\/www.guetersloh-marketing.de-clara-abelmann-aq0a8736-1a-683x1024.jpg 683w, https:\/\/www.guetersloh-marketing.de\/wp-content\/uploads\/2021\/04\/www.guetersloh-marketing.de-clara-abelmann-aq0a8736-1a-768x1152.jpg 768w, https:\/\/www.guetersloh-marketing.de\/wp-content\/uploads\/2021\/04\/www.guetersloh-marketing.de-clara-abelmann-aq0a8736-1a-1024x1536.jpg 1024w, https:\/\/www.guetersloh-marketing.de\/wp-content\/uploads\/2021\/04\/www.guetersloh-marketing.de-clara-abelmann-aq0a8736-1a-8x12.jpg 8w, https:\/\/www.guetersloh-marketing.de\/wp-content\/uploads\/2021\/04\/www.guetersloh-marketing.de-clara-abelmann-aq0a8736-1a-560x840.jpg 560w\" sizes=\"(max-width: 253px) 100vw, 253px\" \/>\t\t<\/figure>    <div class=\"authorContact\">\r\n        \r\n\t\t\r\n\t\t\t\t\t\t<span class=\"authorName\"><a href=\"https:\/\/www.guetersloh-marketing.de\/en\/blog\/blogger\/clara-abelmann\/\">Clara Abelmann<\/a><\/span>\t\t\r\n\t\t\t\t\t\r\n        <span class=\"authorPosition\"><\/span>\r\n        <span class=\"authorDepartment\">Head of City and Tourism Management<\/span>\r\n                    <span class=\"authorTel\">Phone: <a\r\n                    href=\"tel:05241 211 36 33\">05241 211 36 33<\/a><\/span>\r\n                   \r\n            <span class=\"authorEmail\">E-mail: <a\r\n                    href=\"mailto:&#99;&#108;&#97;&#114;&#97;.&#97;&#98;e&#108;&#109;&#97;&#110;&#110;&#64;&#103;&#117;&#101;t&#101;rslo&#104;&#45;m&#97;&#114;keti&#110;g&#46;d&#101;?subject=\">clara.abelmann@guetersloh-marketing.de<\/a><\/span>\r\n        \r\n                        \r\n        \r\n\t\t\t\t\t<span class=\"authorProfile\"><a href=\"https:\/\/www.guetersloh-marketing.de\/en\/blog\/blogger\/clara-abelmann\/\">Profile<\/a><\/span>\t\t\r\n\t\t\t\t\t\r\n            <\/div>\r\n<\/div>\t<\/div><\/div>\t\t<\/div>\n\t\t\t\t<\/div>\n\t\t\t\t<div class=\"elementor-element elementor-element-1afa303 elementor-icon-list--layout-inline elementor-align-center elementor-list-item-link-full_width elementor-widget elementor-widget-icon-list\" data-id=\"1afa303\" data-element_type=\"widget\" data-widget_type=\"icon-list.default\">\n\t\t\t\t<div class=\"elementor-widget-container\">\n\t\t\t<span id=\"1afa303\"><\/span>\t\t<ul class=\"elementor-icon-list-items elementor-inline-items\">\n\t\t\t\t\t\t\t<li class=\"elementor-icon-list-item elementor-inline-item\">\n\t\t\t\t\t\t\t\t\t\t\t<span class=\"elementor-icon-list-icon\">\n\t\t\t\t\t\t\t<i aria-hidden=\"true\" class=\"far fa-copyright\"><\/i>\t\t\t\t\t\t<\/span>\n\t\t\t\t\t\t\t\t\t\t<span class=\"elementor-icon-list-text\">Cover and article image: G\u00fctersloh Marketing GmbH<\/span>\n\t\t\t\t\t\t\t\t\t<\/li>\n\t\t\t\t\t\t<\/ul>\n\t\t\t\t<\/div>\n\t\t\t\t<\/div>\n\t\t\t\t<div class=\"elementor-element elementor-element-26586fc elementor-widget elementor-widget-spacer\" data-id=\"26586fc\" data-element_type=\"widget\" data-widget_type=\"spacer.default\">\n\t\t\t\t<div class=\"elementor-widget-container\">\n\t\t\t<span id=\"26586fc\"><\/span>\t\t<div class=\"elementor-spacer\">\n\t\t\t<div class=\"elementor-spacer-inner\"><\/div>\n\t\t<\/div>\n\t\t\t\t<\/div>\n\t\t\t\t<\/div>\n\t\t\t\t\t<\/div>\n\t\t<\/div>\n\t\t\t\t\t<\/div>\n\t\t<\/section>\n\t\t\t\t<\/div>","protected":false},"excerpt":{"rendered":"<p>Zertifizierung &#8222;Reisen f\u00fcr Alle&#8220; Um unsere Beratung in einer angenehmen Atmosph\u00e4re zu erm\u00f6glichen, ist unsere [&hellip;]<\/p>\n","protected":false},"author":25,"featured_media":0,"parent":21180,"menu_order":2,"comment_status":"closed","ping_status":"closed","template":"","meta":{"_acf_changed":false,"footnotes":""},"categories":[],"competences":[399,402,403],"class_list":["post-39695","page","type-page","status-publish","hentry","competences-familienwelten","competences-urbanwelten","competences-wirtschaftswelten"],"acf":[],"_links":{"self":[{"href":"https:\/\/www.guetersloh-marketing.de\/en\/wp-json\/wp\/v2\/pages\/39695","targetHints":{"allow":["GET"]}}],"collection":[{"href":"https:\/\/www.guetersloh-marketing.de\/en\/wp-json\/wp\/v2\/pages"}],"about":[{"href":"https:\/\/www.guetersloh-marketing.de\/en\/wp-json\/wp\/v2\/types\/page"}],"author":[{"embeddable":true,"href":"https:\/\/www.guetersloh-marketing.de\/en\/wp-json\/wp\/v2\/users\/25"}],"replies":[{"embeddable":true,"href":"https:\/\/www.guetersloh-marketing.de\/en\/wp-json\/wp\/v2\/comments?post=39695"}],"version-history":[{"count":25,"href":"https:\/\/www.guetersloh-marketing.de\/en\/wp-json\/wp\/v2\/pages\/39695\/revisions"}],"predecessor-version":[{"id":50003,"href":"https:\/\/www.guetersloh-marketing.de\/en\/wp-json\/wp\/v2\/pages\/39695\/revisions\/50003"}],"up":[{"embeddable":true,"href":"https:\/\/www.guetersloh-marketing.de\/en\/wp-json\/wp\/v2\/pages\/21180"}],"wp:attachment":[{"href":"https:\/\/www.guetersloh-marketing.de\/en\/wp-json\/wp\/v2\/media?parent=39695"}],"wp:term":[{"taxonomy":"category","embeddable":true,"href":"https:\/\/www.guetersloh-marketing.de\/en\/wp-json\/wp\/v2\/categories?post=39695"},{"taxonomy":"competences","embeddable":true,"href":"https:\/\/www.guetersloh-marketing.de\/en\/wp-json\/wp\/v2\/competences?post=39695"}],"curies":[{"name":"wp","href":"https:\/\/api.w.org\/{rel}","templated":true}]}}