{"id":36470,"date":"2022-05-04T10:29:00","date_gmt":"2022-05-04T08:29:08","guid":{"rendered":"https:\/\/www.guetersloh-marketing.de\/?page_id=36470"},"modified":"2026-04-17T12:15:37","modified_gmt":"2026-04-17T10:15:37","slug":"conceptgt","status":"publish","type":"page","link":"https:\/\/www.guetersloh-marketing.de\/en\/projektseiten\/conceptgt\/","title":{"rendered":"conceptGT"},"content":{"rendered":"<div data-elementor-type=\"wp-page\" data-elementor-id=\"36470\" class=\"elementor elementor-36470\" data-elementor-post-type=\"page\">\n\t\t\t\t\t\t<section class=\"elementor-section elementor-top-section elementor-element elementor-element-12755c0 elementor-section-boxed elementor-section-height-default elementor-section-height-default\" data-id=\"12755c0\" data-element_type=\"section\">\n\t\t\t\t\t\t<div class=\"elementor-container elementor-column-gap-default\">\n\t\t\t\t\t<div class=\"elementor-column elementor-col-100 elementor-top-column elementor-element elementor-element-71a0d30\" data-id=\"71a0d30\" data-element_type=\"column\">\n\t\t\t<div class=\"elementor-widget-wrap elementor-element-populated\">\n\t\t\t\t\t\t<div class=\"elementor-element elementor-element-9acce14 elementor-widget elementor-widget-text-editor\" data-id=\"9acce14\" data-element_type=\"widget\" data-widget_type=\"text-editor.default\">\n\t\t\t\t<div class=\"elementor-widget-container\">\n\t\t\t<span id=\"9acce14\"><\/span>\t\t\t\t<p>conceptGT is a true child of G\u00fctersloh. As a subsidiary of the city, they are on fire for our G\u00fctersloh. Newly founded in October 2021, they are full of drive and have big plans: Making G\u00fctersloh a showcase for sustainability and qualitative economic growth. To achieve this, they want to rethink old structures. Their focus is on business development, urban development and real estate management. Because G\u00fctersloh has a plan:<\/p><p>One step ahead of the future.<\/p>\t\t\t\t\t\t<\/div>\n\t\t\t\t<\/div>\n\t\t\t\t\t<\/div>\n\t\t<\/div>\n\t\t\t\t\t<\/div>\n\t\t<\/section>\n\t\t\t\t<section class=\"elementor-section elementor-top-section elementor-element elementor-element-b62543e elementor-section-boxed elementor-section-height-default elementor-section-height-default\" data-id=\"b62543e\" data-element_type=\"section\">\n\t\t\t\t\t\t<div class=\"elementor-container elementor-column-gap-default\">\n\t\t\t\t\t<div class=\"elementor-column elementor-col-50 elementor-top-column elementor-element elementor-element-fa23edf\" data-id=\"fa23edf\" data-element_type=\"column\">\n\t\t\t<div class=\"elementor-widget-wrap elementor-element-populated\">\n\t\t\t\t\t\t<div class=\"elementor-element elementor-element-b58af83 elementor-widget elementor-widget-image\" data-id=\"b58af83\" data-element_type=\"widget\" data-widget_type=\"image.default\">\n\t\t\t\t<div class=\"elementor-widget-container\">\n\t\t\t<span id=\"b58af83\"><\/span>\t\t\t\t\t\t\t<figure class=\"wp-caption\">\n\t\t\t\t\t\t\t\t\t\t\t<a href=\"https:\/\/www.conceptgt.de\/wirtschaftsfoerderung\/\" target=\"_blank\">\n\t\t\t\t\t\t\t<img fetchpriority=\"high\" decoding=\"async\" width=\"800\" height=\"534\" src=\"https:\/\/www.guetersloh-marketing.de\/wp-content\/uploads\/2022\/05\/conceptgt-planer-shutterstock-127977977-1024x683.jpg\" class=\"attachment-large size-large wp-image-36489\" alt=\"\" srcset=\"https:\/\/www.guetersloh-marketing.de\/wp-content\/uploads\/2022\/05\/conceptgt-planer-shutterstock-127977977-1024x683.jpg 1024w, https:\/\/www.guetersloh-marketing.de\/wp-content\/uploads\/2022\/05\/conceptgt-planer-shutterstock-127977977-300x200.jpg 300w, https:\/\/www.guetersloh-marketing.de\/wp-content\/uploads\/2022\/05\/conceptgt-planer-shutterstock-127977977-768x512.jpg 768w, https:\/\/www.guetersloh-marketing.de\/wp-content\/uploads\/2022\/05\/conceptgt-planer-shutterstock-127977977-18x12.jpg 18w, https:\/\/www.guetersloh-marketing.de\/wp-content\/uploads\/2022\/05\/conceptgt-planer-shutterstock-127977977-560x373.jpg 560w, https:\/\/www.guetersloh-marketing.de\/wp-content\/uploads\/2022\/05\/conceptgt-planer-shutterstock-127977977.jpg 1500w\" sizes=\"(max-width: 800px) 100vw, 800px\" \/>\t\t\t\t\t\t\t\t<\/a>\n\t\t\t\t\t\t\t\t\t\t\t<figcaption class=\"widget-image-caption wp-caption-text\">\u00a9 conceptGT<\/figcaption>\n\t\t\t\t\t\t\t\t\t\t<\/figure>\n\t\t\t\t\t\t\t<\/div>\n\t\t\t\t<\/div>\n\t\t\t\t\t<\/div>\n\t\t<\/div>\n\t\t\t\t<div class=\"elementor-column elementor-col-50 elementor-top-column elementor-element elementor-element-5ca565f\" data-id=\"5ca565f\" data-element_type=\"column\">\n\t\t\t<div class=\"elementor-widget-wrap elementor-element-populated\">\n\t\t\t\t\t\t<div class=\"elementor-element elementor-element-c026ae2 elementor-widget elementor-widget-spacer\" data-id=\"c026ae2\" data-element_type=\"widget\" data-widget_type=\"spacer.default\">\n\t\t\t\t<div class=\"elementor-widget-container\">\n\t\t\t<span id=\"c026ae2\"><\/span>\t\t<div class=\"elementor-spacer\">\n\t\t\t<div class=\"elementor-spacer-inner\"><\/div>\n\t\t<\/div>\n\t\t\t\t<\/div>\n\t\t\t\t<\/div>\n\t\t\t\t<div class=\"elementor-element elementor-element-d499c49 elementor-widget elementor-widget-heading\" data-id=\"d499c49\" data-element_type=\"widget\" data-widget_type=\"heading.default\">\n\t\t\t\t<div class=\"elementor-widget-container\">\n\t\t\t<span id=\"d499c49\"><\/span><h3 class=\"elementor-heading-title elementor-size-default\"><a href=\"https:\/\/www.conceptgt.de\/wirtschaftsfoerderung\/\" target=\"_blank\">Business development<\/a><\/h3>\t\t<\/div>\n\t\t\t\t<\/div>\n\t\t\t\t<div class=\"elementor-element elementor-element-9d1d7ad elementor-widget elementor-widget-text-editor\" data-id=\"9d1d7ad\" data-element_type=\"widget\" data-widget_type=\"text-editor.default\">\n\t\t\t\t<div class=\"elementor-widget-container\">\n\t\t\t<span id=\"9d1d7ad\"><\/span>\t\t\t\t<p>Well-known global players, traditional craft businesses and innovative start-ups characterize the impressive economic power of the city of G\u00fctersloh. At conceptGT, companies of all types and sizes find a knowledgeable partner for doing business in G\u00fctersloh.<\/p><p>As economic development agencies, they provide support with cross-sector knowledge and a wide range of figures, data and facts. They bring the right people together and build local and regional networks. With events, lectures and workshops on current economic topics, they set the course for modern and sustainable working. They also help in the difficult search for development sites and provide impetus for citywide projects.<\/p>\t\t\t\t\t\t<\/div>\n\t\t\t\t<\/div>\n\t\t\t\t\t<\/div>\n\t\t<\/div>\n\t\t\t\t\t<\/div>\n\t\t<\/section>\n\t\t\t\t<section class=\"elementor-section elementor-top-section elementor-element elementor-element-9ecb107 elementor-section-boxed elementor-section-height-default elementor-section-height-default\" data-id=\"9ecb107\" data-element_type=\"section\">\n\t\t\t\t\t\t<div class=\"elementor-container elementor-column-gap-default\">\n\t\t\t\t\t<div class=\"elementor-column elementor-col-50 elementor-top-column elementor-element elementor-element-f534ad3\" data-id=\"f534ad3\" data-element_type=\"column\">\n\t\t\t<div class=\"elementor-widget-wrap elementor-element-populated\">\n\t\t\t\t\t\t<div class=\"elementor-element elementor-element-1c6d2fa elementor-widget elementor-widget-spacer\" data-id=\"1c6d2fa\" data-element_type=\"widget\" data-widget_type=\"spacer.default\">\n\t\t\t\t<div class=\"elementor-widget-container\">\n\t\t\t<span id=\"1c6d2fa\"><\/span>\t\t<div class=\"elementor-spacer\">\n\t\t\t<div class=\"elementor-spacer-inner\"><\/div>\n\t\t<\/div>\n\t\t\t\t<\/div>\n\t\t\t\t<\/div>\n\t\t\t\t<div class=\"elementor-element elementor-element-1c02d46 elementor-widget elementor-widget-heading\" data-id=\"1c02d46\" data-element_type=\"widget\" data-widget_type=\"heading.default\">\n\t\t\t\t<div class=\"elementor-widget-container\">\n\t\t\t<span id=\"1c02d46\"><\/span><h3 class=\"elementor-heading-title elementor-size-default\"><a href=\"https:\/\/www.conceptgt.de\/mansergh-quartier\/\" target=\"_blank\">Mansergh Barracks\n<\/a><\/h3>\t\t<\/div>\n\t\t\t\t<\/div>\n\t\t\t\t<div class=\"elementor-element elementor-element-7b4b2c1 elementor-widget elementor-widget-text-editor\" data-id=\"7b4b2c1\" data-element_type=\"widget\" data-widget_type=\"text-editor.default\">\n\t\t\t\t<div class=\"elementor-widget-container\">\n\t\t\t<span id=\"7b4b2c1\"><\/span>\t\t\t\t<p class=\"western\">Living, studying, researching, working and relaxing on about 30 hectares: The conversion of the former military base Mansergh Barracks is a project without equal! Because in this quarter close to the city center, something special is planned in every respect.<\/p><p class=\"western\">Climate-friendly urban living, a needs-based infrastructure, and knowledge-oriented facilities and companies are laying the socioeconomic foundation for life in G\u00fctersloh in the future. An innovation center, the G\u00fctersloh campus of the Bielefeld University of Applied Sciences, individual production facilities and the construction of around 1,000 new apartments are just some of the building blocks that will be put in place. Together with many imaginative people from city hall, the private sector and the population, conceptGT is creating more quality of life in G\u00fctersloh.<\/p>\t\t\t\t\t\t<\/div>\n\t\t\t\t<\/div>\n\t\t\t\t\t<\/div>\n\t\t<\/div>\n\t\t\t\t<div class=\"elementor-column elementor-col-50 elementor-top-column elementor-element elementor-element-1663d69\" data-id=\"1663d69\" data-element_type=\"column\">\n\t\t\t<div class=\"elementor-widget-wrap elementor-element-populated\">\n\t\t\t\t\t\t<div class=\"elementor-element elementor-element-49db787 elementor-widget elementor-widget-image\" data-id=\"49db787\" data-element_type=\"widget\" data-widget_type=\"image.default\">\n\t\t\t\t<div class=\"elementor-widget-container\">\n\t\t\t<span id=\"49db787\"><\/span>\t\t\t\t\t\t\t<figure class=\"wp-caption\">\n\t\t\t\t\t\t\t\t\t\t\t<a href=\"https:\/\/www.conceptgt.de\/mansergh-quartier\/\" target=\"_blank\">\n\t\t\t\t\t\t\t<img decoding=\"async\" width=\"800\" height=\"566\" src=\"https:\/\/www.guetersloh-marketing.de\/wp-content\/uploads\/2022\/05\/conceptgt-mq-2500-a3-lageplan-20210604-vorentwurf-1024x724.png\" class=\"attachment-large size-large wp-image-36491\" alt=\"\" srcset=\"https:\/\/www.guetersloh-marketing.de\/wp-content\/uploads\/2022\/05\/conceptgt-mq-2500-a3-lageplan-20210604-vorentwurf-1024x724.png 1024w, https:\/\/www.guetersloh-marketing.de\/wp-content\/uploads\/2022\/05\/conceptgt-mq-2500-a3-lageplan-20210604-vorentwurf-300x212.png 300w, https:\/\/www.guetersloh-marketing.de\/wp-content\/uploads\/2022\/05\/conceptgt-mq-2500-a3-lageplan-20210604-vorentwurf-768x543.png 768w, https:\/\/www.guetersloh-marketing.de\/wp-content\/uploads\/2022\/05\/conceptgt-mq-2500-a3-lageplan-20210604-vorentwurf-18x12.png 18w, https:\/\/www.guetersloh-marketing.de\/wp-content\/uploads\/2022\/05\/conceptgt-mq-2500-a3-lageplan-20210604-vorentwurf-560x396.png 560w, https:\/\/www.guetersloh-marketing.de\/wp-content\/uploads\/2022\/05\/conceptgt-mq-2500-a3-lageplan-20210604-vorentwurf.png 1414w\" sizes=\"(max-width: 800px) 100vw, 800px\" \/>\t\t\t\t\t\t\t\t<\/a>\n\t\t\t\t\t\t\t\t\t\t\t<figcaption class=\"widget-image-caption wp-caption-text\">\u00a9 conceptGT<\/figcaption>\n\t\t\t\t\t\t\t\t\t\t<\/figure>\n\t\t\t\t\t\t\t<\/div>\n\t\t\t\t<\/div>\n\t\t\t\t\t<\/div>\n\t\t<\/div>\n\t\t\t\t\t<\/div>\n\t\t<\/section>\n\t\t\t\t<section class=\"elementor-section elementor-top-section elementor-element elementor-element-2c1e172 elementor-section-boxed elementor-section-height-default elementor-section-height-default\" data-id=\"2c1e172\" data-element_type=\"section\">\n\t\t\t\t\t\t<div class=\"elementor-container elementor-column-gap-default\">\n\t\t\t\t\t<div class=\"elementor-column elementor-col-50 elementor-top-column elementor-element elementor-element-07d2819\" data-id=\"07d2819\" data-element_type=\"column\">\n\t\t\t<div class=\"elementor-widget-wrap elementor-element-populated\">\n\t\t\t\t\t\t<div class=\"elementor-element elementor-element-ce39e98 elementor-widget elementor-widget-image\" data-id=\"ce39e98\" data-element_type=\"widget\" data-widget_type=\"image.default\">\n\t\t\t\t<div class=\"elementor-widget-container\">\n\t\t\t<span id=\"ce39e98\"><\/span>\t\t\t\t\t\t\t<figure class=\"wp-caption\">\n\t\t\t\t\t\t\t\t\t\t\t<a href=\"https:\/\/www.conceptgt.de\/immobilienmanagement\/\" target=\"_blank\">\n\t\t\t\t\t\t\t<img decoding=\"async\" width=\"800\" height=\"534\" src=\"https:\/\/www.guetersloh-marketing.de\/wp-content\/uploads\/2022\/05\/conceptgt-immobilienmanagement-shutterstock-674957197-1024x683.jpg\" class=\"attachment-large size-large wp-image-36492\" alt=\"\" srcset=\"https:\/\/www.guetersloh-marketing.de\/wp-content\/uploads\/2022\/05\/conceptgt-immobilienmanagement-shutterstock-674957197-1024x683.jpg 1024w, https:\/\/www.guetersloh-marketing.de\/wp-content\/uploads\/2022\/05\/conceptgt-immobilienmanagement-shutterstock-674957197-300x200.jpg 300w, https:\/\/www.guetersloh-marketing.de\/wp-content\/uploads\/2022\/05\/conceptgt-immobilienmanagement-shutterstock-674957197-768x512.jpg 768w, https:\/\/www.guetersloh-marketing.de\/wp-content\/uploads\/2022\/05\/conceptgt-immobilienmanagement-shutterstock-674957197-18x12.jpg 18w, https:\/\/www.guetersloh-marketing.de\/wp-content\/uploads\/2022\/05\/conceptgt-immobilienmanagement-shutterstock-674957197-560x373.jpg 560w, https:\/\/www.guetersloh-marketing.de\/wp-content\/uploads\/2022\/05\/conceptgt-immobilienmanagement-shutterstock-674957197.jpg 1500w\" sizes=\"(max-width: 800px) 100vw, 800px\" \/>\t\t\t\t\t\t\t\t<\/a>\n\t\t\t\t\t\t\t\t\t\t\t<figcaption class=\"widget-image-caption wp-caption-text\">\u00a9 conceptGT<\/figcaption>\n\t\t\t\t\t\t\t\t\t\t<\/figure>\n\t\t\t\t\t\t\t<\/div>\n\t\t\t\t<\/div>\n\t\t\t\t\t<\/div>\n\t\t<\/div>\n\t\t\t\t<div class=\"elementor-column elementor-col-50 elementor-top-column elementor-element elementor-element-46e78e8\" data-id=\"46e78e8\" data-element_type=\"column\">\n\t\t\t<div class=\"elementor-widget-wrap elementor-element-populated\">\n\t\t\t\t\t\t<div class=\"elementor-element elementor-element-104082b elementor-widget elementor-widget-spacer\" data-id=\"104082b\" data-element_type=\"widget\" data-widget_type=\"spacer.default\">\n\t\t\t\t<div class=\"elementor-widget-container\">\n\t\t\t<span id=\"104082b\"><\/span>\t\t<div class=\"elementor-spacer\">\n\t\t\t<div class=\"elementor-spacer-inner\"><\/div>\n\t\t<\/div>\n\t\t\t\t<\/div>\n\t\t\t\t<\/div>\n\t\t\t\t<div class=\"elementor-element elementor-element-101e50e elementor-widget elementor-widget-heading\" data-id=\"101e50e\" data-element_type=\"widget\" data-widget_type=\"heading.default\">\n\t\t\t\t<div class=\"elementor-widget-container\">\n\t\t\t<span id=\"101e50e\"><\/span><h3 class=\"elementor-heading-title elementor-size-default\"><a href=\"https:\/\/www.conceptgt.de\/immobilienmanagement\/\" target=\"_blank\">Real Estate Management<\/a><\/h3>\t\t<\/div>\n\t\t\t\t<\/div>\n\t\t\t\t<div class=\"elementor-element elementor-element-88df0f6 elementor-widget elementor-widget-text-editor\" data-id=\"88df0f6\" data-element_type=\"widget\" data-widget_type=\"text-editor.default\">\n\t\t\t\t<div class=\"elementor-widget-container\">\n\t\t\t<span id=\"88df0f6\"><\/span>\t\t\t\t<p class=\"western\">Moderne Wohnfl\u00e4che f\u00fcr alle, die in G\u00fctersloh leben m\u00f6chten \u2013 das ist unser Ziel f\u00fcr die kommenden Jahre. Die conceptGT besitzt rund 600 Wohneinheiten, die \u00fcber das gesamte Stadtgebiet verteilt sind.<\/p><p class=\"western\">These apartments, semi-detached houses and single-family houses in G\u00fctersloh are continuously renovated by conceptGT. New buildings are being constructed to high climate protection standards. The rental and management of the residential units is handled by an external service provider. As the owner of these properties, they make housing possible for low-income earners and people who are dependent on financial support.<\/p>\t\t\t\t\t\t<\/div>\n\t\t\t\t<\/div>\n\t\t\t\t\t<\/div>\n\t\t<\/div>\n\t\t\t\t\t<\/div>\n\t\t<\/section>\n\t\t\t\t<section class=\"elementor-section elementor-top-section elementor-element elementor-element-a0e2ec0 elementor-section-boxed elementor-section-height-default elementor-section-height-default\" data-id=\"a0e2ec0\" data-element_type=\"section\">\n\t\t\t\t\t\t<div class=\"elementor-container elementor-column-gap-default\">\n\t\t\t\t\t<div class=\"elementor-column elementor-col-100 elementor-top-column elementor-element elementor-element-e2f35d7\" data-id=\"e2f35d7\" data-element_type=\"column\">\n\t\t\t<div class=\"elementor-widget-wrap elementor-element-populated\">\n\t\t\t\t\t\t<div class=\"elementor-element elementor-element-b3c2c60 elementor-widget elementor-widget-spacer\" data-id=\"b3c2c60\" data-element_type=\"widget\" data-widget_type=\"spacer.default\">\n\t\t\t\t<div class=\"elementor-widget-container\">\n\t\t\t<span id=\"b3c2c60\"><\/span>\t\t<div class=\"elementor-spacer\">\n\t\t\t<div class=\"elementor-spacer-inner\"><\/div>\n\t\t<\/div>\n\t\t\t\t<\/div>\n\t\t\t\t<\/div>\n\t\t\t\t<div class=\"elementor-element elementor-element-04f0a72 elementor-widget elementor-widget-heading\" data-id=\"04f0a72\" data-element_type=\"widget\" data-widget_type=\"heading.default\">\n\t\t\t\t<div class=\"elementor-widget-container\">\n\t\t\t<span id=\"04f0a72\"><\/span><h1 class=\"elementor-heading-title elementor-size-default\">You would like to learn more about conceptGT? <\/h1>\t\t<\/div>\n\t\t\t\t<\/div>\n\t\t\t\t<div class=\"elementor-element elementor-element-995552e elementor-widget elementor-widget-heading\" data-id=\"995552e\" data-element_type=\"widget\" data-widget_type=\"heading.default\">\n\t\t\t\t<div class=\"elementor-widget-container\">\n\t\t\t<span id=\"995552e\"><\/span><h2 class=\"elementor-heading-title elementor-size-default\"><a href=\"https:\/\/www.conceptgt.de\/\" target=\"_blank\">Then feel free to click here! <\/a><\/h2>\t\t<\/div>\n\t\t\t\t<\/div>\n\t\t\t\t<div class=\"elementor-element elementor-element-8685cfc elementor-widget elementor-widget-spacer\" data-id=\"8685cfc\" data-element_type=\"widget\" data-widget_type=\"spacer.default\">\n\t\t\t\t<div class=\"elementor-widget-container\">\n\t\t\t<span id=\"8685cfc\"><\/span>\t\t<div class=\"elementor-spacer\">\n\t\t\t<div class=\"elementor-spacer-inner\"><\/div>\n\t\t<\/div>\n\t\t\t\t<\/div>\n\t\t\t\t<\/div>\n\t\t\t\t\t<\/div>\n\t\t<\/div>\n\t\t\t\t\t<\/div>\n\t\t<\/section>\n\t\t\t\t<section class=\"elementor-section elementor-top-section elementor-element elementor-element-11e1293 elementor-section-boxed elementor-section-height-default elementor-section-height-default\" data-id=\"11e1293\" data-element_type=\"section\">\n\t\t\t\t\t\t<div class=\"elementor-container elementor-column-gap-default\">\n\t\t\t\t\t<div class=\"elementor-column elementor-col-33 elementor-top-column elementor-element elementor-element-25beebb\" data-id=\"25beebb\" data-element_type=\"column\">\n\t\t\t<div class=\"elementor-widget-wrap\">\n\t\t\t\t\t\t\t<\/div>\n\t\t<\/div>\n\t\t\t\t<div class=\"elementor-column elementor-col-33 elementor-top-column elementor-element elementor-element-af29863\" data-id=\"af29863\" data-element_type=\"column\">\n\t\t\t<div class=\"elementor-widget-wrap elementor-element-populated\">\n\t\t\t\t\t\t<div class=\"elementor-element elementor-element-7ccebc2 elementor-widget elementor-widget-image\" data-id=\"7ccebc2\" data-element_type=\"widget\" data-widget_type=\"image.default\">\n\t\t\t\t<div class=\"elementor-widget-container\">\n\t\t\t<span id=\"7ccebc2\"><\/span>\t\t\t\t\t\t\t\t\t\t\t<a href=\"https:\/\/www.conceptgt.de\/\" target=\"_blank\">\n\t\t\t\t\t\t\t<img loading=\"lazy\" decoding=\"async\" width=\"286\" height=\"300\" src=\"https:\/\/www.guetersloh-marketing.de\/wp-content\/uploads\/2022\/05\/conceptgt-conceptgt-logo-4c-286x300.png\" class=\"attachment-medium size-medium wp-image-36488\" alt=\"\" srcset=\"https:\/\/www.guetersloh-marketing.de\/wp-content\/uploads\/2022\/05\/conceptgt-conceptgt-logo-4c-286x300.png 286w, https:\/\/www.guetersloh-marketing.de\/wp-content\/uploads\/2022\/05\/conceptgt-conceptgt-logo-4c-768x807.png 768w, https:\/\/www.guetersloh-marketing.de\/wp-content\/uploads\/2022\/05\/conceptgt-conceptgt-logo-4c-11x12.png 11w, https:\/\/www.guetersloh-marketing.de\/wp-content\/uploads\/2022\/05\/conceptgt-conceptgt-logo-4c-560x588.png 560w, https:\/\/www.guetersloh-marketing.de\/wp-content\/uploads\/2022\/05\/conceptgt-conceptgt-logo-4c-24x24.png 24w, https:\/\/www.guetersloh-marketing.de\/wp-content\/uploads\/2022\/05\/conceptgt-conceptgt-logo-4c-e1651763332627.png 300w\" sizes=\"(max-width: 286px) 100vw, 286px\" \/>\t\t\t\t\t\t\t\t<\/a>\n\t\t\t\t\t\t\t\t\t\t\t\t\t<\/div>\n\t\t\t\t<\/div>\n\t\t\t\t\t<\/div>\n\t\t<\/div>\n\t\t\t\t<div class=\"elementor-column elementor-col-33 elementor-top-column elementor-element elementor-element-2b68166\" data-id=\"2b68166\" data-element_type=\"column\">\n\t\t\t<div class=\"elementor-widget-wrap\">\n\t\t\t\t\t\t\t<\/div>\n\t\t<\/div>\n\t\t\t\t\t<\/div>\n\t\t<\/section>\n\t\t\t\t<section class=\"elementor-section elementor-top-section elementor-element elementor-element-13bd0c2 elementor-section-boxed elementor-section-height-default elementor-section-height-default\" data-id=\"13bd0c2\" data-element_type=\"section\">\n\t\t\t\t\t\t<div class=\"elementor-container elementor-column-gap-default\">\n\t\t\t\t\t<div class=\"elementor-column elementor-col-100 elementor-top-column elementor-element elementor-element-f8e5789\" data-id=\"f8e5789\" data-element_type=\"column\">\n\t\t\t<div class=\"elementor-widget-wrap elementor-element-populated\">\n\t\t\t\t\t\t<div class=\"elementor-element elementor-element-9b97ad1 elementor-widget elementor-widget-spacer\" data-id=\"9b97ad1\" data-element_type=\"widget\" data-widget_type=\"spacer.default\">\n\t\t\t\t<div class=\"elementor-widget-container\">\n\t\t\t<span id=\"9b97ad1\"><\/span>\t\t<div class=\"elementor-spacer\">\n\t\t\t<div class=\"elementor-spacer-inner\"><\/div>\n\t\t<\/div>\n\t\t\t\t<\/div>\n\t\t\t\t<\/div>\n\t\t\t\t<div class=\"elementor-element elementor-element-d0cf132 elementor-icon-list--layout-inline elementor-align-center elementor-list-item-link-full_width elementor-widget elementor-widget-icon-list\" data-id=\"d0cf132\" data-element_type=\"widget\" data-widget_type=\"icon-list.default\">\n\t\t\t\t<div class=\"elementor-widget-container\">\n\t\t\t<span id=\"d0cf132\"><\/span>\t\t<ul class=\"elementor-icon-list-items elementor-inline-items\">\n\t\t\t\t\t\t\t<li class=\"elementor-icon-list-item elementor-inline-item\">\n\t\t\t\t\t\t\t\t\t\t\t<span class=\"elementor-icon-list-icon\">\n\t\t\t\t\t\t\t<i aria-hidden=\"true\" class=\"far fa-copyright\"><\/i>\t\t\t\t\t\t<\/span>\n\t\t\t\t\t\t\t\t\t\t<span class=\"elementor-icon-list-text\">Cover image: conceptGT<\/span>\n\t\t\t\t\t\t\t\t\t<\/li>\n\t\t\t\t\t\t\t\t<li class=\"elementor-icon-list-item elementor-inline-item\">\n\t\t\t\t\t\t\t\t\t\t\t<span class=\"elementor-icon-list-icon\">\n\t\t\t\t\t\t\t<i aria-hidden=\"true\" class=\"far fa-copyright\"><\/i>\t\t\t\t\t\t<\/span>\n\t\t\t\t\t\t\t\t\t\t<span class=\"elementor-icon-list-text\">Text: conceptGT<\/span>\n\t\t\t\t\t\t\t\t\t<\/li>\n\t\t\t\t\t\t<\/ul>\n\t\t\t\t<\/div>\n\t\t\t\t<\/div>\n\t\t\t\t\t<\/div>\n\t\t<\/div>\n\t\t\t\t\t<\/div>\n\t\t<\/section>\n\t\t\t\t<\/div>","protected":false},"excerpt":{"rendered":"<p>Die conceptGT ist ein echtes G\u00fctersloher Kind. Als Tochtergesellschaft der Stadt sind sie Feuer und [&hellip;]<\/p>\n","protected":false},"author":23,"featured_media":36603,"parent":23702,"menu_order":20,"comment_status":"closed","ping_status":"closed","template":"","meta":{"_acf_changed":false,"footnotes":""},"categories":[],"competences":[403],"class_list":["post-36470","page","type-page","status-publish","has-post-thumbnail","hentry","competences-wirtschaftswelten"],"acf":[],"_links":{"self":[{"href":"https:\/\/www.guetersloh-marketing.de\/en\/wp-json\/wp\/v2\/pages\/36470","targetHints":{"allow":["GET"]}}],"collection":[{"href":"https:\/\/www.guetersloh-marketing.de\/en\/wp-json\/wp\/v2\/pages"}],"about":[{"href":"https:\/\/www.guetersloh-marketing.de\/en\/wp-json\/wp\/v2\/types\/page"}],"author":[{"embeddable":true,"href":"https:\/\/www.guetersloh-marketing.de\/en\/wp-json\/wp\/v2\/users\/23"}],"replies":[{"embeddable":true,"href":"https:\/\/www.guetersloh-marketing.de\/en\/wp-json\/wp\/v2\/comments?post=36470"}],"version-history":[{"count":77,"href":"https:\/\/www.guetersloh-marketing.de\/en\/wp-json\/wp\/v2\/pages\/36470\/revisions"}],"predecessor-version":[{"id":54851,"href":"https:\/\/www.guetersloh-marketing.de\/en\/wp-json\/wp\/v2\/pages\/36470\/revisions\/54851"}],"up":[{"embeddable":true,"href":"https:\/\/www.guetersloh-marketing.de\/en\/wp-json\/wp\/v2\/pages\/23702"}],"wp:featuredmedia":[{"embeddable":true,"href":"https:\/\/www.guetersloh-marketing.de\/en\/wp-json\/wp\/v2\/media\/36603"}],"wp:attachment":[{"href":"https:\/\/www.guetersloh-marketing.de\/en\/wp-json\/wp\/v2\/media?parent=36470"}],"wp:term":[{"taxonomy":"category","embeddable":true,"href":"https:\/\/www.guetersloh-marketing.de\/en\/wp-json\/wp\/v2\/categories?post=36470"},{"taxonomy":"competences","embeddable":true,"href":"https:\/\/www.guetersloh-marketing.de\/en\/wp-json\/wp\/v2\/competences?post=36470"}],"curies":[{"name":"wp","href":"https:\/\/api.w.org\/{rel}","templated":true}]}}