{"id":35366,"date":"2022-03-09T10:58:55","date_gmt":"2022-03-09T09:58:55","guid":{"rendered":"https:\/\/www.guetersloh-marketing.de\/projektseiten\/guetersloher-stadtgutschein\/kontakt-2\/"},"modified":"2025-01-17T14:41:45","modified_gmt":"2025-01-17T13:41:45","slug":"kontakt-2","status":"publish","type":"page","link":"https:\/\/www.guetersloh-marketing.de\/en\/guetersloh\/stadtfuehrungen\/kontakt-2\/","title":{"rendered":"Contact"},"content":{"rendered":"<div data-elementor-type=\"wp-page\" data-elementor-id=\"35366\" class=\"elementor elementor-35366\" data-elementor-post-type=\"page\">\n\t\t\t\t\t\t<section class=\"elementor-section elementor-top-section elementor-element elementor-element-ca1ccac elementor-section-boxed elementor-section-height-default elementor-section-height-default\" data-id=\"ca1ccac\" data-element_type=\"section\">\n\t\t\t\t\t\t<div class=\"elementor-container elementor-column-gap-default\">\n\t\t\t\t\t<div class=\"elementor-column elementor-col-100 elementor-top-column elementor-element elementor-element-d9ee79b\" data-id=\"d9ee79b\" data-element_type=\"column\">\n\t\t\t<div class=\"elementor-widget-wrap elementor-element-populated\">\n\t\t\t\t\t\t<div class=\"elementor-element elementor-element-915e571 elementor-widget elementor-widget-spacer\" data-id=\"915e571\" data-element_type=\"widget\" data-widget_type=\"spacer.default\">\n\t\t\t\t<div class=\"elementor-widget-container\">\n\t\t\t<span id=\"915e571\"><\/span>\t\t<div class=\"elementor-spacer\">\n\t\t\t<div class=\"elementor-spacer-inner\"><\/div>\n\t\t<\/div>\n\t\t\t\t<\/div>\n\t\t\t\t<\/div>\n\t\t\t\t\t<\/div>\n\t\t<\/div>\n\t\t\t\t\t<\/div>\n\t\t<\/section>\n\t\t\t\t<section class=\"elementor-section elementor-top-section elementor-element elementor-element-7742028 elementor-section-boxed elementor-section-height-default elementor-section-height-default\" data-id=\"7742028\" data-element_type=\"section\">\n\t\t\t\t\t\t<div class=\"elementor-container elementor-column-gap-default\">\n\t\t\t\t\t<div class=\"elementor-column elementor-col-50 elementor-top-column elementor-element elementor-element-ca08c87\" data-id=\"ca08c87\" data-element_type=\"column\">\n\t\t\t<div class=\"elementor-widget-wrap elementor-element-populated\">\n\t\t\t\t\t\t<div class=\"elementor-element elementor-element-c00ef5b elementor-widget elementor-widget-heading\" data-id=\"c00ef5b\" data-element_type=\"widget\" data-widget_type=\"heading.default\">\n\t\t\t\t<div class=\"elementor-widget-container\">\n\t\t\t<span id=\"c00ef5b\"><\/span><h3 class=\"elementor-heading-title elementor-size-default\">Here you will find our tourist information:\n<\/h3>\t\t<\/div>\n\t\t\t\t<\/div>\n\t\t\t\t<div class=\"elementor-element elementor-element-59fe7ec elementor-position-left elementor-view-default elementor-mobile-position-top elementor-vertical-align-top elementor-widget elementor-widget-icon-box\" data-id=\"59fe7ec\" data-element_type=\"widget\" data-widget_type=\"icon-box.default\">\n\t\t\t\t<div class=\"elementor-widget-container\">\n\t\t\t<span id=\"59fe7ec\"><\/span>\t\t<div class=\"elementor-icon-box-wrapper\">\n\n\t\t\t\t\t\t<div class=\"elementor-icon-box-icon\">\n\t\t\t\t<a href=\"https:\/\/www.google.com\/maps\/dir\/\/G%C3%BCtersloh+Marketing+GmbH,+Berliner+Str.+63,+33330+G%C3%BCtersloh\/@51.908634,8.3780973,17z\/data=!4m9!4m8!1m0!1m5!1m1!1s0x47ba2593843da72b:0xf68ca7c673663ed!2m2!1d8.380286!2d51.908634!3e0?hl=de\" target=\"_blank\" class=\"elementor-icon elementor-animation-\" tabindex=\"-1\">\n\t\t\t\t<i aria-hidden=\"true\" class=\"fas fa-map-marker-alt\"><\/i>\t\t\t\t<\/a>\n\t\t\t<\/div>\n\t\t\t\n\t\t\t\t\t\t<div class=\"elementor-icon-box-content\">\n\n\t\t\t\t\t\t\t\t\t<h4 class=\"elementor-icon-box-title\">\n\t\t\t\t\t\t<a href=\"https:\/\/www.google.com\/maps\/dir\/\/G%C3%BCtersloh+Marketing+GmbH,+Berliner+Str.+63,+33330+G%C3%BCtersloh\/@51.908634,8.3780973,17z\/data=!4m9!4m8!1m0!1m5!1m1!1s0x47ba2593843da72b:0xf68ca7c673663ed!2m2!1d8.380286!2d51.908634!3e0?hl=de\" target=\"_blank\" >\n\t\t\t\t\t\t\tG\u00fctersloh Marketing GmbH\t\t\t\t\t\t<\/a>\n\t\t\t\t\t<\/h4>\n\t\t\t\t\n\t\t\t\t\t\t\t\t\t<p class=\"elementor-icon-box-description\">\n\t\t\t\t\t\tBerliner Stra\u00dfe 63 <\/br>\n33330 G\u00fctersloh,\nGermany\t\t\t\t\t<\/p>\n\t\t\t\t\n\t\t\t<\/div>\n\t\t\t\n\t\t<\/div>\n\t\t\t\t<\/div>\n\t\t\t\t<\/div>\n\t\t\t\t<div class=\"elementor-element elementor-element-4f6f7ca elementor-position-left elementor-view-default elementor-mobile-position-top elementor-vertical-align-top elementor-widget elementor-widget-icon-box\" data-id=\"4f6f7ca\" data-element_type=\"widget\" data-widget_type=\"icon-box.default\">\n\t\t\t\t<div class=\"elementor-widget-container\">\n\t\t\t<span id=\"4f6f7ca\"><\/span>\t\t<div class=\"elementor-icon-box-wrapper\">\n\n\t\t\t\t\t\t<div class=\"elementor-icon-box-icon\">\n\t\t\t\t<span  class=\"elementor-icon elementor-animation-\">\n\t\t\t\t<i aria-hidden=\"true\" class=\"fas fa-mail-bulk\"><\/i>\t\t\t\t<\/span>\n\t\t\t<\/div>\n\t\t\t\n\t\t\t\t\t\t<div class=\"elementor-icon-box-content\">\n\n\t\t\t\t\t\t\t\t\t<h4 class=\"elementor-icon-box-title\">\n\t\t\t\t\t\t<span  >\n\t\t\t\t\t\t\tPostal address:\t\t\t\t\t\t<\/span>\n\t\t\t\t\t<\/h4>\n\t\t\t\t\n\t\t\t\t\t\t\t\t\t<p class=\"elementor-icon-box-description\">\n\t\t\t\t\t\tG\u00fctersloh Marketing GmbH<br>Contact<br>Berliner Stra\u00dfe 63<br>\n33330 G\u00fctersloh,\nGermany\t\t\t\t\t<\/p>\n\t\t\t\t\n\t\t\t<\/div>\n\t\t\t\n\t\t<\/div>\n\t\t\t\t<\/div>\n\t\t\t\t<\/div>\n\t\t\t\t<div class=\"elementor-element elementor-element-ac599d9 elementor-widget elementor-widget-heading\" data-id=\"ac599d9\" data-element_type=\"widget\" data-widget_type=\"heading.default\">\n\t\t\t\t<div class=\"elementor-widget-container\">\n\t\t\t<span id=\"ac599d9\"><\/span><h3 class=\"elementor-heading-title elementor-size-default\">...or you can contact us by phone and mail!<\/h3>\t\t<\/div>\n\t\t\t\t<\/div>\n\t\t\t\t<div class=\"elementor-element elementor-element-e50ca4c elementor-position-left elementor-view-default elementor-mobile-position-top elementor-vertical-align-top elementor-widget elementor-widget-icon-box\" data-id=\"e50ca4c\" data-element_type=\"widget\" data-widget_type=\"icon-box.default\">\n\t\t\t\t<div class=\"elementor-widget-container\">\n\t\t\t<span id=\"e50ca4c\"><\/span>\t\t<div class=\"elementor-icon-box-wrapper\">\n\n\t\t\t\t\t\t<div class=\"elementor-icon-box-icon\">\n\t\t\t\t<a href=\"tel:+4952412109010\" target=\"_blank\" class=\"elementor-icon elementor-animation-\" tabindex=\"-1\">\n\t\t\t\t<i aria-hidden=\"true\" class=\"fas fa-phone-alt\"><\/i>\t\t\t\t<\/a>\n\t\t\t<\/div>\n\t\t\t\n\t\t\t\t\t\t<div class=\"elementor-icon-box-content\">\n\n\t\t\t\t\t\t\t\t\t<h4 class=\"elementor-icon-box-title\">\n\t\t\t\t\t\t<a href=\"tel:+4952412109010\" target=\"_blank\" >\n\t\t\t\t\t\t\tInfoline: 05241 \/ 211 36 0\t\t\t\t\t\t<\/a>\n\t\t\t\t\t<\/h4>\n\t\t\t\t\n\t\t\t\t\t\t\t\t\t<p class=\"elementor-icon-box-description\">\n\t\t\t\t\t\tMon, Tue, Wed and Fri: 10 am to 4 pm<br>\nThu: 10 am to 6 pm<br>\nSat: 10 am to 2 pm \t\t\t\t\t<\/p>\n\t\t\t\t\n\t\t\t<\/div>\n\t\t\t\n\t\t<\/div>\n\t\t\t\t<\/div>\n\t\t\t\t<\/div>\n\t\t\t\t<div class=\"elementor-element elementor-element-f844e9e elementor-position-left elementor-view-default elementor-mobile-position-top elementor-vertical-align-top elementor-widget elementor-widget-icon-box\" data-id=\"f844e9e\" data-element_type=\"widget\" data-widget_type=\"icon-box.default\">\n\t\t\t\t<div class=\"elementor-widget-container\">\n\t\t\t<span id=\"f844e9e\"><\/span>\t\t<div class=\"elementor-icon-box-wrapper\">\n\n\t\t\t\t\t\t<div class=\"elementor-icon-box-icon\">\n\t\t\t\t<a href=\"mailto:info@guetersloh-marketing.de\" target=\"_blank\" class=\"elementor-icon elementor-animation-\" tabindex=\"-1\">\n\t\t\t\t<i aria-hidden=\"true\" class=\"fas fa-at\"><\/i>\t\t\t\t<\/a>\n\t\t\t<\/div>\n\t\t\t\n\t\t\t\t\t\t<div class=\"elementor-icon-box-content\">\n\n\t\t\t\t\t\t\t\t\t<h4 class=\"elementor-icon-box-title\">\n\t\t\t\t\t\t<a href=\"mailto:info@guetersloh-marketing.de\" target=\"_blank\" >\n\t\t\t\t\t\t\tWrite e-mail\t\t\t\t\t\t<\/a>\n\t\t\t\t\t<\/h4>\n\t\t\t\t\n\t\t\t\t\t\t\t\t\t<p class=\"elementor-icon-box-description\">\n\t\t\t\t\t\tinfo@guetersloh-marketing.de\t\t\t\t\t<\/p>\n\t\t\t\t\n\t\t\t<\/div>\n\t\t\t\n\t\t<\/div>\n\t\t\t\t<\/div>\n\t\t\t\t<\/div>\n\t\t\t\t\t<\/div>\n\t\t<\/div>\n\t\t\t\t<div class=\"elementor-column elementor-col-50 elementor-top-column elementor-element elementor-element-90e085e\" data-id=\"90e085e\" data-element_type=\"column\">\n\t\t\t<div class=\"elementor-widget-wrap elementor-element-populated\">\n\t\t\t\t\t\t<div class=\"elementor-element elementor-element-612f116 elementor-position-left elementor-view-default elementor-mobile-position-top elementor-vertical-align-top elementor-widget elementor-widget-icon-box\" data-id=\"612f116\" data-element_type=\"widget\" data-widget_type=\"icon-box.default\">\n\t\t\t\t<div class=\"elementor-widget-container\">\n\t\t\t<span id=\"612f116\"><\/span>\t\t<div class=\"elementor-icon-box-wrapper\">\n\n\t\t\t\t\t\t<div class=\"elementor-icon-box-icon\">\n\t\t\t\t<a href=\"https:\/\/www.reservix.de\/veranstaltungskalender?city=guetersloh&#038;q=stadtf%C3%BChrung\" class=\"elementor-icon elementor-animation-\" tabindex=\"-1\">\n\t\t\t\t<i aria-hidden=\"true\" class=\"fas fa-ticket-alt\"><\/i>\t\t\t\t<\/a>\n\t\t\t<\/div>\n\t\t\t\n\t\t\t\t\t\t<div class=\"elementor-icon-box-content\">\n\n\t\t\t\t\t\t\t\t\t<h3 class=\"elementor-icon-box-title\">\n\t\t\t\t\t\t<a href=\"https:\/\/www.reservix.de\/veranstaltungskalender?city=guetersloh&#038;q=stadtf%C3%BChrung\" >\n\t\t\t\t\t\t\tTickets for all our guided tours are available online here - or from us at the Tourist Information Office!\t\t\t\t\t\t<\/a>\n\t\t\t\t\t<\/h3>\n\t\t\t\t\n\t\t\t\t\n\t\t\t<\/div>\n\t\t\t\n\t\t<\/div>\n\t\t\t\t<\/div>\n\t\t\t\t<\/div>\n\t\t\t\t<div class=\"elementor-element elementor-element-340743a elementor-widget elementor-widget-elementor-contact-extension\" data-id=\"340743a\" data-element_type=\"widget\" data-widget_type=\"elementor-contact-extension.default\">\n\t\t\t\t<div class=\"elementor-widget-container\">\n\t\t\t<span id=\"340743a\"><\/span><div class=\"ansprechpartner-elementor-widget\"><div class=\"row\">\r\n<div class=\"col-md-12\">\r\n    <figure class=\"authorPhoto\">\r\n\t\t\t<img fetchpriority=\"high\" decoding=\"async\" width=\"253\" height=\"380\" src=\"https:\/\/www.guetersloh-marketing.de\/wp-content\/uploads\/2020\/09\/AQ0A5338.jpg\" class=\"attachment-380x380 size-380x380 wp-post-image\" alt=\"\" srcset=\"https:\/\/www.guetersloh-marketing.de\/wp-content\/uploads\/2020\/09\/AQ0A5338.jpg 1080w, https:\/\/www.guetersloh-marketing.de\/wp-content\/uploads\/2020\/09\/AQ0A5338-200x300.jpg 200w, https:\/\/www.guetersloh-marketing.de\/wp-content\/uploads\/2020\/09\/AQ0A5338-683x1024.jpg 683w, https:\/\/www.guetersloh-marketing.de\/wp-content\/uploads\/2020\/09\/AQ0A5338-768x1152.jpg 768w, https:\/\/www.guetersloh-marketing.de\/wp-content\/uploads\/2020\/09\/AQ0A5338-1024x1536.jpg 1024w, https:\/\/www.guetersloh-marketing.de\/wp-content\/uploads\/2020\/09\/AQ0A5338-560x840.jpg 560w\" sizes=\"(max-width: 253px) 100vw, 253px\" \/>\t\t<\/figure>    <div class=\"authorContact\">\r\n        \r\n\t\t\r\n\t\t\t\t\t\t<span class=\"authorName\"><a href=\"https:\/\/www.guetersloh-marketing.de\/en\/blog\/blogger\/gordana-janson\/\">Gordana Janson<\/a><\/span>\t\t\r\n\t\t\t\t\t\r\n        <span class=\"authorPosition\"><\/span>\r\n        <span class=\"authorDepartment\">City tours and tourism<\/span>\r\n                    <span class=\"authorTel\">Phone: <a\r\n                    href=\"tel:05241 211 36 37\">05241 211 36 37<\/a><\/span>\r\n                   \r\n            <span class=\"authorEmail\">E-mail: <a\r\n                    href=\"mailto:&#103;o&#114;da&#110;a.&#106;a&#110;s&#111;n&#64;&#103;ueter&#115;&#108;o&#104;&#45;&#109;a&#114;&#107;et&#105;n&#103;.&#100;e?subject=\">gordana.janson@guetersloh-marketing.de<\/a><\/span>\r\n        \r\n                        \r\n        \r\n\t\t\t\t\t<span class=\"authorProfile\"><a href=\"https:\/\/www.guetersloh-marketing.de\/en\/blog\/blogger\/gordana-janson\/\">Profile<\/a><\/span>\t\t\r\n\t\t\t\t\t\r\n            <\/div>\r\n<\/div>\t<\/div><\/div>\t\t<\/div>\n\t\t\t\t<\/div>\n\t\t\t\t<div class=\"elementor-element elementor-element-83c68a5 elementor-widget elementor-widget-spacer\" data-id=\"83c68a5\" data-element_type=\"widget\" data-widget_type=\"spacer.default\">\n\t\t\t\t<div class=\"elementor-widget-container\">\n\t\t\t<span id=\"83c68a5\"><\/span>\t\t<div class=\"elementor-spacer\">\n\t\t\t<div class=\"elementor-spacer-inner\"><\/div>\n\t\t<\/div>\n\t\t\t\t<\/div>\n\t\t\t\t<\/div>\n\t\t\t\t\t<\/div>\n\t\t<\/div>\n\t\t\t\t\t<\/div>\n\t\t<\/section>\n\t\t\t\t<section class=\"elementor-section elementor-top-section elementor-element elementor-element-9c978e3 elementor-section-boxed elementor-section-height-default elementor-section-height-default\" data-id=\"9c978e3\" data-element_type=\"section\" data-settings=\"{&quot;background_background&quot;:&quot;classic&quot;}\">\n\t\t\t\t\t\t<div class=\"elementor-container elementor-column-gap-wider\">\n\t\t\t\t\t<div class=\"elementor-column elementor-col-100 elementor-top-column elementor-element elementor-element-7d56dde elementor-invisible\" data-id=\"7d56dde\" data-element_type=\"column\" data-settings=\"{&quot;background_background&quot;:&quot;classic&quot;,&quot;animation&quot;:&quot;fadeInLeft&quot;}\">\n\t\t\t<div class=\"elementor-widget-wrap elementor-element-populated\">\n\t\t\t\t\t\t<div class=\"elementor-element elementor-element-188281c elementor-icon-list--layout-inline elementor-align-center elementor-list-item-link-full_width elementor-widget elementor-widget-icon-list\" data-id=\"188281c\" data-element_type=\"widget\" data-widget_type=\"icon-list.default\">\n\t\t\t\t<div class=\"elementor-widget-container\">\n\t\t\t<span id=\"188281c\"><\/span>\t\t<ul class=\"elementor-icon-list-items elementor-inline-items\">\n\t\t\t\t\t\t\t<li class=\"elementor-icon-list-item elementor-inline-item\">\n\t\t\t\t\t\t\t\t\t\t\t<span class=\"elementor-icon-list-icon\">\n\t\t\t\t\t\t\t<i aria-hidden=\"true\" class=\"far fa-copyright\"><\/i>\t\t\t\t\t\t<\/span>\n\t\t\t\t\t\t\t\t\t\t<span class=\"elementor-icon-list-text\">Cover photo: Teutoburg Forest Tourism<\/span>\n\t\t\t\t\t\t\t\t\t<\/li>\n\t\t\t\t\t\t<\/ul>\n\t\t\t\t<\/div>\n\t\t\t\t<\/div>\n\t\t\t\t\t<\/div>\n\t\t<\/div>\n\t\t\t\t\t<\/div>\n\t\t<\/section>\n\t\t\t\t<\/div>","protected":false},"excerpt":{"rendered":"<p>Hier finden Sie unsere Tourist-Information: G\u00fctersloh Marketing GmbH Berliner Stra\u00dfe 63 33330 G\u00fctersloh Postanschrift: G\u00fctersloh [&hellip;]<\/p>\n","protected":false},"author":23,"featured_media":22679,"parent":35365,"menu_order":13,"comment_status":"closed","ping_status":"closed","template":"","meta":{"_acf_changed":false,"footnotes":""},"categories":[],"competences":[],"class_list":["post-35366","page","type-page","status-publish","has-post-thumbnail","hentry"],"acf":[],"_links":{"self":[{"href":"https:\/\/www.guetersloh-marketing.de\/en\/wp-json\/wp\/v2\/pages\/35366","targetHints":{"allow":["GET"]}}],"collection":[{"href":"https:\/\/www.guetersloh-marketing.de\/en\/wp-json\/wp\/v2\/pages"}],"about":[{"href":"https:\/\/www.guetersloh-marketing.de\/en\/wp-json\/wp\/v2\/types\/page"}],"author":[{"embeddable":true,"href":"https:\/\/www.guetersloh-marketing.de\/en\/wp-json\/wp\/v2\/users\/23"}],"replies":[{"embeddable":true,"href":"https:\/\/www.guetersloh-marketing.de\/en\/wp-json\/wp\/v2\/comments?post=35366"}],"version-history":[{"count":22,"href":"https:\/\/www.guetersloh-marketing.de\/en\/wp-json\/wp\/v2\/pages\/35366\/revisions"}],"predecessor-version":[{"id":48418,"href":"https:\/\/www.guetersloh-marketing.de\/en\/wp-json\/wp\/v2\/pages\/35366\/revisions\/48418"}],"up":[{"embeddable":true,"href":"https:\/\/www.guetersloh-marketing.de\/en\/wp-json\/wp\/v2\/pages\/35365"}],"wp:featuredmedia":[{"embeddable":true,"href":"https:\/\/www.guetersloh-marketing.de\/en\/wp-json\/wp\/v2\/media\/22679"}],"wp:attachment":[{"href":"https:\/\/www.guetersloh-marketing.de\/en\/wp-json\/wp\/v2\/media?parent=35366"}],"wp:term":[{"taxonomy":"category","embeddable":true,"href":"https:\/\/www.guetersloh-marketing.de\/en\/wp-json\/wp\/v2\/categories?post=35366"},{"taxonomy":"competences","embeddable":true,"href":"https:\/\/www.guetersloh-marketing.de\/en\/wp-json\/wp\/v2\/competences?post=35366"}],"curies":[{"name":"wp","href":"https:\/\/api.w.org\/{rel}","templated":true}]}}