{"id":35214,"date":"2024-01-01T12:42:00","date_gmt":"2022-03-07T11:42:26","guid":{"rendered":"https:\/\/www.guetersloh-marketing.de\/?page_id=35214"},"modified":"2026-03-26T13:59:46","modified_gmt":"2026-03-26T12:59:46","slug":"guetersloher-fruehling","status":"publish","type":"page","link":"https:\/\/www.guetersloh-marketing.de\/en\/projektseiten\/guetersloher-fruehling\/","title":{"rendered":"G\u00fctersloher Fr\u00fchling"},"content":{"rendered":"<div data-elementor-type=\"wp-page\" data-elementor-id=\"35214\" class=\"elementor elementor-35214\" data-elementor-post-type=\"page\">\n\t\t\t\t\t\t<section class=\"elementor-section elementor-top-section elementor-element elementor-element-1087612 elementor-section-boxed elementor-section-height-default elementor-section-height-default\" data-id=\"1087612\" data-element_type=\"section\">\n\t\t\t\t\t\t<div class=\"elementor-container elementor-column-gap-default\">\n\t\t\t\t\t<div class=\"elementor-column elementor-col-100 elementor-top-column elementor-element elementor-element-7c67ec4\" data-id=\"7c67ec4\" data-element_type=\"column\">\n\t\t\t<div class=\"elementor-widget-wrap elementor-element-populated\">\n\t\t\t\t\t\t<div class=\"elementor-element elementor-element-d56024f elementor-widget elementor-widget-spacer\" data-id=\"d56024f\" data-element_type=\"widget\" data-widget_type=\"spacer.default\">\n\t\t\t\t<div class=\"elementor-widget-container\">\n\t\t\t<span id=\"d56024f\"><\/span>\t\t<div class=\"elementor-spacer\">\n\t\t\t<div class=\"elementor-spacer-inner\"><\/div>\n\t\t<\/div>\n\t\t\t\t<\/div>\n\t\t\t\t<\/div>\n\t\t\t\t\t<\/div>\n\t\t<\/div>\n\t\t\t\t\t<\/div>\n\t\t<\/section>\n\t\t\t\t<section class=\"elementor-section elementor-top-section elementor-element elementor-element-69f0e86 elementor-section-boxed elementor-section-height-default elementor-section-height-default\" data-id=\"69f0e86\" data-element_type=\"section\">\n\t\t\t\t\t\t<div class=\"elementor-container elementor-column-gap-default\">\n\t\t\t\t\t<div class=\"elementor-column elementor-col-100 elementor-top-column elementor-element elementor-element-4510717\" data-id=\"4510717\" data-element_type=\"column\">\n\t\t\t<div class=\"elementor-widget-wrap elementor-element-populated\">\n\t\t\t\t\t\t<div class=\"elementor-element elementor-element-14a2072 elementor-widget elementor-widget-heading\" data-id=\"14a2072\" data-element_type=\"widget\" data-widget_type=\"heading.default\">\n\t\t\t\t<div class=\"elementor-widget-container\">\n\t\t\t<span id=\"14a2072\"><\/span><h2 class=\"elementor-heading-title elementor-size-default\">G\u00fctersloher Fr\u00fchling<\/h2>\t\t<\/div>\n\t\t\t\t<\/div>\n\t\t\t\t<div class=\"elementor-element elementor-element-234fd1e elementor-widget elementor-widget-spacer\" data-id=\"234fd1e\" data-element_type=\"widget\" data-widget_type=\"spacer.default\">\n\t\t\t\t<div class=\"elementor-widget-container\">\n\t\t\t<span id=\"234fd1e\"><\/span>\t\t<div class=\"elementor-spacer\">\n\t\t\t<div class=\"elementor-spacer-inner\"><\/div>\n\t\t<\/div>\n\t\t\t\t<\/div>\n\t\t\t\t<\/div>\n\t\t\t\t\t<\/div>\n\t\t<\/div>\n\t\t\t\t\t<\/div>\n\t\t<\/section>\n\t\t\t\t<section class=\"elementor-section elementor-top-section elementor-element elementor-element-d971651 elementor-section-boxed elementor-section-height-default elementor-section-height-default\" data-id=\"d971651\" data-element_type=\"section\">\n\t\t\t\t\t\t<div class=\"elementor-container elementor-column-gap-default\">\n\t\t\t\t\t<div class=\"elementor-column elementor-col-100 elementor-top-column elementor-element elementor-element-d080769\" data-id=\"d080769\" data-element_type=\"column\">\n\t\t\t<div class=\"elementor-widget-wrap elementor-element-populated\">\n\t\t\t\t\t\t<div class=\"elementor-element elementor-element-1eea9ac elementor-widget__width-initial elementor-widget elementor-widget-text-editor\" data-id=\"1eea9ac\" data-element_type=\"widget\" data-widget_type=\"text-editor.default\">\n\t\t\t\t<div class=\"elementor-widget-container\">\n\t\t\t<span id=\"1eea9ac\"><\/span>\t\t\t\t<p class=\"\" data-start=\"161\" data-end=\"466\">With the start of spring on the calendar, the new season also arrives in our city center. For several weeks, visitors can expect colorful decorations and a variety of activities around the blossoming park landscape on Berliner Platz, bringing spring to life.<\/p><p class=\"\" data-start=\"468\" data-end=\"862\">Colorful round benches with XXL flower pots transform the streets into small oases of peace and invite you to linger. In addition, lovingly designed flowerbeds at selected locations create a spring-like ambience in the middle of the city. For all those who want to capture special memories, there are also photo spots that are perfect for a spring photo.<\/p><p class=\"\" data-start=\"864\" data-end=\"1304\">The events \"G\u00fctersloher Fr\u00fchling bl\u00fcht auf\" and \"G\u00fctersloher Fr\u00fchling in voller Bl\u00fcte\" are a special highlight of the G\u00fctersloh Spring. Visitors can look forward to a varied program - including a colourful street art festival, creative hands-on activities and other surprises for young and old. The city center will thus become a meeting place for everyone who wants to enjoy spring to the fullest.<\/p>\t\t\t\t\t\t<\/div>\n\t\t\t\t<\/div>\n\t\t\t\t\t<\/div>\n\t\t<\/div>\n\t\t\t\t<div class=\"elementor-column elementor-col-100 elementor-top-column elementor-element elementor-element-ecef394\" data-id=\"ecef394\" data-element_type=\"column\">\n\t\t\t<div class=\"elementor-widget-wrap elementor-element-populated\">\n\t\t\t\t\t\t<div class=\"elementor-element elementor-element-4798e37 elementor-widget elementor-widget-image\" data-id=\"4798e37\" data-element_type=\"widget\" data-widget_type=\"image.default\">\n\t\t\t\t<div class=\"elementor-widget-container\">\n\t\t\t<span id=\"4798e37\"><\/span>\t\t\t\t\t\t\t\t\t\t<img fetchpriority=\"high\" decoding=\"async\" width=\"800\" height=\"534\" src=\"https:\/\/www.guetersloh-marketing.de\/wp-content\/uploads\/2026\/03\/guetersloher-fruehling-guetersloher-fruehling-blueht-auf--lena-descher-9279-1024x683.jpg\" class=\"attachment-large size-large wp-image-54467\" alt=\"Blumen im Park mit einem historischen Geb\u00e4ude im Hintergrund\" srcset=\"https:\/\/www.guetersloh-marketing.de\/wp-content\/uploads\/2026\/03\/guetersloher-fruehling-guetersloher-fruehling-blueht-auf--lena-descher-9279-1024x683.jpg 1024w, https:\/\/www.guetersloh-marketing.de\/wp-content\/uploads\/2026\/03\/guetersloher-fruehling-guetersloher-fruehling-blueht-auf--lena-descher-9279-300x200.jpg 300w, https:\/\/www.guetersloh-marketing.de\/wp-content\/uploads\/2026\/03\/guetersloher-fruehling-guetersloher-fruehling-blueht-auf--lena-descher-9279-768x512.jpg 768w, https:\/\/www.guetersloh-marketing.de\/wp-content\/uploads\/2026\/03\/guetersloher-fruehling-guetersloher-fruehling-blueht-auf--lena-descher-9279-18x12.jpg 18w, https:\/\/www.guetersloh-marketing.de\/wp-content\/uploads\/2026\/03\/guetersloher-fruehling-guetersloher-fruehling-blueht-auf--lena-descher-9279-560x373.jpg 560w, https:\/\/www.guetersloh-marketing.de\/wp-content\/uploads\/2026\/03\/guetersloher-fruehling-guetersloher-fruehling-blueht-auf--lena-descher-9279.jpg 1500w\" sizes=\"(max-width: 800px) 100vw, 800px\" \/>\t\t\t\t\t\t\t\t\t\t\t\t\t<\/div>\n\t\t\t\t<\/div>\n\t\t\t\t<div class=\"elementor-element elementor-element-64b87d8 elementor-align-center elementor-icon-list--layout-traditional elementor-list-item-link-full_width elementor-widget elementor-widget-icon-list\" data-id=\"64b87d8\" data-element_type=\"widget\" data-widget_type=\"icon-list.default\">\n\t\t\t\t<div class=\"elementor-widget-container\">\n\t\t\t<span id=\"64b87d8\"><\/span>\t\t<ul class=\"elementor-icon-list-items\">\n\t\t\t\t\t\t\t<li class=\"elementor-icon-list-item\">\n\t\t\t\t\t\t\t\t\t\t\t<span class=\"elementor-icon-list-icon\">\n\t\t\t\t\t\t\t<i aria-hidden=\"true\" class=\"far fa-calendar-alt\"><\/i>\t\t\t\t\t\t<\/span>\n\t\t\t\t\t\t\t\t\t\t<span class=\"elementor-icon-list-text\">19.03. - 17.05.2026<\/span>\n\t\t\t\t\t\t\t\t\t<\/li>\n\t\t\t\t\t\t<\/ul>\n\t\t\t\t<\/div>\n\t\t\t\t<\/div>\n\t\t\t\t\t<\/div>\n\t\t<\/div>\n\t\t\t\t\t<\/div>\n\t\t<\/section>\n\t\t\t\t<section class=\"elementor-section elementor-top-section elementor-element elementor-element-291ef555 elementor-section-boxed elementor-section-height-default elementor-section-height-default\" data-id=\"291ef555\" data-element_type=\"section\">\n\t\t\t\t\t\t<div class=\"elementor-container elementor-column-gap-default\">\n\t\t\t\t\t<div class=\"elementor-column elementor-col-100 elementor-top-column elementor-element elementor-element-4aabe88\" data-id=\"4aabe88\" data-element_type=\"column\">\n\t\t\t<div class=\"elementor-widget-wrap elementor-element-populated\">\n\t\t\t\t\t\t<div class=\"elementor-element elementor-element-f6e2838 elementor-widget elementor-widget-spacer\" data-id=\"f6e2838\" data-element_type=\"widget\" data-widget_type=\"spacer.default\">\n\t\t\t\t<div class=\"elementor-widget-container\">\n\t\t\t<span id=\"f6e2838\"><\/span>\t\t<div class=\"elementor-spacer\">\n\t\t\t<div class=\"elementor-spacer-inner\"><\/div>\n\t\t<\/div>\n\t\t\t\t<\/div>\n\t\t\t\t<\/div>\n\t\t\t\t\t<\/div>\n\t\t<\/div>\n\t\t\t\t\t<\/div>\n\t\t<\/section>\n\t\t\t\t<section class=\"elementor-section elementor-top-section elementor-element elementor-element-7508c411 elementor-section-boxed elementor-section-height-default elementor-section-height-default\" data-id=\"7508c411\" data-element_type=\"section\">\n\t\t\t\t\t\t<div class=\"elementor-container elementor-column-gap-default\">\n\t\t\t\t\t\t<\/div>\n\t\t<\/section>\n\t\t\t\t<section class=\"elementor-section elementor-top-section elementor-element elementor-element-e5282d3 elementor-section-boxed elementor-section-height-default elementor-section-height-default\" data-id=\"e5282d3\" data-element_type=\"section\">\n\t\t\t\t\t\t<div class=\"elementor-container elementor-column-gap-default\">\n\t\t\t\t\t<div class=\"elementor-column elementor-col-25 elementor-top-column elementor-element elementor-element-28e4d4bf\" data-id=\"28e4d4bf\" data-element_type=\"column\">\n\t\t\t<div class=\"elementor-widget-wrap elementor-element-populated\">\n\t\t\t\t\t\t<div class=\"elementor-element elementor-element-06e34d5 elementor-align-left elementor-widget elementor-widget-button\" data-id=\"06e34d5\" data-element_type=\"widget\" data-widget_type=\"button.default\">\n\t\t\t\t<div class=\"elementor-widget-container\">\n\t\t\t<span id=\"06e34d5\"><\/span>\t\t<div class=\"elementor-button-wrapper\">\n\t\t\t<a class=\"elementor-button elementor-button-link elementor-size-md\" href=\"https:\/\/www.facebook.com\/guetersloherfruehling\" target=\"_blank\" rel=\"nofollow\">\n\t\t\t\t\t\t<span class=\"elementor-button-content-wrapper\">\n\t\t\t\t\t\t<span class=\"elementor-button-icon\">\n\t\t\t\t<i aria-hidden=\"true\" class=\"fab fa-facebook\"><\/i>\t\t\t<\/span>\n\t\t\t\t\t\t\t\t\t<span class=\"elementor-button-text\">To our Facebook page<\/span>\n\t\t\t\t\t<\/span>\n\t\t\t\t\t<\/a>\n\t\t<\/div>\n\t\t\t\t<\/div>\n\t\t\t\t<\/div>\n\t\t\t\t\t<\/div>\n\t\t<\/div>\n\t\t\t\t<div class=\"elementor-column elementor-col-25 elementor-top-column elementor-element elementor-element-de0e645\" data-id=\"de0e645\" data-element_type=\"column\">\n\t\t\t<div class=\"elementor-widget-wrap\">\n\t\t\t\t\t\t\t<\/div>\n\t\t<\/div>\n\t\t\t\t<div class=\"elementor-column elementor-col-25 elementor-top-column elementor-element elementor-element-ec9e4e3\" data-id=\"ec9e4e3\" data-element_type=\"column\">\n\t\t\t<div class=\"elementor-widget-wrap\">\n\t\t\t\t\t\t\t<\/div>\n\t\t<\/div>\n\t\t\t\t<div class=\"elementor-column elementor-col-25 elementor-top-column elementor-element elementor-element-dff25e5\" data-id=\"dff25e5\" data-element_type=\"column\">\n\t\t\t<div class=\"elementor-widget-wrap elementor-element-populated\">\n\t\t\t\t\t\t<div class=\"elementor-element elementor-element-c0896d9 elementor-widget elementor-widget-heading\" data-id=\"c0896d9\" data-element_type=\"widget\" data-widget_type=\"heading.default\">\n\t\t\t\t<div class=\"elementor-widget-container\">\n\t\t\t<span id=\"c0896d9\"><\/span><h5 class=\"elementor-heading-title elementor-size-default\">Partner:<\/h5>\t\t<\/div>\n\t\t\t\t<\/div>\n\t\t\t\t<div class=\"elementor-element elementor-element-fc38ddf elementor-widget elementor-widget-image\" data-id=\"fc38ddf\" data-element_type=\"widget\" data-widget_type=\"image.default\">\n\t\t\t\t<div class=\"elementor-widget-container\">\n\t\t\t<span id=\"fc38ddf\"><\/span>\t\t\t\t\t\t\t\t\t\t<img decoding=\"async\" width=\"150\" height=\"150\" src=\"https:\/\/www.guetersloh-marketing.de\/wp-content\/uploads\/2026\/02\/guetersloher-fruehling-neues-logo-wg-alles-guete-freigestellt-150x150.png\" class=\"attachment-thumbnail size-thumbnail wp-image-53765\" alt=\"Logo der G\u00fcte-Werbegemeinschaft G\u00fctersloh\" srcset=\"https:\/\/www.guetersloh-marketing.de\/wp-content\/uploads\/2026\/02\/guetersloher-fruehling-neues-logo-wg-alles-guete-freigestellt-150x150.png 150w, https:\/\/www.guetersloh-marketing.de\/wp-content\/uploads\/2026\/02\/guetersloher-fruehling-neues-logo-wg-alles-guete-freigestellt-300x300.png 300w, https:\/\/www.guetersloh-marketing.de\/wp-content\/uploads\/2026\/02\/guetersloher-fruehling-neues-logo-wg-alles-guete-freigestellt-768x768.png 768w, https:\/\/www.guetersloh-marketing.de\/wp-content\/uploads\/2026\/02\/guetersloher-fruehling-neues-logo-wg-alles-guete-freigestellt-12x12.png 12w, https:\/\/www.guetersloh-marketing.de\/wp-content\/uploads\/2026\/02\/guetersloher-fruehling-neues-logo-wg-alles-guete-freigestellt-560x560.png 560w, https:\/\/www.guetersloh-marketing.de\/wp-content\/uploads\/2026\/02\/guetersloher-fruehling-neues-logo-wg-alles-guete-freigestellt-100x100.png 100w, https:\/\/www.guetersloh-marketing.de\/wp-content\/uploads\/2026\/02\/guetersloher-fruehling-neues-logo-wg-alles-guete-freigestellt-24x24.png 24w, https:\/\/www.guetersloh-marketing.de\/wp-content\/uploads\/2026\/02\/guetersloher-fruehling-neues-logo-wg-alles-guete-freigestellt-48x48.png 48w, https:\/\/www.guetersloh-marketing.de\/wp-content\/uploads\/2026\/02\/guetersloher-fruehling-neues-logo-wg-alles-guete-freigestellt-96x96.png 96w, https:\/\/www.guetersloh-marketing.de\/wp-content\/uploads\/2026\/02\/guetersloher-fruehling-neues-logo-wg-alles-guete-freigestellt.png 982w\" sizes=\"(max-width: 150px) 100vw, 150px\" \/>\t\t\t\t\t\t\t\t\t\t\t\t\t<\/div>\n\t\t\t\t<\/div>\n\t\t\t\t\t<\/div>\n\t\t<\/div>\n\t\t\t\t\t<\/div>\n\t\t<\/section>\n\t\t\t\t<section class=\"elementor-section elementor-top-section elementor-element elementor-element-f7283e6 elementor-section-boxed elementor-section-height-default elementor-section-height-default\" data-id=\"f7283e6\" data-element_type=\"section\">\n\t\t\t\t\t\t<div class=\"elementor-container elementor-column-gap-default\">\n\t\t\t\t\t<div class=\"elementor-column elementor-col-100 elementor-top-column elementor-element elementor-element-a17be61\" data-id=\"a17be61\" data-element_type=\"column\">\n\t\t\t<div class=\"elementor-widget-wrap elementor-element-populated\">\n\t\t\t\t\t\t<div class=\"elementor-element elementor-element-a1b4823 elementor-widget elementor-widget-image\" data-id=\"a1b4823\" data-element_type=\"widget\" data-widget_type=\"image.default\">\n\t\t\t\t<div class=\"elementor-widget-container\">\n\t\t\t<span id=\"a1b4823\"><\/span>\t\t\t\t\t\t\t\t\t\t<img decoding=\"async\" src=\"https:\/\/www.guetersloh-marketing.de\/wp-content\/uploads\/2026\/03\/guetersloher-fruehling-sponsorenwand-hp.png\" title=\"\" alt=\"\" loading=\"lazy\" \/>\t\t\t\t\t\t\t\t\t\t\t\t\t<\/div>\n\t\t\t\t<\/div>\n\t\t\t\t\t<\/div>\n\t\t<\/div>\n\t\t\t\t\t<\/div>\n\t\t<\/section>\n\t\t\t\t<section class=\"elementor-section elementor-top-section elementor-element elementor-element-ed44714 elementor-section-boxed elementor-section-height-default elementor-section-height-default\" data-id=\"ed44714\" data-element_type=\"section\">\n\t\t\t\t\t\t<div class=\"elementor-container elementor-column-gap-default\">\n\t\t\t\t\t<div class=\"elementor-column elementor-col-100 elementor-top-column elementor-element elementor-element-1ec2e60\" data-id=\"1ec2e60\" data-element_type=\"column\">\n\t\t\t<div class=\"elementor-widget-wrap elementor-element-populated\">\n\t\t\t\t\t\t<div class=\"elementor-element elementor-element-5c1064b4 elementor-icon-list--layout-inline elementor-align-center elementor-list-item-link-full_width elementor-widget elementor-widget-icon-list\" data-id=\"5c1064b4\" data-element_type=\"widget\" data-widget_type=\"icon-list.default\">\n\t\t\t\t<div class=\"elementor-widget-container\">\n\t\t\t<span id=\"5c1064b4\"><\/span>\t\t<ul class=\"elementor-icon-list-items elementor-inline-items\">\n\t\t\t\t\t\t\t<li class=\"elementor-icon-list-item elementor-inline-item\">\n\t\t\t\t\t\t\t\t\t\t\t<span class=\"elementor-icon-list-icon\">\n\t\t\t\t\t\t\t<i aria-hidden=\"true\" class=\"far fa-copyright\"><\/i>\t\t\t\t\t\t<\/span>\n\t\t\t\t\t\t\t\t\t\t<span class=\"elementor-icon-list-text\">Lena Descher<\/span>\n\t\t\t\t\t\t\t\t\t<\/li>\n\t\t\t\t\t\t<\/ul>\n\t\t\t\t<\/div>\n\t\t\t\t<\/div>\n\t\t\t\t\t<\/div>\n\t\t<\/div>\n\t\t\t\t\t<\/div>\n\t\t<\/section>\n\t\t\t\t<\/div>","protected":false},"excerpt":{"rendered":"<p>G\u00fctersloher Fr\u00fchling Mit dem kalendarischen Fr\u00fchlingsanfang h\u00e4lt auch in unserer Innenstadt die neue Jahreszeit Einzug. [&hellip;]<\/p>\n","protected":false},"author":19,"featured_media":24496,"parent":23702,"menu_order":0,"comment_status":"closed","ping_status":"closed","template":"","meta":{"_acf_changed":false,"footnotes":""},"categories":[451,452],"competences":[399,402,403],"class_list":["post-35214","page","type-page","status-publish","has-post-thumbnail","hentry","category-grossveranstaltungen","category-veranstaltungen","competences-familienwelten","competences-urbanwelten","competences-wirtschaftswelten"],"acf":[],"_links":{"self":[{"href":"https:\/\/www.guetersloh-marketing.de\/en\/wp-json\/wp\/v2\/pages\/35214","targetHints":{"allow":["GET"]}}],"collection":[{"href":"https:\/\/www.guetersloh-marketing.de\/en\/wp-json\/wp\/v2\/pages"}],"about":[{"href":"https:\/\/www.guetersloh-marketing.de\/en\/wp-json\/wp\/v2\/types\/page"}],"author":[{"embeddable":true,"href":"https:\/\/www.guetersloh-marketing.de\/en\/wp-json\/wp\/v2\/users\/19"}],"replies":[{"embeddable":true,"href":"https:\/\/www.guetersloh-marketing.de\/en\/wp-json\/wp\/v2\/comments?post=35214"}],"version-history":[{"count":222,"href":"https:\/\/www.guetersloh-marketing.de\/en\/wp-json\/wp\/v2\/pages\/35214\/revisions"}],"predecessor-version":[{"id":54470,"href":"https:\/\/www.guetersloh-marketing.de\/en\/wp-json\/wp\/v2\/pages\/35214\/revisions\/54470"}],"up":[{"embeddable":true,"href":"https:\/\/www.guetersloh-marketing.de\/en\/wp-json\/wp\/v2\/pages\/23702"}],"wp:featuredmedia":[{"embeddable":true,"href":"https:\/\/www.guetersloh-marketing.de\/en\/wp-json\/wp\/v2\/media\/24496"}],"wp:attachment":[{"href":"https:\/\/www.guetersloh-marketing.de\/en\/wp-json\/wp\/v2\/media?parent=35214"}],"wp:term":[{"taxonomy":"category","embeddable":true,"href":"https:\/\/www.guetersloh-marketing.de\/en\/wp-json\/wp\/v2\/categories?post=35214"},{"taxonomy":"competences","embeddable":true,"href":"https:\/\/www.guetersloh-marketing.de\/en\/wp-json\/wp\/v2\/competences?post=35214"}],"curies":[{"name":"wp","href":"https:\/\/api.w.org\/{rel}","templated":true}]}}