{"id":24679,"date":"2020-12-01T09:24:00","date_gmt":"2020-12-01T08:24:00","guid":{"rendered":"https:\/\/www.guetersloh-marketing.de\/?page_id=24679"},"modified":"2025-05-23T15:08:57","modified_gmt":"2025-05-23T13:08:57","slug":"stadtgutschein","status":"publish","type":"page","link":"https:\/\/www.guetersloh-marketing.de\/en\/projektseiten\/stadtgutschein\/","title":{"rendered":"G\u00fctersloh city voucher"},"content":{"rendered":"<div data-elementor-type=\"wp-page\" data-elementor-id=\"24679\" class=\"elementor elementor-24679\" data-elementor-post-type=\"page\">\n\t\t\t\t\t\t<section class=\"elementor-section elementor-top-section elementor-element elementor-element-c51db1a elementor-section-boxed elementor-section-height-default elementor-section-height-default\" data-id=\"c51db1a\" data-element_type=\"section\">\n\t\t\t\t\t\t<div class=\"elementor-container elementor-column-gap-default\">\n\t\t\t\t\t<div class=\"elementor-column elementor-col-100 elementor-top-column elementor-element elementor-element-844bee2\" data-id=\"844bee2\" data-element_type=\"column\">\n\t\t\t<div class=\"elementor-widget-wrap elementor-element-populated\">\n\t\t\t\t\t\t<div class=\"elementor-element elementor-element-46b19f4 elementor-widget elementor-widget-heading\" data-id=\"46b19f4\" data-element_type=\"widget\" data-widget_type=\"heading.default\">\n\t\t\t\t<div class=\"elementor-widget-container\">\n\t\t\t<span id=\"46b19f4\"><\/span><h2 class=\"elementor-heading-title elementor-size-default\">Give away a piece of G\u00fctersloh! <\/h2>\t\t<\/div>\n\t\t\t\t<\/div>\n\t\t\t\t<section class=\"elementor-section elementor-inner-section elementor-element elementor-element-a980ad6 elementor-section-boxed elementor-section-height-default elementor-section-height-default\" data-id=\"a980ad6\" data-element_type=\"section\">\n\t\t\t\t\t\t<div class=\"elementor-container elementor-column-gap-default\">\n\t\t\t\t\t<div class=\"elementor-column elementor-col-50 elementor-inner-column elementor-element elementor-element-8e63797\" data-id=\"8e63797\" data-element_type=\"column\">\n\t\t\t<div class=\"elementor-widget-wrap elementor-element-populated\">\n\t\t\t\t\t\t<div class=\"elementor-element elementor-element-bd99641 elementor-widget elementor-widget-text-editor\" data-id=\"bd99641\" data-element_type=\"widget\" data-widget_type=\"text-editor.default\">\n\t\t\t\t<div class=\"elementor-widget-container\">\n\t\t\t<span id=\"bd99641\"><\/span>\t\t\t\t<section class=\"elementor-section elementor-top-section elementor-element elementor-element-f9e2686 elementor-section-boxed elementor-section-height-default elementor-section-height-default\" data-id=\"f9e2686\" data-element_type=\"section\"><div class=\"elementor-container elementor-column-gap-default\"><div class=\"elementor-row\"><div class=\"elementor-column elementor-col-100 elementor-top-column elementor-element elementor-element-6901424\" data-id=\"6901424\" data-element_type=\"column\"><div class=\"elementor-column-wrap elementor-element-populated\"><div class=\"elementor-widget-wrap\"><div class=\"elementor-element elementor-element-bd23287 elementor-widget elementor-widget-text-editor\" data-id=\"bd23287\" data-element_type=\"widget\" data-widget_type=\"text-editor.default\"><div class=\"elementor-widget-container\"><div class=\"elementor-text-editor elementor-clearfix\"><p>The city voucher G\u00fctersloh is <strong>in numerous G\u00fctersloh stores<\/strong>restaurants, caf\u00e9s, bars or at various service providers. It offers the entire range of products on offer in G\u00fctersloh on one handy card!<\/p><p>You can purchase the voucher from us at the Tourist Information Office or order it by phone\/email and then collect it from the Tourist Information Office. Further points of sale can be found below.<\/p><p>In doing so, you can use the <strong>Choose amount as you like<\/strong>: Whether 66.66 euros for a 66th birthday or 40 euros for a 40th anniversary, anything is possible. <strong>The perfect gift for any occasion.<\/strong><\/p><p>The voucher can then be redeemed according to personal preference. Whether for a business partner, friend or family, perfume, clothing or a great dinner: G\u00fctersloh's retailers, restaurants and service providers have a wide range of offers.<\/p><p><strong>Partial redemptions <\/strong>are problem-free <strong>possible<\/strong>. The remaining balance can be viewed at any time at all participating stores.<\/p><\/div><p>Employers can also use the city voucher to give tax-free benefits in kind to their employees in the form of a voucher and thus promote the local economy at the same time.<\/p><\/div><\/div><\/div><\/div><\/div><\/div><\/div><\/section>\t\t\t\t\t\t<\/div>\n\t\t\t\t<\/div>\n\t\t\t\t<div class=\"elementor-element elementor-element-5b0ef05 elementor-align-left elementor-widget elementor-widget-button\" data-id=\"5b0ef05\" data-element_type=\"widget\" data-widget_type=\"button.default\">\n\t\t\t\t<div class=\"elementor-widget-container\">\n\t\t\t<span id=\"5b0ef05\"><\/span>\t\t<div class=\"elementor-button-wrapper\">\n\t\t\t<a class=\"elementor-button elementor-button-link elementor-size-lg\" href=\"http:\/\/www.stadtgutschein-guetersloh.de\">\n\t\t\t\t\t\t<span class=\"elementor-button-content-wrapper\">\n\t\t\t\t\t\t\t\t\t<span class=\"elementor-button-text\">You can find all acceptance and sales points here! <\/span>\n\t\t\t\t\t<\/span>\n\t\t\t\t\t<\/a>\n\t\t<\/div>\n\t\t\t\t<\/div>\n\t\t\t\t<\/div>\n\t\t\t\t<div class=\"elementor-element elementor-element-fa30ce5 elementor-widget elementor-widget-spacer\" data-id=\"fa30ce5\" data-element_type=\"widget\" data-widget_type=\"spacer.default\">\n\t\t\t\t<div class=\"elementor-widget-container\">\n\t\t\t<span id=\"fa30ce5\"><\/span>\t\t<div class=\"elementor-spacer\">\n\t\t\t<div class=\"elementor-spacer-inner\"><\/div>\n\t\t<\/div>\n\t\t\t\t<\/div>\n\t\t\t\t<\/div>\n\t\t\t\t<div class=\"elementor-element elementor-element-7d54145 elementor-widget elementor-widget-heading\" data-id=\"7d54145\" data-element_type=\"widget\" data-widget_type=\"heading.default\">\n\t\t\t\t<div class=\"elementor-widget-container\">\n\t\t\t<span id=\"7d54145\"><\/span><h3 class=\"elementor-heading-title elementor-size-default\">We have summarized the most important questions about the city voucher here:<\/h3>\t\t<\/div>\n\t\t\t\t<\/div>\n\t\t\t\t<div class=\"elementor-element elementor-element-8f9804a elementor-widget elementor-widget-toggle\" data-id=\"8f9804a\" data-element_type=\"widget\" data-widget_type=\"toggle.default\">\n\t\t\t\t<div class=\"elementor-widget-container\">\n\t\t\t<span id=\"8f9804a\"><\/span>\t\t<div class=\"elementor-toggle\">\n\t\t\t\t\t\t\t<div class=\"elementor-toggle-item\">\n\t\t\t\t\t<div id=\"elementor-tab-title-1501\" class=\"elementor-tab-title\" data-tab=\"1\" role=\"button\" aria-controls=\"elementor-tab-content-1501\" aria-expanded=\"false\">\n\t\t\t\t\t\t\t\t\t\t\t\t<span class=\"elementor-toggle-icon elementor-toggle-icon-left\" aria-hidden=\"true\">\n\t\t\t\t\t\t\t\t\t\t\t\t\t\t\t<span class=\"elementor-toggle-icon-closed\"><i class=\"fas fa-caret-right\"><\/i><\/span>\n\t\t\t\t\t\t\t\t<span class=\"elementor-toggle-icon-opened\"><i class=\"elementor-toggle-icon-opened fas fa-caret-up\"><\/i><\/span>\n\t\t\t\t\t\t\t\t\t\t\t\t\t<\/span>\n\t\t\t\t\t\t\t\t\t\t\t\t<a class=\"elementor-toggle-title\" tabindex=\"0\">Where can I buy the voucher?<\/a>\n\t\t\t\t\t<\/div>\n\n\t\t\t\t\t<div id=\"elementor-tab-content-1501\" class=\"elementor-tab-content elementor-clearfix\" data-tab=\"1\" role=\"region\" aria-labelledby=\"elementor-tab-title-1501\"><p>You can obtain the voucher from our Tourist Information Office or from one of the sales outlets. You can find a current overview <a href=\"https:\/\/www.stadtgutschein-guetersloh.de\/\">viewed here<\/a>.<\/p><\/div>\n\t\t\t\t<\/div>\n\t\t\t\t\t\t\t<div class=\"elementor-toggle-item\">\n\t\t\t\t\t<div id=\"elementor-tab-title-1502\" class=\"elementor-tab-title\" data-tab=\"2\" role=\"button\" aria-controls=\"elementor-tab-content-1502\" aria-expanded=\"false\">\n\t\t\t\t\t\t\t\t\t\t\t\t<span class=\"elementor-toggle-icon elementor-toggle-icon-left\" aria-hidden=\"true\">\n\t\t\t\t\t\t\t\t\t\t\t\t\t\t\t<span class=\"elementor-toggle-icon-closed\"><i class=\"fas fa-caret-right\"><\/i><\/span>\n\t\t\t\t\t\t\t\t<span class=\"elementor-toggle-icon-opened\"><i class=\"elementor-toggle-icon-opened fas fa-caret-up\"><\/i><\/span>\n\t\t\t\t\t\t\t\t\t\t\t\t\t<\/span>\n\t\t\t\t\t\t\t\t\t\t\t\t<a class=\"elementor-toggle-title\" tabindex=\"0\">Where can I redeem the voucher?<\/a>\n\t\t\t\t\t<\/div>\n\n\t\t\t\t\t<div id=\"elementor-tab-content-1502\" class=\"elementor-tab-content elementor-clearfix\" data-tab=\"2\" role=\"region\" aria-labelledby=\"elementor-tab-title-1502\"><p>An <b>overview of the current acceptance locations<\/b> you will find under <a href=\"http:\/\/www.stadtgutschein-guetersloh.de\">www.stadtgutschein-guetersloh.de<\/a>. In addition, you can also contact us.<\/p><\/div>\n\t\t\t\t<\/div>\n\t\t\t\t\t\t\t<div class=\"elementor-toggle-item\">\n\t\t\t\t\t<div id=\"elementor-tab-title-1503\" class=\"elementor-tab-title\" data-tab=\"3\" role=\"button\" aria-controls=\"elementor-tab-content-1503\" aria-expanded=\"false\">\n\t\t\t\t\t\t\t\t\t\t\t\t<span class=\"elementor-toggle-icon elementor-toggle-icon-left\" aria-hidden=\"true\">\n\t\t\t\t\t\t\t\t\t\t\t\t\t\t\t<span class=\"elementor-toggle-icon-closed\"><i class=\"fas fa-caret-right\"><\/i><\/span>\n\t\t\t\t\t\t\t\t<span class=\"elementor-toggle-icon-opened\"><i class=\"elementor-toggle-icon-opened fas fa-caret-up\"><\/i><\/span>\n\t\t\t\t\t\t\t\t\t\t\t\t\t<\/span>\n\t\t\t\t\t\t\t\t\t\t\t\t<a class=\"elementor-toggle-title\" tabindex=\"0\">What are the voucher amounts?<\/a>\n\t\t\t\t\t<\/div>\n\n\t\t\t\t\t<div id=\"elementor-tab-content-1503\" class=\"elementor-tab-content elementor-clearfix\" data-tab=\"3\" role=\"region\" aria-labelledby=\"elementor-tab-title-1503\"><p>The amount of the voucher is <strong>arbitrarily selectable<\/strong>: Whether 66.66 euros for a 66th birthday or 40 euros for a 40th anniversary, everything is possible. The perfect gift for any occasion.<\/p><\/div>\n\t\t\t\t<\/div>\n\t\t\t\t\t\t\t<div class=\"elementor-toggle-item\">\n\t\t\t\t\t<div id=\"elementor-tab-title-1504\" class=\"elementor-tab-title\" data-tab=\"4\" role=\"button\" aria-controls=\"elementor-tab-content-1504\" aria-expanded=\"false\">\n\t\t\t\t\t\t\t\t\t\t\t\t<span class=\"elementor-toggle-icon elementor-toggle-icon-left\" aria-hidden=\"true\">\n\t\t\t\t\t\t\t\t\t\t\t\t\t\t\t<span class=\"elementor-toggle-icon-closed\"><i class=\"fas fa-caret-right\"><\/i><\/span>\n\t\t\t\t\t\t\t\t<span class=\"elementor-toggle-icon-opened\"><i class=\"elementor-toggle-icon-opened fas fa-caret-up\"><\/i><\/span>\n\t\t\t\t\t\t\t\t\t\t\t\t\t<\/span>\n\t\t\t\t\t\t\t\t\t\t\t\t<a class=\"elementor-toggle-title\" tabindex=\"0\">How long is the voucher valid?<\/a>\n\t\t\t\t\t<\/div>\n\n\t\t\t\t\t<div id=\"elementor-tab-content-1504\" class=\"elementor-tab-content elementor-clearfix\" data-tab=\"4\" role=\"region\" aria-labelledby=\"elementor-tab-title-1504\"><p>The voucher has the <strong>legal validity<\/strong> of three years.<\/p><\/div>\n\t\t\t\t<\/div>\n\t\t\t\t\t\t\t<div class=\"elementor-toggle-item\">\n\t\t\t\t\t<div id=\"elementor-tab-title-1505\" class=\"elementor-tab-title\" data-tab=\"5\" role=\"button\" aria-controls=\"elementor-tab-content-1505\" aria-expanded=\"false\">\n\t\t\t\t\t\t\t\t\t\t\t\t<span class=\"elementor-toggle-icon elementor-toggle-icon-left\" aria-hidden=\"true\">\n\t\t\t\t\t\t\t\t\t\t\t\t\t\t\t<span class=\"elementor-toggle-icon-closed\"><i class=\"fas fa-caret-right\"><\/i><\/span>\n\t\t\t\t\t\t\t\t<span class=\"elementor-toggle-icon-opened\"><i class=\"elementor-toggle-icon-opened fas fa-caret-up\"><\/i><\/span>\n\t\t\t\t\t\t\t\t\t\t\t\t\t<\/span>\n\t\t\t\t\t\t\t\t\t\t\t\t<a class=\"elementor-toggle-title\" tabindex=\"0\">Are partial redemptions possible?<\/a>\n\t\t\t\t\t<\/div>\n\n\t\t\t\t\t<div id=\"elementor-tab-content-1505\" class=\"elementor-tab-content elementor-clearfix\" data-tab=\"5\" role=\"region\" aria-labelledby=\"elementor-tab-title-1505\"><p>Yes. Partial redemptions are possible without the remaining credit expiring. The remaining balance can be viewed at any time at all participating stores.<\/p><\/div>\n\t\t\t\t<\/div>\n\t\t\t\t\t\t\t<div class=\"elementor-toggle-item\">\n\t\t\t\t\t<div id=\"elementor-tab-title-1506\" class=\"elementor-tab-title\" data-tab=\"6\" role=\"button\" aria-controls=\"elementor-tab-content-1506\" aria-expanded=\"false\">\n\t\t\t\t\t\t\t\t\t\t\t\t<span class=\"elementor-toggle-icon elementor-toggle-icon-left\" aria-hidden=\"true\">\n\t\t\t\t\t\t\t\t\t\t\t\t\t\t\t<span class=\"elementor-toggle-icon-closed\"><i class=\"fas fa-caret-right\"><\/i><\/span>\n\t\t\t\t\t\t\t\t<span class=\"elementor-toggle-icon-opened\"><i class=\"elementor-toggle-icon-opened fas fa-caret-up\"><\/i><\/span>\n\t\t\t\t\t\t\t\t\t\t\t\t\t<\/span>\n\t\t\t\t\t\t\t\t\t\t\t\t<a class=\"elementor-toggle-title\" tabindex=\"0\">Can I also have the voucher paid out in cash?<\/a>\n\t\t\t\t\t<\/div>\n\n\t\t\t\t\t<div id=\"elementor-tab-content-1506\" class=\"elementor-tab-content elementor-clearfix\" data-tab=\"6\" role=\"region\" aria-labelledby=\"elementor-tab-title-1506\"><p>No. Unfortunately, a cash payment is not possible.<\/p><\/div>\n\t\t\t\t<\/div>\n\t\t\t\t\t\t\t<div class=\"elementor-toggle-item\">\n\t\t\t\t\t<div id=\"elementor-tab-title-1507\" class=\"elementor-tab-title\" data-tab=\"7\" role=\"button\" aria-controls=\"elementor-tab-content-1507\" aria-expanded=\"false\">\n\t\t\t\t\t\t\t\t\t\t\t\t<span class=\"elementor-toggle-icon elementor-toggle-icon-left\" aria-hidden=\"true\">\n\t\t\t\t\t\t\t\t\t\t\t\t\t\t\t<span class=\"elementor-toggle-icon-closed\"><i class=\"fas fa-caret-right\"><\/i><\/span>\n\t\t\t\t\t\t\t\t<span class=\"elementor-toggle-icon-opened\"><i class=\"elementor-toggle-icon-opened fas fa-caret-up\"><\/i><\/span>\n\t\t\t\t\t\t\t\t\t\t\t\t\t<\/span>\n\t\t\t\t\t\t\t\t\t\t\t\t<a class=\"elementor-toggle-title\" tabindex=\"0\">I have a shop\/business in G\u00fctersloh. How can I participate in the campaign?<\/a>\n\t\t\t\t\t<\/div>\n\n\t\t\t\t\t<div id=\"elementor-tab-content-1507\" class=\"elementor-tab-content elementor-clearfix\" data-tab=\"7\" role=\"region\" aria-labelledby=\"elementor-tab-title-1507\"><p>All stores and businesses in G\u00fctersloh can take part in the city voucher campaign. For further information on the procedure, please contact Clara Abelmann (citymanagement@guetersloh-marketing.de).<\/p><\/div>\n\t\t\t\t<\/div>\n\t\t\t\t\t\t\t\t<\/div>\n\t\t\t\t<\/div>\n\t\t\t\t<\/div>\n\t\t\t\t<div class=\"elementor-element elementor-element-1b22ab5 elementor-widget elementor-widget-spacer\" data-id=\"1b22ab5\" data-element_type=\"widget\" data-widget_type=\"spacer.default\">\n\t\t\t\t<div class=\"elementor-widget-container\">\n\t\t\t<span id=\"1b22ab5\"><\/span>\t\t<div class=\"elementor-spacer\">\n\t\t\t<div class=\"elementor-spacer-inner\"><\/div>\n\t\t<\/div>\n\t\t\t\t<\/div>\n\t\t\t\t<\/div>\n\t\t\t\t<div class=\"elementor-element elementor-element-711e946 elementor-widget elementor-widget-spacer\" data-id=\"711e946\" data-element_type=\"widget\" data-widget_type=\"spacer.default\">\n\t\t\t\t<div class=\"elementor-widget-container\">\n\t\t\t<span id=\"711e946\"><\/span>\t\t<div class=\"elementor-spacer\">\n\t\t\t<div class=\"elementor-spacer-inner\"><\/div>\n\t\t<\/div>\n\t\t\t\t<\/div>\n\t\t\t\t<\/div>\n\t\t\t\t\t<\/div>\n\t\t<\/div>\n\t\t\t\t<div class=\"elementor-column elementor-col-50 elementor-inner-column elementor-element elementor-element-d043522\" data-id=\"d043522\" data-element_type=\"column\">\n\t\t\t<div class=\"elementor-widget-wrap elementor-element-populated\">\n\t\t\t\t\t\t<div class=\"elementor-element elementor-element-acf825b elementor-position-left elementor-view-default elementor-mobile-position-top elementor-vertical-align-top elementor-widget elementor-widget-icon-box\" data-id=\"acf825b\" data-element_type=\"widget\" data-widget_type=\"icon-box.default\">\n\t\t\t\t<div class=\"elementor-widget-container\">\n\t\t\t<span id=\"acf825b\"><\/span>\t\t<div class=\"elementor-icon-box-wrapper\">\n\n\t\t\t\t\t\t<div class=\"elementor-icon-box-icon\">\n\t\t\t\t<span  class=\"elementor-icon elementor-animation-\">\n\t\t\t\t<i aria-hidden=\"true\" class=\"fas fa-comment-dots\"><\/i>\t\t\t\t<\/span>\n\t\t\t<\/div>\n\t\t\t\n\t\t\t\t\t\t<div class=\"elementor-icon-box-content\">\n\n\t\t\t\t\t\t\t\t\t<h3 class=\"elementor-icon-box-title\">\n\t\t\t\t\t\t<span  >\n\t\t\t\t\t\t\tAre you a retailer, service provider or restaurateur and would also like to become an acceptance point?<br>Please feel free to contact Ms. Abelmann:\t\t\t\t\t\t<\/span>\n\t\t\t\t\t<\/h3>\n\t\t\t\t\n\t\t\t\t\n\t\t\t<\/div>\n\t\t\t\n\t\t<\/div>\n\t\t\t\t<\/div>\n\t\t\t\t<\/div>\n\t\t\t\t<div class=\"elementor-element elementor-element-69a8f09 elementor-widget elementor-widget-elementor-contact-extension\" data-id=\"69a8f09\" data-element_type=\"widget\" data-widget_type=\"elementor-contact-extension.default\">\n\t\t\t\t<div class=\"elementor-widget-container\">\n\t\t\t<span id=\"69a8f09\"><\/span><div class=\"ansprechpartner-elementor-widget\"><div class=\"row\">\r\n<div class=\"col-md-12\">\r\n    <figure class=\"authorPhoto\">\r\n\t\t\t<img fetchpriority=\"high\" decoding=\"async\" width=\"253\" height=\"380\" src=\"https:\/\/www.guetersloh-marketing.de\/wp-content\/uploads\/2021\/04\/www.guetersloh-marketing.de-clara-abelmann-aq0a8736-1a.jpg\" class=\"attachment-380x380 size-380x380 wp-post-image\" alt=\"\" srcset=\"https:\/\/www.guetersloh-marketing.de\/wp-content\/uploads\/2021\/04\/www.guetersloh-marketing.de-clara-abelmann-aq0a8736-1a.jpg 1080w, https:\/\/www.guetersloh-marketing.de\/wp-content\/uploads\/2021\/04\/www.guetersloh-marketing.de-clara-abelmann-aq0a8736-1a-200x300.jpg 200w, https:\/\/www.guetersloh-marketing.de\/wp-content\/uploads\/2021\/04\/www.guetersloh-marketing.de-clara-abelmann-aq0a8736-1a-683x1024.jpg 683w, https:\/\/www.guetersloh-marketing.de\/wp-content\/uploads\/2021\/04\/www.guetersloh-marketing.de-clara-abelmann-aq0a8736-1a-768x1152.jpg 768w, https:\/\/www.guetersloh-marketing.de\/wp-content\/uploads\/2021\/04\/www.guetersloh-marketing.de-clara-abelmann-aq0a8736-1a-1024x1536.jpg 1024w, https:\/\/www.guetersloh-marketing.de\/wp-content\/uploads\/2021\/04\/www.guetersloh-marketing.de-clara-abelmann-aq0a8736-1a-8x12.jpg 8w, https:\/\/www.guetersloh-marketing.de\/wp-content\/uploads\/2021\/04\/www.guetersloh-marketing.de-clara-abelmann-aq0a8736-1a-560x840.jpg 560w\" sizes=\"(max-width: 253px) 100vw, 253px\" \/>\t\t<\/figure>    <div class=\"authorContact\">\r\n        \r\n\t\t\r\n\t\t\t\t\t\t<span class=\"authorName\"><a href=\"https:\/\/www.guetersloh-marketing.de\/en\/blog\/blogger\/clara-abelmann\/\">Clara Abelmann<\/a><\/span>\t\t\r\n\t\t\t\t\t\r\n        <span class=\"authorPosition\"><\/span>\r\n        <span class=\"authorDepartment\">Head of City and Tourism Management<\/span>\r\n                    <span class=\"authorTel\">Phone: <a\r\n                    href=\"tel:05241 211 36 33\">05241 211 36 33<\/a><\/span>\r\n                   \r\n            <span class=\"authorEmail\">E-mail: <a\r\n                    href=\"mailto:cl&#97;r&#97;&#46;&#97;&#98;elmann&#64;g&#117;&#101;&#116;erslo&#104;&#45;&#109;ark&#101;ting.d&#101;?subject=\">clara.abelmann@guetersloh-marketing.de<\/a><\/span>\r\n        \r\n                        \r\n        \r\n\t\t\t\t\t<span class=\"authorProfile\"><a href=\"https:\/\/www.guetersloh-marketing.de\/en\/blog\/blogger\/clara-abelmann\/\">Profile<\/a><\/span>\t\t\r\n\t\t\t\t\t\r\n            <\/div>\r\n<\/div>\t<\/div><\/div>\t\t<\/div>\n\t\t\t\t<\/div>\n\t\t\t\t<div class=\"elementor-element elementor-element-ea57f66 elementor-widget elementor-widget-image\" data-id=\"ea57f66\" data-element_type=\"widget\" data-widget_type=\"image.default\">\n\t\t\t\t<div class=\"elementor-widget-container\">\n\t\t\t<span id=\"ea57f66\"><\/span>\t\t\t\t\t\t\t\t\t\t<img decoding=\"async\" src=\"https:\/\/www.guetersloh-marketing.de\/wp-content\/uploads\/elementor\/thumbs\/www.guetersloh-marketing.de-guetersloher-stadtgutschein-img-5858-peeudfu7ljgdiookfie5dc230g2hza1h3t6y7jak68.jpeg\" title=\"IMG-5858\" alt=\"IMG-5858\" loading=\"lazy\" \/>\t\t\t\t\t\t\t\t\t\t\t\t\t<\/div>\n\t\t\t\t<\/div>\n\t\t\t\t<div class=\"elementor-element elementor-element-92befba elementor-widget elementor-widget-spacer\" data-id=\"92befba\" data-element_type=\"widget\" data-widget_type=\"spacer.default\">\n\t\t\t\t<div class=\"elementor-widget-container\">\n\t\t\t<span id=\"92befba\"><\/span>\t\t<div class=\"elementor-spacer\">\n\t\t\t<div class=\"elementor-spacer-inner\"><\/div>\n\t\t<\/div>\n\t\t\t\t<\/div>\n\t\t\t\t<\/div>\n\t\t\t\t\t<\/div>\n\t\t<\/div>\n\t\t\t\t\t<\/div>\n\t\t<\/section>\n\t\t\t\t\t<\/div>\n\t\t<\/div>\n\t\t\t\t\t<\/div>\n\t\t<\/section>\n\t\t\t\t<\/div>","protected":false},"excerpt":{"rendered":"<p>Verschenken Sie ein St\u00fcck G\u00fctersloh! Der Stadtgutschein G\u00fctersloh ist in zahlreichen G\u00fctersloher Gesch\u00e4ften, Restaurants, Caf\u00e9s, [&hellip;]<\/p>\n","protected":false},"author":1,"featured_media":49894,"parent":23702,"menu_order":16,"comment_status":"closed","ping_status":"closed","template":"","meta":{"_acf_changed":false,"footnotes":""},"categories":[1],"competences":[399,401,402,403],"class_list":["post-24679","page","type-page","status-publish","has-post-thumbnail","hentry","category-allgemein","competences-familienwelten","competences-kulturwelten","competences-urbanwelten","competences-wirtschaftswelten"],"acf":[],"_links":{"self":[{"href":"https:\/\/www.guetersloh-marketing.de\/en\/wp-json\/wp\/v2\/pages\/24679","targetHints":{"allow":["GET"]}}],"collection":[{"href":"https:\/\/www.guetersloh-marketing.de\/en\/wp-json\/wp\/v2\/pages"}],"about":[{"href":"https:\/\/www.guetersloh-marketing.de\/en\/wp-json\/wp\/v2\/types\/page"}],"author":[{"embeddable":true,"href":"https:\/\/www.guetersloh-marketing.de\/en\/wp-json\/wp\/v2\/users\/1"}],"replies":[{"embeddable":true,"href":"https:\/\/www.guetersloh-marketing.de\/en\/wp-json\/wp\/v2\/comments?post=24679"}],"version-history":[{"count":180,"href":"https:\/\/www.guetersloh-marketing.de\/en\/wp-json\/wp\/v2\/pages\/24679\/revisions"}],"predecessor-version":[{"id":49895,"href":"https:\/\/www.guetersloh-marketing.de\/en\/wp-json\/wp\/v2\/pages\/24679\/revisions\/49895"}],"up":[{"embeddable":true,"href":"https:\/\/www.guetersloh-marketing.de\/en\/wp-json\/wp\/v2\/pages\/23702"}],"wp:featuredmedia":[{"embeddable":true,"href":"https:\/\/www.guetersloh-marketing.de\/en\/wp-json\/wp\/v2\/media\/49894"}],"wp:attachment":[{"href":"https:\/\/www.guetersloh-marketing.de\/en\/wp-json\/wp\/v2\/media?parent=24679"}],"wp:term":[{"taxonomy":"category","embeddable":true,"href":"https:\/\/www.guetersloh-marketing.de\/en\/wp-json\/wp\/v2\/categories?post=24679"},{"taxonomy":"competences","embeddable":true,"href":"https:\/\/www.guetersloh-marketing.de\/en\/wp-json\/wp\/v2\/competences?post=24679"}],"curies":[{"name":"wp","href":"https:\/\/api.w.org\/{rel}","templated":true}]}}