{"id":18605,"date":"2020-01-30T17:02:00","date_gmt":"2020-01-30T16:02:22","guid":{"rendered":"https:\/\/www.guetersloh-marketing.de\/?page_id=18605"},"modified":"2021-01-07T10:58:47","modified_gmt":"2021-01-07T09:58:47","slug":"agb","status":"publish","type":"page","link":"https:\/\/www.guetersloh-marketing.de\/en\/agb\/","title":{"rendered":"General terms and conditions"},"content":{"rendered":"<div data-elementor-type=\"wp-page\" data-elementor-id=\"18605\" class=\"elementor elementor-18605\" data-elementor-post-type=\"page\">\n\t\t\t\t\t\t<section class=\"elementor-section elementor-top-section elementor-element elementor-element-b84d29f elementor-section-boxed elementor-section-height-default elementor-section-height-default\" data-id=\"b84d29f\" data-element_type=\"section\">\n\t\t\t\t\t\t<div class=\"elementor-container elementor-column-gap-default\">\n\t\t\t\t\t<div class=\"elementor-column elementor-col-100 elementor-top-column elementor-element elementor-element-f3453db\" data-id=\"f3453db\" data-element_type=\"column\">\n\t\t\t<div class=\"elementor-widget-wrap elementor-element-populated\">\n\t\t\t\t\t\t<div class=\"elementor-element elementor-element-d2aad50 elementor-widget elementor-widget-spacer\" data-id=\"d2aad50\" data-element_type=\"widget\" data-widget_type=\"spacer.default\">\n\t\t\t\t<div class=\"elementor-widget-container\">\n\t\t\t<span id=\"d2aad50\"><\/span>\t\t<div class=\"elementor-spacer\">\n\t\t\t<div class=\"elementor-spacer-inner\"><\/div>\n\t\t<\/div>\n\t\t\t\t<\/div>\n\t\t\t\t<\/div>\n\t\t\t\t<div class=\"elementor-element elementor-element-84b5cc5 elementor-widget elementor-widget-heading\" data-id=\"84b5cc5\" data-element_type=\"widget\" data-widget_type=\"heading.default\">\n\t\t\t\t<div class=\"elementor-widget-container\">\n\t\t\t<span id=\"84b5cc5\"><\/span><h2 class=\"elementor-heading-title elementor-size-default\">General terms and conditions<\/h2>\t\t<\/div>\n\t\t\t\t<\/div>\n\t\t\t\t<div class=\"elementor-element elementor-element-707be87 elementor-widget elementor-widget-text-editor\" data-id=\"707be87\" data-element_type=\"widget\" data-widget_type=\"text-editor.default\">\n\t\t\t\t<div class=\"elementor-widget-container\">\n\t\t\t<span id=\"707be87\"><\/span>\t\t\t\t<p>Here you can download our current General Terms and Conditions (GTC) for the various areas of G\u00fctersloh Marketing GmbH as PDF files.<\/p>\t\t\t\t\t\t<\/div>\n\t\t\t\t<\/div>\n\t\t\t\t\t<\/div>\n\t\t<\/div>\n\t\t\t\t\t<\/div>\n\t\t<\/section>\n\t\t\t\t<section class=\"elementor-section elementor-top-section elementor-element elementor-element-4b69973 elementor-section-boxed elementor-section-height-default elementor-section-height-default\" data-id=\"4b69973\" data-element_type=\"section\">\n\t\t\t\t\t\t<div class=\"elementor-container elementor-column-gap-default\">\n\t\t\t\t\t<div class=\"elementor-column elementor-col-33 elementor-top-column elementor-element elementor-element-9fc0838\" data-id=\"9fc0838\" data-element_type=\"column\">\n\t\t\t<div class=\"elementor-widget-wrap elementor-element-populated\">\n\t\t\t\t\t\t<div class=\"elementor-element elementor-element-c880ead elementor-align-left elementor-widget elementor-widget-cgu-download-box\" data-id=\"c880ead\" data-element_type=\"widget\" data-widget_type=\"cgu-download-box.default\">\n\t\t\t\t<div class=\"elementor-widget-container\">\n\t\t\t<span id=\"c880ead\"><\/span>\t\t<style>.elementor-widget-cgu-download-box .elementor-button strong {font-size:1.5rem;}<\/style>\n\t\t<div class=\"elementor-button-wrapper\">\n\t\t\t<a href=\"https:\/\/www.guetersloh-marketing.de\/wp-content\/uploads\/2020\/12\/AGB-Einkaufs-und-Auftragsbedingungen.pdf\" class=\"elementor-button-link elementor-button elementor-size-xs\" download=\"\" role=\"button\">\n\t\t\t\t\t\t<style>.elementor-widget-cgu-download-box .elementor-button strong {font-size:1.5rem;}<\/style>\n\t\t<span class=\"elementor-button-content-wrapper\">\n\t\t\t\t\t\t<span class=\"elementor-button-icon elementor-align-icon-left\">\n\t\t\t\t<i aria-hidden=\"true\" style=\"font-size: 3.5rem;\" class=\"fas fa-file-pdf\"><\/i>\t\t\t<\/span>\n\t\t\t\t\t\t<span class=\"elementor-button-text\" style=\"text-align: left;\">\n\t\t\t\t<strong class=\"elementor-icon-box-title\">Terms and conditions of purchase and order<\/strong><br>\n\t\t\t\t<span class=\"elementor-button-description\" style=\"font-size: 1.2rem; -webkit-filter: brightness(0.95); filter: brightness(0.95);\"> (51.85 KB)<\/span>\n\t\t\t<\/span>\n\t\t<\/span>\n\t\t\t\t\t<\/a>\n\t\t<\/div>\n\t\t\t\t<\/div>\n\t\t\t\t<\/div>\n\t\t\t\t\t<\/div>\n\t\t<\/div>\n\t\t\t\t<div class=\"elementor-column elementor-col-33 elementor-top-column elementor-element elementor-element-fdc415e\" data-id=\"fdc415e\" data-element_type=\"column\">\n\t\t\t<div class=\"elementor-widget-wrap elementor-element-populated\">\n\t\t\t\t\t\t<div class=\"elementor-element elementor-element-030b3d2 elementor-align-left elementor-widget elementor-widget-cgu-download-box\" data-id=\"030b3d2\" data-element_type=\"widget\" data-widget_type=\"cgu-download-box.default\">\n\t\t\t\t<div class=\"elementor-widget-container\">\n\t\t\t<span id=\"030b3d2\"><\/span>\t\t<style>.elementor-widget-cgu-download-box .elementor-button strong {font-size:1.5rem;}<\/style>\n\t\t<div class=\"elementor-button-wrapper\">\n\t\t\t<a href=\"https:\/\/www.guetersloh-marketing.de\/wp-content\/uploads\/2020\/12\/AGB-Touristikveranstaltungen-II-1.pdf\" class=\"elementor-button-link elementor-button elementor-size-xs\" download=\"\" role=\"button\">\n\t\t\t\t\t\t<style>.elementor-widget-cgu-download-box .elementor-button strong {font-size:1.5rem;}<\/style>\n\t\t<span class=\"elementor-button-content-wrapper\">\n\t\t\t\t\t\t<span class=\"elementor-button-icon elementor-align-icon-left\">\n\t\t\t\t<i aria-hidden=\"true\" style=\"font-size: 3.5rem;\" class=\"fas fa-file-pdf\"><\/i>\t\t\t<\/span>\n\t\t\t\t\t\t<span class=\"elementor-button-text\" style=\"text-align: left;\">\n\t\t\t\t<strong class=\"elementor-icon-box-title\">Tourism events<\/strong><br>\n\t\t\t\t<span class=\"elementor-button-description\" style=\"font-size: 1.2rem; -webkit-filter: brightness(0.95); filter: brightness(0.95);\"> (101.18 KB)<\/span>\n\t\t\t<\/span>\n\t\t<\/span>\n\t\t\t\t\t<\/a>\n\t\t<\/div>\n\t\t\t\t<\/div>\n\t\t\t\t<\/div>\n\t\t\t\t\t<\/div>\n\t\t<\/div>\n\t\t\t\t<div class=\"elementor-column elementor-col-33 elementor-top-column elementor-element elementor-element-a0d24e0\" data-id=\"a0d24e0\" data-element_type=\"column\">\n\t\t\t<div class=\"elementor-widget-wrap elementor-element-populated\">\n\t\t\t\t\t\t<div class=\"elementor-element elementor-element-9324bc9 elementor-align-left elementor-widget elementor-widget-cgu-download-box\" data-id=\"9324bc9\" data-element_type=\"widget\" data-widget_type=\"cgu-download-box.default\">\n\t\t\t\t<div class=\"elementor-widget-container\">\n\t\t\t<span id=\"9324bc9\"><\/span>\t\t<style>.elementor-widget-cgu-download-box .elementor-button strong {font-size:1.5rem;}<\/style>\n\t\t<div class=\"elementor-button-wrapper\">\n\t\t\t<a href=\"https:\/\/www.guetersloh-marketing.de\/wp-content\/uploads\/2020\/12\/AGB-fuer-Veranstaltungen-Maerkte-etc_.pdf\" class=\"elementor-button-link elementor-button elementor-size-xs\" download=\"\" role=\"button\">\n\t\t\t\t\t\t<style>.elementor-widget-cgu-download-box .elementor-button strong {font-size:1.5rem;}<\/style>\n\t\t<span class=\"elementor-button-content-wrapper\">\n\t\t\t\t\t\t<span class=\"elementor-button-icon elementor-align-icon-left\">\n\t\t\t\t<i aria-hidden=\"true\" style=\"font-size: 3.5rem;\" class=\"fas fa-file-pdf\"><\/i>\t\t\t<\/span>\n\t\t\t\t\t\t<span class=\"elementor-button-text\" style=\"text-align: left;\">\n\t\t\t\t<strong class=\"elementor-icon-box-title\">Events GT <\/strong><br>\n\t\t\t\t<span class=\"elementor-button-description\" style=\"font-size: 1.2rem; -webkit-filter: brightness(0.95); filter: brightness(0.95);\"> (105.40 KB)<\/span>\n\t\t\t<\/span>\n\t\t<\/span>\n\t\t\t\t\t<\/a>\n\t\t<\/div>\n\t\t\t\t<\/div>\n\t\t\t\t<\/div>\n\t\t\t\t\t<\/div>\n\t\t<\/div>\n\t\t\t\t\t<\/div>\n\t\t<\/section>\n\t\t\t\t<section class=\"elementor-section elementor-top-section elementor-element elementor-element-1edbed0 elementor-section-boxed elementor-section-height-default elementor-section-height-default\" data-id=\"1edbed0\" data-element_type=\"section\">\n\t\t\t\t\t\t<div class=\"elementor-container elementor-column-gap-default\">\n\t\t\t\t\t<div class=\"elementor-column elementor-col-100 elementor-top-column elementor-element elementor-element-8fd694a\" data-id=\"8fd694a\" data-element_type=\"column\">\n\t\t\t<div class=\"elementor-widget-wrap elementor-element-populated\">\n\t\t\t\t\t\t<div class=\"elementor-element elementor-element-92888a0 elementor-widget elementor-widget-spacer\" data-id=\"92888a0\" data-element_type=\"widget\" data-widget_type=\"spacer.default\">\n\t\t\t\t<div class=\"elementor-widget-container\">\n\t\t\t<span id=\"92888a0\"><\/span>\t\t<div class=\"elementor-spacer\">\n\t\t\t<div class=\"elementor-spacer-inner\"><\/div>\n\t\t<\/div>\n\t\t\t\t<\/div>\n\t\t\t\t<\/div>\n\t\t\t\t\t<\/div>\n\t\t<\/div>\n\t\t\t\t\t<\/div>\n\t\t<\/section>\n\t\t\t\t<\/div>","protected":false},"excerpt":{"rendered":"<p>Allgemeine Gesch\u00e4ftsbedingungen An dieser Stelle k\u00f6nnen Sie sich unsere aktuellen Allgemeinen Gesch\u00e4ftsbedingungen (AGB) f\u00fcr die [&hellip;]<\/p>\n","protected":false},"author":3,"featured_media":0,"parent":0,"menu_order":15,"comment_status":"closed","ping_status":"closed","template":"","meta":{"_acf_changed":false,"footnotes":""},"categories":[],"competences":[],"class_list":["post-18605","page","type-page","status-publish","hentry"],"acf":[],"_links":{"self":[{"href":"https:\/\/www.guetersloh-marketing.de\/en\/wp-json\/wp\/v2\/pages\/18605","targetHints":{"allow":["GET"]}}],"collection":[{"href":"https:\/\/www.guetersloh-marketing.de\/en\/wp-json\/wp\/v2\/pages"}],"about":[{"href":"https:\/\/www.guetersloh-marketing.de\/en\/wp-json\/wp\/v2\/types\/page"}],"author":[{"embeddable":true,"href":"https:\/\/www.guetersloh-marketing.de\/en\/wp-json\/wp\/v2\/users\/3"}],"replies":[{"embeddable":true,"href":"https:\/\/www.guetersloh-marketing.de\/en\/wp-json\/wp\/v2\/comments?post=18605"}],"version-history":[{"count":23,"href":"https:\/\/www.guetersloh-marketing.de\/en\/wp-json\/wp\/v2\/pages\/18605\/revisions"}],"predecessor-version":[{"id":24741,"href":"https:\/\/www.guetersloh-marketing.de\/en\/wp-json\/wp\/v2\/pages\/18605\/revisions\/24741"}],"wp:attachment":[{"href":"https:\/\/www.guetersloh-marketing.de\/en\/wp-json\/wp\/v2\/media?parent=18605"}],"wp:term":[{"taxonomy":"category","embeddable":true,"href":"https:\/\/www.guetersloh-marketing.de\/en\/wp-json\/wp\/v2\/categories?post=18605"},{"taxonomy":"competences","embeddable":true,"href":"https:\/\/www.guetersloh-marketing.de\/en\/wp-json\/wp\/v2\/competences?post=18605"}],"curies":[{"name":"wp","href":"https:\/\/api.w.org\/{rel}","templated":true}]}}