{"id":18445,"date":"2020-01-28T16:26:00","date_gmt":"2020-01-28T15:26:57","guid":{"rendered":"https:\/\/www.guetersloh-marketing.de\/?page_id=18445"},"modified":"2024-09-08T17:01:42","modified_gmt":"2024-09-08T15:01:42","slug":"impressum","status":"publish","type":"page","link":"https:\/\/www.guetersloh-marketing.de\/en\/impressum\/","title":{"rendered":"Imprint"},"content":{"rendered":"<div data-elementor-type=\"wp-page\" data-elementor-id=\"18445\" class=\"elementor elementor-18445\" data-elementor-post-type=\"page\">\n\t\t\t\t\t\t<section class=\"elementor-section elementor-top-section elementor-element elementor-element-f3be7fe elementor-section-full_width elementor-section-height-default elementor-section-height-default\" data-id=\"f3be7fe\" data-element_type=\"section\">\n\t\t\t\t\t\t<div class=\"elementor-container elementor-column-gap-default\">\n\t\t\t\t\t<div class=\"elementor-column elementor-col-100 elementor-top-column elementor-element elementor-element-dfc1710\" data-id=\"dfc1710\" data-element_type=\"column\">\n\t\t\t<div class=\"elementor-widget-wrap elementor-element-populated\">\n\t\t\t\t\t\t<div class=\"elementor-element elementor-element-fd7acda elementor--h-position-center elementor--v-position-bottom elementor-arrows-position-inside elementor-widget elementor-widget-elementor-hero-extension\" data-id=\"fd7acda\" data-element_type=\"widget\" data-settings=\"{&quot;navigation&quot;:&quot;arrows&quot;,&quot;autoplay&quot;:&quot;yes&quot;,&quot;pause_on_hover&quot;:&quot;yes&quot;,&quot;pause_on_interaction&quot;:&quot;yes&quot;,&quot;autoplay_speed&quot;:5000,&quot;infinite&quot;:&quot;yes&quot;,&quot;transition&quot;:&quot;slide&quot;,&quot;transition_speed&quot;:500}\" data-widget_type=\"elementor-hero-extension.default\">\n\t\t\t\t<div class=\"elementor-widget-container\">\n\t\t\t<span id=\"fd7acda\"><\/span>\t\t<div class=\"elementor-swiper post-type-page page-normal\">\n\t\t\t<div class=\"elementor-slides-wrapper elementor-main-swiper no-swiper swiper-container swiper-container-1777397068_219\"\n\t\t\t\tdir=\"ltr\" data-animation=\"fadeInUp\">\n\t\t\t\t<div\n\t\t\t\t\tclass=\"swiper-wrapper elementor-slides default\">\n\t\t\t\t\t<div class=\"elementor-repeater-item-c92637d swiper-slide   ken-burns-effect hero-slider-ken-burns--in\"><div class=\"swiper-slide-bg slider_mode\" style=\"background-image: url(https:\/\/www.guetersloh-marketing.de\/wp-content\/uploads\/2020\/08\/04_Theater-Guetersloh_\u00a9Guethenke_31.August2016_184.jpg);background-color: rgba(0,0,0,0.5);background-blend-mode: multiply;\"><\/div><div class=\"elementor-background-overlay\" style=\"\"><\/div><div class=\"swiper-slide-inner\" ><div class=\"swiper-slide-contents animated fadeIn slow text-center\"  data-settings=\"{&quot;_animation&quot;:&quot;fadeIn&quot;,&quot;_animation_delay&quot;:500}\"><div class=\"elementor-slide-heading\">Imprint<\/div><\/div><\/div><\/div>\t\t\t\t<\/div>\n\t\t\t<\/div>\n\n\t\t\t\n\t\t\t<script>\n\t\t\t\t\/\/window.addEventListener('load', function () {\n\t\t\t\tjQuery(document).ready(function () {\n\t\t\t\t\t\/\/console.log(\"Look at my slides\");\n\t\t\t\t\tconst myHeroSwiper_1777397068_219 = new Swiper('.elementor-widget-elementor-hero-extension .swiper-container-1777397068_219', {\n\t\t\t\t\t\t\/\/ Optional parameters\n\t\t\t\t\t\tdirection: 'horizontal',\n\t\t\t\t\t\tinfinite: true,\n\t\t\t\t\t\tloop: false,\n\t\t\t\t\t\tcenteredSlides: true,\n\t\t\t\t\t\t\t\t\t\t\t\t\t\t\tinitialSlide: 0,\n\t\t\t\t\t\t\t\t\t\t\t\t\t\t\t\t\t\t\t\t\t\t\t\t\tslidesPerView: 1,\n\t\t\t\t\t\t\t\t\t\t\t\t\t\t\t\tslides_to_show: 1,\n\t\t\t\t\t\tslides_to_scroll: 1,\n\t\t\t\t\t\tspaceBetween: 0,\n\t\t\t\t\t\tbreakpoints: {\n\t\t\t\t\t\t\t0: {\n\t\t\t\t\t\t\t\tslidesPerView: 1,\n\t\t\t\t\t\t\t\tspaceBetween: 0,\n\t\t\t\t\t\t\t\t\t\t\t\t\t\t\t\t\t\t\t\t\tmousewheel: false,\n\t\t\t\t\t\t\t\t\tkeyboardControl: false,\n\t\t\t\t\t\t\t\t\tallowSlideNext: false,\n\t\t\t\t\t\t\t\t\tallowSlidePrev: false,\n\t\t\t\t\t\t\t\t\tallowTouchMove: false,\n\t\t\t\t\t\t\t\t\t\t\t\t\t\t\t},\n\t\t\t\t\t\t\t768: {\n\t\t\t\t\t\t\t\t\t\t\t\t\t\t\t\t\t\t\t\t\t\t\tslidesPerView: 1,\n\t\t\t\t\t\t\t\t\t\t\t\t\t\t\t\t\t\t\t\t\t\tspaceBetween: 0,\n\t\t\t\t\t\t\t\t\t\t\t\t\t\t\t\t\t\t\t\t\t\t\tmousewheel: false,\n\t\t\t\t\t\t\t\t\tkeyboardControl: false,\n\t\t\t\t\t\t\t\t\tallowSlideNext: false,\n\t\t\t\t\t\t\t\t\tallowSlidePrev: false,\n\t\t\t\t\t\t\t\t\tallowTouchMove: false,\n\t\t\t\t\t\t\t\t\t\t\t\t\t\t\t},\n\t\t\t\t\t\t\t1024: {\n\t\t\t\t\t\t\t\t\t\t\t\t\t\t\t\t\t\t\t\t\t\t\t\t\tslidesPerView: 1,\n\t\t\t\t\t\t\t\t\t\t\t\t\t\t\t\t\t\t\t\t\t\t\t\tspaceBetween: 0,\n\t\t\t\t\t\t\t\t\t\t\t\t\t\t\t\t\t\t\t\t\t\t\t\t\tmousewheel: false,\n\t\t\t\t\t\t\t\t\tkeyboardControl: false,\n\t\t\t\t\t\t\t\t\tallowSlideNext: false,\n\t\t\t\t\t\t\t\t\tallowSlidePrev: false,\n\t\t\t\t\t\t\t\t\tallowTouchMove: false,\n\t\t\t\t\t\t\t\t\t\t\t\t\t\t\t},\n\t\t\t\t\t\t},\n\t\t\t\t\t\tslideClass: 'swiper-slide',\n\t\t\t\t\t\twrapperClass: 'swiper-wrapper',\n\t\t\t\t\t\tspeed: 500,\n\t\t\t\t\t\tpause_on_interaction: true,\n\t\t\t\t\t\tpause_on_hover: true,\n\t\t\t\t\t\t\/\/simulateTouch: true,\n\n\t\t\t\t\t\t\t\t\t\t\t\t\t\t\t\t\t\t\t\t\t\teffect: 'slide',\n\t\t\t\t\t\t\t\t\t\t\t\t\t\t\t\t\t\t\t\t\t\t\tautoplay: {\n\t\t\t\t\t\t\t\tdelay: 5000,\n\t\t\t\t\t\t\t\t\/\/disableOnInteraction: 'yes',\n\t\t\t\t\t\t\t},\n\t\t\t\t\t\t\t\t\t\t\t\t\t\t\t\t\t\t\t\t\t\/\/ Navigation arrows\n\t\t\t\t\t\t\t\t\t\t\t\t\t\tnavigation: {\n\t\t\t\t\t\t\tnextEl: '.elementor-swiper-button-next',\n\t\t\t\t\t\t\tprevEl: '.elementor-swiper-button-prev',\n\t\t\t\t\t\t},\n\t\t\t\t\t\tpagination: {\n\t\t\t\t\t\t\tel: '.swiper-pagination',\n\t\t\t\t\t\t\tclickable: true,\n\t\t\t\t\t\t},\n\t\t\t\t\t});\n\n\t\t\t\t\tvar heightTitle = 0;\n\t\t\t\t\tvar heightDesc = 0;\n\t\t\t\t\tif (jQuery('.elementor-widget-elementor-hero-extension').find('.align_elements').length) {\n\t\t\t\t\t\tjQuery('.elementor-widget-elementor-hero-extension').find('.align_elements').children('.swiper-slide').each(function (index) {\n\t\t\t\t\t\t\t\/\/console.log( index + \": \" + jQuery(this).text() );\n\t\t\t\t\t\t\tvar heightTitleTemp = jQuery(this).find('.elementor-slide-heading').height();\n\t\t\t\t\t\t\tif (typeof heightTitleTemp !== 'undefined' && heightTitleTemp > heightTitle) {\n\t\t\t\t\t\t\t\theightTitle = heightTitleTemp;\n\t\t\t\t\t\t\t\t\/\/console.log( heightTitle );\n\t\t\t\t\t\t\t}\n\t\t\t\t\t\t\tvar heightDescTemp = jQuery(this).find('.elementor-slide-description').height();\n\t\t\t\t\t\t\tif (typeof heightDescTemp !== 'undefined' && heightDescTemp > heightDesc) {\n\t\t\t\t\t\t\t\theightDesc = heightDescTemp;\n\t\t\t\t\t\t\t\t\/\/console.log( heightDesc );\n\t\t\t\t\t\t\t}\n\t\t\t\t\t\t});\n\t\t\t\t\t\tif (heightTitle != 0 || heightDesc != 0) {\n\t\t\t\t\t\t\tjQuery('.elementor-widget-elementor-hero-extension').find('.align_elements').children('.swiper-slide').each(function (index) {\n\t\t\t\t\t\t\t\tif (heightTitle != 0) {\n\t\t\t\t\t\t\t\t\tjQuery(this).find('.elementor-slide-heading').height(heightTitle);\n\t\t\t\t\t\t\t\t}\n\t\t\t\t\t\t\t\tif (heightDesc != 0 && jQuery(this).find('.elementor-slide-description').length) {\n\t\t\t\t\t\t\t\t\tjQuery(this).find('.elementor-slide-description').height(heightDesc);\n\t\t\t\t\t\t\t\t} else if (heightDesc != 0) {\n\t\t\t\t\t\t\t\t\tvar element = '<div class=\"elementor-slide-description\"><\/div>';\n\t\t\t\t\t\t\t\t\tjQuery(this).find('.elementor-slide-heading').after(element);\n\t\t\t\t\t\t\t\t\tjQuery(this).find('.elementor-slide-description').height(heightDesc);\n\t\t\t\t\t\t\t\t}\n\t\t\t\t\t\t\t\tif (heightDesc != 0 && !jQuery(this).find('.elementor-slide-button').length) {\n\t\t\t\t\t\t\t\t\tvar element = '<div class=\"elementor-button elementor-slide-button elementor-size-sm\" style=\"visibility:hidden;\"><\/div>';\n\t\t\t\t\t\t\t\t\tjQuery(this).find('.elementor-slide-description').after(element);\n\n\t\t\t\t\t\t\t\t}\n\t\t\t\t\t\t\t});\n\t\t\t\t\t\t}\n\t\t\t\t\t}\n\n\t\t\t\t\t\t\t\t\t\t\tjQuery('.swiper-container-1777397068_219').find('.swiper-slide').hover(function () {\n\t\t\t\t\t\t\t\/\/console.log(\"hover\");\n\t\t\t\t\t\t\t\/\/console.log( jQuery(this).attr(\"class\") );\n\t\t\t\t\t\t\tif (jQuery(this).hasClass('swiper-slide-active')) {\n\t\t\t\t\t\t\t\t\/\/console.log(\"stop\");\n\t\t\t\t\t\t\t\tmyHeroSwiper_1777397068_219.autoplay.stop();\n\t\t\t\t\t\t\t}\n\t\t\t\t\t\t}, function () {\n\t\t\t\t\t\t\t\/\/console.log(\"leave\");\n\t\t\t\t\t\t\tif (jQuery(this).hasClass('swiper-slide-active')) {\n\t\t\t\t\t\t\t\t\/\/console.log(\"start\");\n\t\t\t\t\t\t\t\tmyHeroSwiper_1777397068_219.autoplay.start();\n\t\t\t\t\t\t\t}\n\t\t\t\t\t\t});\n\t\t\t\t\t\n\t\t\t\t\tmyHeroSwiper_1777397068_219.on('slideChange', function () {\n\t\t\t\t\t\t\/\/console.log('slide changed');\n\t\t\t\t\t\tjQuery(\"video\").each(function () {\n\t\t\t\t\t\t\tthis.pause();\n\t\t\t\t\t\t\t\/\/console.log(this+' slide video paused');\n\t\t\t\t\t\t});\n\t\t\t\t\t});\n\n\t\t\t\t});\n\n\t\t\t<\/script>\n\t\t<\/div>\n\n\t\t\t\t<\/div>\n\t\t\t\t<\/div>\n\t\t\t\t\t<\/div>\n\t\t<\/div>\n\t\t\t\t\t<\/div>\n\t\t<\/section>\n\t\t\t\t<section class=\"elementor-section elementor-top-section elementor-element elementor-element-6f723dc elementor-section-boxed elementor-section-height-default elementor-section-height-default\" data-id=\"6f723dc\" data-element_type=\"section\">\n\t\t\t\t\t\t<div class=\"elementor-container elementor-column-gap-default\">\n\t\t\t\t\t<div class=\"elementor-column elementor-col-100 elementor-top-column elementor-element elementor-element-d9c7bcc\" data-id=\"d9c7bcc\" data-element_type=\"column\">\n\t\t\t<div class=\"elementor-widget-wrap elementor-element-populated\">\n\t\t\t\t\t\t<div class=\"elementor-element elementor-element-a620cfa elementor-widget elementor-widget-heading\" data-id=\"a620cfa\" data-element_type=\"widget\" data-widget_type=\"heading.default\">\n\t\t\t\t<div class=\"elementor-widget-container\">\n\t\t\t<span id=\"a620cfa\"><\/span><h2 class=\"elementor-heading-title elementor-size-default\">Responsibility for content\n\n<\/h2>\t\t<\/div>\n\t\t\t\t<\/div>\n\t\t\t\t<section class=\"elementor-section elementor-inner-section elementor-element elementor-element-4dc6d8a elementor-section-boxed elementor-section-height-default elementor-section-height-default\" data-id=\"4dc6d8a\" data-element_type=\"section\">\n\t\t\t\t\t\t<div class=\"elementor-container elementor-column-gap-default\">\n\t\t\t\t\t<div class=\"elementor-column elementor-col-50 elementor-inner-column elementor-element elementor-element-905a573\" data-id=\"905a573\" data-element_type=\"column\">\n\t\t\t<div class=\"elementor-widget-wrap elementor-element-populated\">\n\t\t\t\t\t\t<div class=\"elementor-element elementor-element-3103a90 elementor-widget elementor-widget-text-editor\" data-id=\"3103a90\" data-element_type=\"widget\" data-widget_type=\"text-editor.default\">\n\t\t\t\t<div class=\"elementor-widget-container\">\n\t\t\t<span id=\"3103a90\"><\/span>\t\t\t\t<p><strong>G\u00fctersloh Marketing GmbH<\/strong><br>Berliner Stra\u00dfe 63<br>33330 G\u00fctersloh,\nGermany<\/p>\n<p>Phone 05241 211 36 0<br>Fax 05241 211 36 49<\/p>\n<p>E-mail&nbsp;<u><a href=\"mailto:info@guetersloh-marketing.de\">info@guetersloh-marketing.de<\/a><\/u><br>Internet&nbsp;<u><a href=\"https:\/\/www.guetersloh-marketing.de\/en\/\">www.guetersloh-marketing.de<\/a><\/u><\/p>\t\t\t\t\t\t<\/div>\n\t\t\t\t<\/div>\n\t\t\t\t\t<\/div>\n\t\t<\/div>\n\t\t\t\t<div class=\"elementor-column elementor-col-50 elementor-inner-column elementor-element elementor-element-d658421\" data-id=\"d658421\" data-element_type=\"column\">\n\t\t\t<div class=\"elementor-widget-wrap elementor-element-populated\">\n\t\t\t\t\t\t<div class=\"elementor-element elementor-element-6bb7848 elementor-widget elementor-widget-text-editor\" data-id=\"6bb7848\" data-element_type=\"widget\" data-widget_type=\"text-editor.default\">\n\t\t\t\t<div class=\"elementor-widget-container\">\n\t\t\t<span id=\"6bb7848\"><\/span>\t\t\t\t<p><span style=\"font-size: 1rem\">Managing Director: Christina Junkerkalefeld<br \/><\/span><\/p><p>Commercial Register G\u00fctersloh, HRB 4440<\/p><p>Tax number DE 351\/5925\/0073<\/p><p>Sales tax identification number DE228772846<\/p>\t\t\t\t\t\t<\/div>\n\t\t\t\t<\/div>\n\t\t\t\t\t<\/div>\n\t\t<\/div>\n\t\t\t\t\t<\/div>\n\t\t<\/section>\n\t\t\t\t<div class=\"elementor-element elementor-element-964c9ba elementor-widget-divider--view-line elementor-widget elementor-widget-divider\" data-id=\"964c9ba\" data-element_type=\"widget\" data-widget_type=\"divider.default\">\n\t\t\t\t<div class=\"elementor-widget-container\">\n\t\t\t<span id=\"964c9ba\"><\/span>\t\t<div class=\"elementor-divider\">\n\t\t\t<span class=\"elementor-divider-separator\">\n\t\t\t\t\t\t<\/span>\n\t\t<\/div>\n\t\t\t\t<\/div>\n\t\t\t\t<\/div>\n\t\t\t\t<div class=\"elementor-element elementor-element-2f4e780 elementor-widget elementor-widget-heading\" data-id=\"2f4e780\" data-element_type=\"widget\" data-widget_type=\"heading.default\">\n\t\t\t\t<div class=\"elementor-widget-container\">\n\t\t\t<span id=\"2f4e780\"><\/span><h3 class=\"elementor-heading-title elementor-size-default\">Disclaimer<\/h3>\t\t<\/div>\n\t\t\t\t<\/div>\n\t\t\t\t<div class=\"elementor-element elementor-element-41db7ff elementor-widget elementor-widget-text-editor\" data-id=\"41db7ff\" data-element_type=\"widget\" data-widget_type=\"text-editor.default\">\n\t\t\t\t<div class=\"elementor-widget-container\">\n\t\t\t<span id=\"41db7ff\"><\/span>\t\t\t\t<p><b>1. content of the online offer<\/b><\/p><p>G\u00fctersloh Marketing GmbH accepts no responsibility for the topicality, correctness, completeness or quality of the information provided. Liability claims against G\u00fctersloh Marketing GmbH relating to material or immaterial damage caused by the use or non-use of the information provided or by the use of incorrect or incomplete information are excluded, unless G\u00fctersloh Marketing GmbH is proven to be at fault due to intent or gross negligence. All offers are subject to change without notice and are non-binding. G\u00fctersloh Marketing GmbH expressly reserves the right to change, supplement, delete or temporarily or permanently cease publication of parts of the site or the entire site without prior notice.<\/p><p><b>2. references and links<\/b><\/p><p>G\u00fctersloh Marketing GmbH is not responsible for any contents linked or referred to from his pages - unless he has full knowledge of illegal contents and would be able to prevent the visitors of his site fromviewing those pages. G\u00fctersloh Marketing GmbH therefore expressly declares that at the time the links were created, the corresponding linked pages were free of illegal content. G\u00fctersloh Marketing GmbH has no influence whatsoever on the current and future design and content of the linked pages. For this reason, G\u00fctersloh Marketing GmbH hereby expressly distances itself from all content of all linked pages that were changed after the link was created. This statement applies to all links and references set within its own Internet offering as well as to third-party entries in guest books, discussion forums and mailing lists set up by G\u00fctersloh Marketing GmbH. Liability for illegal, incorrect or incomplete content and, in particular, for damages arising from the use or non-use of such information lies solely with the provider of the site to which reference is made, and not with G\u00fctersloh Marketing GmbH.<\/p><p><b>3. copyright and trademark law<\/b><\/p><p>G\u00fctersloh Marketing GmbH endeavors to observe the copyrights of the graphics, sound documents, video sequences and texts used in all publications, to use graphics, sound documents, video sequences and texts created by itself or to use license-free graphics, sound documents, video sequences and texts. All brand names and trademarks mentioned on the website and possibly protected by third parties are subject without restriction to the provisions of the applicable trademark law and the ownership rights of the respective registered owners. The mere mention of a trademark does not imply that it is not protected by the rights of third parties! The copyright for any material created by G\u00fctersloh Marketing GmbH is reserved. Any duplication or use of objects such as diagrams, sounds or texts in other electronic or printed publications is not permitted without G\u00fctersloh Marketing GmbH's agreement.<\/p><p><b>4. severability clause<\/b><\/p><p>If sections or individual terms of this statement are not legal or correct, the content or validity of the other parts remain uninfluenced by this fact.<\/p><p><b>5. employee photos and product images<br \/><\/b><\/p><p>The copyright for the employee photos is held by Michael Adamski. The product images are the property of G\u00fctersloh Marketing GmbH.<\/p>\t\t\t\t\t\t<\/div>\n\t\t\t\t<\/div>\n\t\t\t\t<div class=\"elementor-element elementor-element-e423c4d elementor-widget elementor-widget-heading\" data-id=\"e423c4d\" data-element_type=\"widget\" data-widget_type=\"heading.default\">\n\t\t\t\t<div class=\"elementor-widget-container\">\n\t\t\t<span id=\"e423c4d\"><\/span><h3 class=\"elementor-heading-title elementor-size-default\">Concept, design and implementation<\/h3>\t\t<\/div>\n\t\t\t\t<\/div>\n\t\t\t\t<div class=\"elementor-element elementor-element-3015d28 elementor-widget elementor-widget-text-editor\" data-id=\"3015d28\" data-element_type=\"widget\" data-widget_type=\"text-editor.default\">\n\t\t\t\t<div class=\"elementor-widget-container\">\n\t\t\t<span id=\"3015d28\"><\/span>\t\t\t\t<div class=\"elementor-element elementor-element-c59b50d elementor-widget elementor-widget-heading\" data-id=\"c59b50d\" data-element_type=\"widget\" data-widget_type=\"heading.default\"><div class=\"elementor-widget-container\">livewelt GmbH &amp; Co. KG<\/div><div class=\"elementor-widget-container\">Berliner Stra\u00dfe 63<\/div><div class=\"elementor-widget-container\">33330 G\u00fctersloh,\nGermany<\/div><\/div><div class=\"elementor-element elementor-element-e5e1c43 elementor-widget elementor-widget-text-editor\" data-id=\"e5e1c43\" data-element_type=\"widget\" data-widget_type=\"text-editor.default\"><div class=\"elementor-widget-container\"><div class=\"elementor-text-editor elementor-clearfix\"><p>Phone: 0 52 41 - 21 090 - 16<br \/>Fax: 0 52 41 - 21 090 - 29<br \/>E-mail:\u00a0<a class=\"mailto\" href=\"mailto:digital@livewelt.de\/\">digital@livewelt.de<\/a><br \/><a href=\"https:\/\/www.livewelt.de\/livewelt-4\/\" target=\"_blank\" rel=\"noopener\">www.livewelt.de<\/a><\/p><\/div><\/div><\/div>\t\t\t\t\t\t<\/div>\n\t\t\t\t<\/div>\n\t\t\t\t\t<\/div>\n\t\t<\/div>\n\t\t\t\t\t<\/div>\n\t\t<\/section>\n\t\t\t\t<\/div>","protected":false},"excerpt":{"rendered":"<p>Impressum Inhaltliche Verantwortung G\u00fctersloh Marketing GmbHBerliner Stra\u00dfe 6333330 G\u00fctersloh Telefon 05241 211 36 0Telefax 05241 [&hellip;]<\/p>\n","protected":false},"author":1,"featured_media":22006,"parent":0,"menu_order":18,"comment_status":"closed","ping_status":"closed","template":"elementor_header_footer","meta":{"_acf_changed":false,"footnotes":""},"categories":[],"competences":[],"class_list":["post-18445","page","type-page","status-publish","has-post-thumbnail","hentry"],"acf":[],"_links":{"self":[{"href":"https:\/\/www.guetersloh-marketing.de\/en\/wp-json\/wp\/v2\/pages\/18445","targetHints":{"allow":["GET"]}}],"collection":[{"href":"https:\/\/www.guetersloh-marketing.de\/en\/wp-json\/wp\/v2\/pages"}],"about":[{"href":"https:\/\/www.guetersloh-marketing.de\/en\/wp-json\/wp\/v2\/types\/page"}],"author":[{"embeddable":true,"href":"https:\/\/www.guetersloh-marketing.de\/en\/wp-json\/wp\/v2\/users\/1"}],"replies":[{"embeddable":true,"href":"https:\/\/www.guetersloh-marketing.de\/en\/wp-json\/wp\/v2\/comments?post=18445"}],"version-history":[{"count":37,"href":"https:\/\/www.guetersloh-marketing.de\/en\/wp-json\/wp\/v2\/pages\/18445\/revisions"}],"predecessor-version":[{"id":46975,"href":"https:\/\/www.guetersloh-marketing.de\/en\/wp-json\/wp\/v2\/pages\/18445\/revisions\/46975"}],"wp:featuredmedia":[{"embeddable":true,"href":"https:\/\/www.guetersloh-marketing.de\/en\/wp-json\/wp\/v2\/media\/22006"}],"wp:attachment":[{"href":"https:\/\/www.guetersloh-marketing.de\/en\/wp-json\/wp\/v2\/media?parent=18445"}],"wp:term":[{"taxonomy":"category","embeddable":true,"href":"https:\/\/www.guetersloh-marketing.de\/en\/wp-json\/wp\/v2\/categories?post=18445"},{"taxonomy":"competences","embeddable":true,"href":"https:\/\/www.guetersloh-marketing.de\/en\/wp-json\/wp\/v2\/competences?post=18445"}],"curies":[{"name":"wp","href":"https:\/\/api.w.org\/{rel}","templated":true}]}}