{"id":17955,"date":"2019-11-22T13:11:00","date_gmt":"2019-11-22T12:11:39","guid":{"rendered":"https:\/\/www.guetersloh-marketing.de\/?page_id=17955"},"modified":"2026-01-06T14:59:51","modified_gmt":"2026-01-06T13:59:51","slug":"kontakt","status":"publish","type":"page","link":"https:\/\/www.guetersloh-marketing.de\/en\/startseite\/kontakt\/","title":{"rendered":"Contact"},"content":{"rendered":"<div data-elementor-type=\"wp-page\" data-elementor-id=\"17955\" class=\"elementor elementor-17955\" data-elementor-post-type=\"page\">\n\t\t\t\t\t\t<section class=\"elementor-section elementor-top-section elementor-element elementor-element-ef184a0 elementor-section-full_width elementor-section-height-default elementor-section-height-default\" data-id=\"ef184a0\" data-element_type=\"section\">\n\t\t\t\t\t\t<div class=\"elementor-container elementor-column-gap-default\">\n\t\t\t\t\t<div class=\"elementor-column elementor-col-100 elementor-top-column elementor-element elementor-element-92b3e8d\" data-id=\"92b3e8d\" data-element_type=\"column\">\n\t\t\t<div class=\"elementor-widget-wrap elementor-element-populated\">\n\t\t\t\t\t\t<div class=\"elementor-element elementor-element-4d21d26 elementor--h-position-center elementor--v-position-bottom elementor-arrows-position-inside elementor-widget elementor-widget-elementor-hero-extension\" data-id=\"4d21d26\" data-element_type=\"widget\" data-settings=\"{&quot;navigation&quot;:&quot;arrows&quot;,&quot;autoplay&quot;:&quot;yes&quot;,&quot;pause_on_hover&quot;:&quot;yes&quot;,&quot;pause_on_interaction&quot;:&quot;yes&quot;,&quot;autoplay_speed&quot;:5000,&quot;infinite&quot;:&quot;yes&quot;,&quot;transition&quot;:&quot;slide&quot;,&quot;transition_speed&quot;:500}\" data-widget_type=\"elementor-hero-extension.default\">\n\t\t\t\t<div class=\"elementor-widget-container\">\n\t\t\t<span id=\"4d21d26\"><\/span>\t\t<div class=\"elementor-swiper post-type-page page-normal\">\n\t\t\t<div class=\"elementor-slides-wrapper elementor-main-swiper no-swiper swiper-container swiper-container-1777397103_615\"\n\t\t\t\tdir=\"ltr\" data-animation=\"fadeInUp\">\n\t\t\t\t<div\n\t\t\t\t\tclass=\"swiper-wrapper elementor-slides default\">\n\t\t\t\t\t<div class=\"elementor-repeater-item-27ee1bf swiper-slide   ken-burns-effect hero-slider-ken-burns--in\"><div class=\"swiper-slide-bg slider_mode\" style=\"background-image: url(https:\/\/www.guetersloh-marketing.de\/wp-content\/uploads\/2020\/12\/collage.jpg);background-color: ;background-blend-mode: multiply;\"><\/div><div class=\"elementor-background-overlay\" style=\"\"><\/div><div class=\"swiper-slide-inner\" ><div class=\"swiper-slide-contents animated fadeIn slow text-center\"  data-settings=\"{&quot;_animation&quot;:&quot;fadeIn&quot;,&quot;_animation_delay&quot;:500}\"><div class=\"elementor-slide-heading\">Contact<\/div><\/div><\/div><\/div>\t\t\t\t<\/div>\n\t\t\t<\/div>\n\n\t\t\t\n\t\t\t<script>\n\t\t\t\t\/\/window.addEventListener('load', function () {\n\t\t\t\tjQuery(document).ready(function () {\n\t\t\t\t\t\/\/console.log(\"Look at my slides\");\n\t\t\t\t\tconst myHeroSwiper_1777397103_615 = new Swiper('.elementor-widget-elementor-hero-extension .swiper-container-1777397103_615', {\n\t\t\t\t\t\t\/\/ Optional parameters\n\t\t\t\t\t\tdirection: 'horizontal',\n\t\t\t\t\t\tinfinite: true,\n\t\t\t\t\t\tloop: false,\n\t\t\t\t\t\tcenteredSlides: true,\n\t\t\t\t\t\t\t\t\t\t\t\t\t\t\tinitialSlide: 0,\n\t\t\t\t\t\t\t\t\t\t\t\t\t\t\t\t\t\t\t\t\t\t\t\t\tslidesPerView: 1,\n\t\t\t\t\t\t\t\t\t\t\t\t\t\t\t\tslides_to_show: 1,\n\t\t\t\t\t\tslides_to_scroll: 1,\n\t\t\t\t\t\tspaceBetween: 0,\n\t\t\t\t\t\tbreakpoints: {\n\t\t\t\t\t\t\t0: {\n\t\t\t\t\t\t\t\tslidesPerView: 1,\n\t\t\t\t\t\t\t\tspaceBetween: 0,\n\t\t\t\t\t\t\t\t\t\t\t\t\t\t\t\t\t\t\t\t\tmousewheel: false,\n\t\t\t\t\t\t\t\t\tkeyboardControl: false,\n\t\t\t\t\t\t\t\t\tallowSlideNext: false,\n\t\t\t\t\t\t\t\t\tallowSlidePrev: false,\n\t\t\t\t\t\t\t\t\tallowTouchMove: false,\n\t\t\t\t\t\t\t\t\t\t\t\t\t\t\t},\n\t\t\t\t\t\t\t768: {\n\t\t\t\t\t\t\t\t\t\t\t\t\t\t\t\t\t\t\t\t\t\t\tslidesPerView: 1,\n\t\t\t\t\t\t\t\t\t\t\t\t\t\t\t\t\t\t\t\t\t\tspaceBetween: 0,\n\t\t\t\t\t\t\t\t\t\t\t\t\t\t\t\t\t\t\t\t\t\t\tmousewheel: false,\n\t\t\t\t\t\t\t\t\tkeyboardControl: false,\n\t\t\t\t\t\t\t\t\tallowSlideNext: false,\n\t\t\t\t\t\t\t\t\tallowSlidePrev: false,\n\t\t\t\t\t\t\t\t\tallowTouchMove: false,\n\t\t\t\t\t\t\t\t\t\t\t\t\t\t\t},\n\t\t\t\t\t\t\t1024: {\n\t\t\t\t\t\t\t\t\t\t\t\t\t\t\t\t\t\t\t\t\t\t\t\t\tslidesPerView: 1,\n\t\t\t\t\t\t\t\t\t\t\t\t\t\t\t\t\t\t\t\t\t\t\t\tspaceBetween: 0,\n\t\t\t\t\t\t\t\t\t\t\t\t\t\t\t\t\t\t\t\t\t\t\t\t\tmousewheel: false,\n\t\t\t\t\t\t\t\t\tkeyboardControl: false,\n\t\t\t\t\t\t\t\t\tallowSlideNext: false,\n\t\t\t\t\t\t\t\t\tallowSlidePrev: false,\n\t\t\t\t\t\t\t\t\tallowTouchMove: false,\n\t\t\t\t\t\t\t\t\t\t\t\t\t\t\t},\n\t\t\t\t\t\t},\n\t\t\t\t\t\tslideClass: 'swiper-slide',\n\t\t\t\t\t\twrapperClass: 'swiper-wrapper',\n\t\t\t\t\t\tspeed: 500,\n\t\t\t\t\t\tpause_on_interaction: true,\n\t\t\t\t\t\tpause_on_hover: true,\n\t\t\t\t\t\t\/\/simulateTouch: true,\n\n\t\t\t\t\t\t\t\t\t\t\t\t\t\t\t\t\t\t\t\t\t\teffect: 'slide',\n\t\t\t\t\t\t\t\t\t\t\t\t\t\t\t\t\t\t\t\t\t\t\tautoplay: {\n\t\t\t\t\t\t\t\tdelay: 5000,\n\t\t\t\t\t\t\t\t\/\/disableOnInteraction: 'yes',\n\t\t\t\t\t\t\t},\n\t\t\t\t\t\t\t\t\t\t\t\t\t\t\t\t\t\t\t\t\t\/\/ Navigation arrows\n\t\t\t\t\t\t\t\t\t\t\t\t\t\tnavigation: {\n\t\t\t\t\t\t\tnextEl: '.elementor-swiper-button-next',\n\t\t\t\t\t\t\tprevEl: '.elementor-swiper-button-prev',\n\t\t\t\t\t\t},\n\t\t\t\t\t\tpagination: {\n\t\t\t\t\t\t\tel: '.swiper-pagination',\n\t\t\t\t\t\t\tclickable: true,\n\t\t\t\t\t\t},\n\t\t\t\t\t});\n\n\t\t\t\t\tvar heightTitle = 0;\n\t\t\t\t\tvar heightDesc = 0;\n\t\t\t\t\tif (jQuery('.elementor-widget-elementor-hero-extension').find('.align_elements').length) {\n\t\t\t\t\t\tjQuery('.elementor-widget-elementor-hero-extension').find('.align_elements').children('.swiper-slide').each(function (index) {\n\t\t\t\t\t\t\t\/\/console.log( index + \": \" + jQuery(this).text() );\n\t\t\t\t\t\t\tvar heightTitleTemp = jQuery(this).find('.elementor-slide-heading').height();\n\t\t\t\t\t\t\tif (typeof heightTitleTemp !== 'undefined' && heightTitleTemp > heightTitle) {\n\t\t\t\t\t\t\t\theightTitle = heightTitleTemp;\n\t\t\t\t\t\t\t\t\/\/console.log( heightTitle );\n\t\t\t\t\t\t\t}\n\t\t\t\t\t\t\tvar heightDescTemp = jQuery(this).find('.elementor-slide-description').height();\n\t\t\t\t\t\t\tif (typeof heightDescTemp !== 'undefined' && heightDescTemp > heightDesc) {\n\t\t\t\t\t\t\t\theightDesc = heightDescTemp;\n\t\t\t\t\t\t\t\t\/\/console.log( heightDesc );\n\t\t\t\t\t\t\t}\n\t\t\t\t\t\t});\n\t\t\t\t\t\tif (heightTitle != 0 || heightDesc != 0) {\n\t\t\t\t\t\t\tjQuery('.elementor-widget-elementor-hero-extension').find('.align_elements').children('.swiper-slide').each(function (index) {\n\t\t\t\t\t\t\t\tif (heightTitle != 0) {\n\t\t\t\t\t\t\t\t\tjQuery(this).find('.elementor-slide-heading').height(heightTitle);\n\t\t\t\t\t\t\t\t}\n\t\t\t\t\t\t\t\tif (heightDesc != 0 && jQuery(this).find('.elementor-slide-description').length) {\n\t\t\t\t\t\t\t\t\tjQuery(this).find('.elementor-slide-description').height(heightDesc);\n\t\t\t\t\t\t\t\t} else if (heightDesc != 0) {\n\t\t\t\t\t\t\t\t\tvar element = '<div class=\"elementor-slide-description\"><\/div>';\n\t\t\t\t\t\t\t\t\tjQuery(this).find('.elementor-slide-heading').after(element);\n\t\t\t\t\t\t\t\t\tjQuery(this).find('.elementor-slide-description').height(heightDesc);\n\t\t\t\t\t\t\t\t}\n\t\t\t\t\t\t\t\tif (heightDesc != 0 && !jQuery(this).find('.elementor-slide-button').length) {\n\t\t\t\t\t\t\t\t\tvar element = '<div class=\"elementor-button elementor-slide-button elementor-size-sm\" style=\"visibility:hidden;\"><\/div>';\n\t\t\t\t\t\t\t\t\tjQuery(this).find('.elementor-slide-description').after(element);\n\n\t\t\t\t\t\t\t\t}\n\t\t\t\t\t\t\t});\n\t\t\t\t\t\t}\n\t\t\t\t\t}\n\n\t\t\t\t\t\t\t\t\t\t\tjQuery('.swiper-container-1777397103_615').find('.swiper-slide').hover(function () {\n\t\t\t\t\t\t\t\/\/console.log(\"hover\");\n\t\t\t\t\t\t\t\/\/console.log( jQuery(this).attr(\"class\") );\n\t\t\t\t\t\t\tif (jQuery(this).hasClass('swiper-slide-active')) {\n\t\t\t\t\t\t\t\t\/\/console.log(\"stop\");\n\t\t\t\t\t\t\t\tmyHeroSwiper_1777397103_615.autoplay.stop();\n\t\t\t\t\t\t\t}\n\t\t\t\t\t\t}, function () {\n\t\t\t\t\t\t\t\/\/console.log(\"leave\");\n\t\t\t\t\t\t\tif (jQuery(this).hasClass('swiper-slide-active')) {\n\t\t\t\t\t\t\t\t\/\/console.log(\"start\");\n\t\t\t\t\t\t\t\tmyHeroSwiper_1777397103_615.autoplay.start();\n\t\t\t\t\t\t\t}\n\t\t\t\t\t\t});\n\t\t\t\t\t\n\t\t\t\t\tmyHeroSwiper_1777397103_615.on('slideChange', function () {\n\t\t\t\t\t\t\/\/console.log('slide changed');\n\t\t\t\t\t\tjQuery(\"video\").each(function () {\n\t\t\t\t\t\t\tthis.pause();\n\t\t\t\t\t\t\t\/\/console.log(this+' slide video paused');\n\t\t\t\t\t\t});\n\t\t\t\t\t});\n\n\t\t\t\t});\n\n\t\t\t<\/script>\n\t\t<\/div>\n\n\t\t\t\t<\/div>\n\t\t\t\t<\/div>\n\t\t\t\t\t<\/div>\n\t\t<\/div>\n\t\t\t\t\t<\/div>\n\t\t<\/section>\n\t\t\t\t<section class=\"elementor-section elementor-top-section elementor-element elementor-element-c943e7d elementor-section-boxed elementor-section-height-default elementor-section-height-default\" data-id=\"c943e7d\" data-element_type=\"section\" data-settings=\"{&quot;background_background&quot;:&quot;classic&quot;}\">\n\t\t\t\t\t\t<div class=\"elementor-container elementor-column-gap-wider\">\n\t\t\t\t\t<div class=\"elementor-column elementor-col-50 elementor-top-column elementor-element elementor-element-18acc54 elementor-invisible\" data-id=\"18acc54\" data-element_type=\"column\" data-settings=\"{&quot;background_background&quot;:&quot;classic&quot;,&quot;animation&quot;:&quot;fadeInLeft&quot;}\">\n\t\t\t<div class=\"elementor-widget-wrap elementor-element-populated\">\n\t\t\t\t\t\t<div class=\"elementor-element elementor-element-584ddb2 elementor-widget elementor-widget-heading\" data-id=\"584ddb2\" data-element_type=\"widget\" data-widget_type=\"heading.default\">\n\t\t\t\t<div class=\"elementor-widget-container\">\n\t\t\t<span id=\"584ddb2\"><\/span><h3 class=\"elementor-heading-title elementor-size-default\">Here you will find our tourist information...\n<\/h3>\t\t<\/div>\n\t\t\t\t<\/div>\n\t\t\t\t<div class=\"elementor-element elementor-element-8d23585 elementor-position-left elementor-view-default elementor-mobile-position-top elementor-vertical-align-top elementor-widget elementor-widget-icon-box\" data-id=\"8d23585\" data-element_type=\"widget\" data-widget_type=\"icon-box.default\">\n\t\t\t\t<div class=\"elementor-widget-container\">\n\t\t\t<span id=\"8d23585\"><\/span>\t\t<div class=\"elementor-icon-box-wrapper\">\n\n\t\t\t\t\t\t<div class=\"elementor-icon-box-icon\">\n\t\t\t\t<a href=\"https:\/\/www.google.com\/maps\/dir\/\/G%C3%BCtersloh+Marketing+GmbH,+Berliner+Str.+63,+33330+G%C3%BCtersloh\/@51.908634,8.3780973,17z\/data=!4m9!4m8!1m0!1m5!1m1!1s0x47ba2593843da72b:0xf68ca7c673663ed!2m2!1d8.380286!2d51.908634!3e0?hl=de\" target=\"_blank\" class=\"elementor-icon elementor-animation-\" tabindex=\"-1\">\n\t\t\t\t<i aria-hidden=\"true\" class=\"fas fa-map-marker-alt\"><\/i>\t\t\t\t<\/a>\n\t\t\t<\/div>\n\t\t\t\n\t\t\t\t\t\t<div class=\"elementor-icon-box-content\">\n\n\t\t\t\t\t\t\t\t\t<h4 class=\"elementor-icon-box-title\">\n\t\t\t\t\t\t<a href=\"https:\/\/www.google.com\/maps\/dir\/\/G%C3%BCtersloh+Marketing+GmbH,+Berliner+Str.+63,+33330+G%C3%BCtersloh\/@51.908634,8.3780973,17z\/data=!4m9!4m8!1m0!1m5!1m1!1s0x47ba2593843da72b:0xf68ca7c673663ed!2m2!1d8.380286!2d51.908634!3e0?hl=de\" target=\"_blank\" >\n\t\t\t\t\t\t\tG\u00fctersloh Marketing GmbH\t\t\t\t\t\t<\/a>\n\t\t\t\t\t<\/h4>\n\t\t\t\t\n\t\t\t\t\t\t\t\t\t<p class=\"elementor-icon-box-description\">\n\t\t\t\t\t\tBerliner Stra\u00dfe 63 <\/br>\n33330 G\u00fctersloh,\nGermany\t\t\t\t\t<\/p>\n\t\t\t\t\n\t\t\t<\/div>\n\t\t\t\n\t\t<\/div>\n\t\t\t\t<\/div>\n\t\t\t\t<\/div>\n\t\t\t\t<div class=\"elementor-element elementor-element-c20dd1d elementor-position-left elementor-view-default elementor-mobile-position-top elementor-vertical-align-top elementor-widget elementor-widget-icon-box\" data-id=\"c20dd1d\" data-element_type=\"widget\" data-widget_type=\"icon-box.default\">\n\t\t\t\t<div class=\"elementor-widget-container\">\n\t\t\t<span id=\"c20dd1d\"><\/span>\t\t<div class=\"elementor-icon-box-wrapper\">\n\n\t\t\t\t\t\t<div class=\"elementor-icon-box-icon\">\n\t\t\t\t<span  class=\"elementor-icon elementor-animation-\">\n\t\t\t\t<i aria-hidden=\"true\" class=\"fas fa-mail-bulk\"><\/i>\t\t\t\t<\/span>\n\t\t\t<\/div>\n\t\t\t\n\t\t\t\t\t\t<div class=\"elementor-icon-box-content\">\n\n\t\t\t\t\t\t\t\t\t<h4 class=\"elementor-icon-box-title\">\n\t\t\t\t\t\t<span  >\n\t\t\t\t\t\t\tPostal address:\t\t\t\t\t\t<\/span>\n\t\t\t\t\t<\/h4>\n\t\t\t\t\n\t\t\t\t\t\t\t\t\t<p class=\"elementor-icon-box-description\">\n\t\t\t\t\t\tG\u00fctersloh Marketing GmbH<br>Contact<br>Berliner Stra\u00dfe 63<br>\n33330 G\u00fctersloh,\nGermany\t\t\t\t\t<\/p>\n\t\t\t\t\n\t\t\t<\/div>\n\t\t\t\n\t\t<\/div>\n\t\t\t\t<\/div>\n\t\t\t\t<\/div>\n\t\t\t\t\t<\/div>\n\t\t<\/div>\n\t\t\t\t<div class=\"elementor-column elementor-col-50 elementor-top-column elementor-element elementor-element-c53cd1c elementor-invisible\" data-id=\"c53cd1c\" data-element_type=\"column\" data-settings=\"{&quot;background_background&quot;:&quot;classic&quot;,&quot;animation&quot;:&quot;fadeInRight&quot;}\">\n\t\t\t<div class=\"elementor-widget-wrap elementor-element-populated\">\n\t\t\t\t\t\t<div class=\"elementor-element elementor-element-e8de1ec elementor-widget elementor-widget-heading\" data-id=\"e8de1ec\" data-element_type=\"widget\" data-widget_type=\"heading.default\">\n\t\t\t\t<div class=\"elementor-widget-container\">\n\t\t\t<span id=\"e8de1ec\"><\/span><h3 class=\"elementor-heading-title elementor-size-default\">...or you can contact us by phone and mail!<\/h3>\t\t<\/div>\n\t\t\t\t<\/div>\n\t\t\t\t<div class=\"elementor-element elementor-element-82122bc elementor-position-left elementor-view-default elementor-mobile-position-top elementor-vertical-align-top elementor-widget elementor-widget-icon-box\" data-id=\"82122bc\" data-element_type=\"widget\" data-widget_type=\"icon-box.default\">\n\t\t\t\t<div class=\"elementor-widget-container\">\n\t\t\t<span id=\"82122bc\"><\/span>\t\t<div class=\"elementor-icon-box-wrapper\">\n\n\t\t\t\t\t\t<div class=\"elementor-icon-box-icon\">\n\t\t\t\t<span  class=\"elementor-icon elementor-animation-\">\n\t\t\t\t<i aria-hidden=\"true\" class=\"fas fa-shopping-basket\"><\/i>\t\t\t\t<\/span>\n\t\t\t<\/div>\n\t\t\t\n\t\t\t\t\t\t<div class=\"elementor-icon-box-content\">\n\n\t\t\t\t\t\t\t\t\t<h3 class=\"elementor-icon-box-title\">\n\t\t\t\t\t\t<span  >\n\t\t\t\t\t\t\tOpening hours\t\t\t\t\t\t<\/span>\n\t\t\t\t\t<\/h3>\n\t\t\t\t\n\t\t\t\t\t\t\t\t\t<p class=\"elementor-icon-box-description\">\n\t\t\t\t\t\tMo &amp; Di: 10 bis 16 Uhr\n <br>Thu: 10 am to 5 pm\n<br>Mi, Fr &amp; Sa: 10 bis 14 Uhr\n\n <br>\n<br>\nPlease note our seasonal opening hours in summer and during the Christmas period.\t\t\t\t\t<\/p>\n\t\t\t\t\n\t\t\t<\/div>\n\t\t\t\n\t\t<\/div>\n\t\t\t\t<\/div>\n\t\t\t\t<\/div>\n\t\t\t\t<div class=\"elementor-element elementor-element-e29ea28 elementor-position-left elementor-view-default elementor-mobile-position-top elementor-vertical-align-top elementor-widget elementor-widget-icon-box\" data-id=\"e29ea28\" data-element_type=\"widget\" data-widget_type=\"icon-box.default\">\n\t\t\t\t<div class=\"elementor-widget-container\">\n\t\t\t<span id=\"e29ea28\"><\/span>\t\t<div class=\"elementor-icon-box-wrapper\">\n\n\t\t\t\t\t\t<div class=\"elementor-icon-box-icon\">\n\t\t\t\t<a href=\"tel:+495241211360\" target=\"_blank\" class=\"elementor-icon elementor-animation-\" tabindex=\"-1\">\n\t\t\t\t<i aria-hidden=\"true\" class=\"fas fa-phone-alt\"><\/i>\t\t\t\t<\/a>\n\t\t\t<\/div>\n\t\t\t\n\t\t\t\t\t\t<div class=\"elementor-icon-box-content\">\n\n\t\t\t\t\t\t\t\t\t<h4 class=\"elementor-icon-box-title\">\n\t\t\t\t\t\t<a href=\"tel:+495241211360\" target=\"_blank\" >\n\t\t\t\t\t\t\tPhone \t\t\t\t\t\t<\/a>\n\t\t\t\t\t<\/h4>\n\t\t\t\t\n\t\t\t\t\t\t\t\t\t<p class=\"elementor-icon-box-description\">\n\t\t\t\t\t\t05241 211 36 0\t\t\t\t\t<\/p>\n\t\t\t\t\n\t\t\t<\/div>\n\t\t\t\n\t\t<\/div>\n\t\t\t\t<\/div>\n\t\t\t\t<\/div>\n\t\t\t\t<div class=\"elementor-element elementor-element-fa0c295 elementor-position-left elementor-view-default elementor-mobile-position-top elementor-vertical-align-top elementor-widget elementor-widget-icon-box\" data-id=\"fa0c295\" data-element_type=\"widget\" data-widget_type=\"icon-box.default\">\n\t\t\t\t<div class=\"elementor-widget-container\">\n\t\t\t<span id=\"fa0c295\"><\/span>\t\t<div class=\"elementor-icon-box-wrapper\">\n\n\t\t\t\t\t\t<div class=\"elementor-icon-box-icon\">\n\t\t\t\t<a href=\"mailto:info@guetersloh-marketing.de\" target=\"_blank\" class=\"elementor-icon elementor-animation-\" tabindex=\"-1\">\n\t\t\t\t<i aria-hidden=\"true\" class=\"fas fa-at\"><\/i>\t\t\t\t<\/a>\n\t\t\t<\/div>\n\t\t\t\n\t\t\t\t\t\t<div class=\"elementor-icon-box-content\">\n\n\t\t\t\t\t\t\t\t\t<h4 class=\"elementor-icon-box-title\">\n\t\t\t\t\t\t<a href=\"mailto:info@guetersloh-marketing.de\" target=\"_blank\" >\n\t\t\t\t\t\t\tWrite e-mail\t\t\t\t\t\t<\/a>\n\t\t\t\t\t<\/h4>\n\t\t\t\t\n\t\t\t\t\t\t\t\t\t<p class=\"elementor-icon-box-description\">\n\t\t\t\t\t\tinfo@guetersloh-marketing.de\t\t\t\t\t<\/p>\n\t\t\t\t\n\t\t\t<\/div>\n\t\t\t\n\t\t<\/div>\n\t\t\t\t<\/div>\n\t\t\t\t<\/div>\n\t\t\t\t\t<\/div>\n\t\t<\/div>\n\t\t\t\t\t<\/div>\n\t\t<\/section>\n\t\t\t\t<section class=\"elementor-section elementor-top-section elementor-element elementor-element-905ec03 elementor-section-full_width elementor-section-height-default elementor-section-height-default\" data-id=\"905ec03\" data-element_type=\"section\">\n\t\t\t\t\t\t<div class=\"elementor-container elementor-column-gap-default\">\n\t\t\t\t\t<div class=\"elementor-column elementor-col-100 elementor-top-column elementor-element elementor-element-8030000\" data-id=\"8030000\" data-element_type=\"column\">\n\t\t\t<div class=\"elementor-widget-wrap elementor-element-populated\">\n\t\t\t\t\t\t<div class=\"elementor-element elementor-element-7ea3e4d elementor-widget elementor-widget-google_maps\" data-id=\"7ea3e4d\" data-element_type=\"widget\" data-widget_type=\"google_maps.default\">\n\t\t\t\t<div class=\"elementor-widget-container\">\n\t\t\t<div class=\"cc_cookie_untouch\"><span id=\"7ea3e4d\"><\/span>\t\t<div class=\"elementor-custom-embed\">\n\t\t\t<iframe loading=\"lazy\"\n\t\t\t\t\tsrc=\"https:\/\/maps.google.com\/maps?q=G%C3%BCtersloh%20Marketing%20GmbH%2C%20Berliner%20Stra%C3%9Fe%2063%2C%2033330%20G%C3%BCtersloh&#038;t=m&#038;z=15&#038;output=embed&#038;iwloc=near\"\n\t\t\t\t\ttitle=\"G\u00fctersloh Marketing GmbH, Berliner Strasse 63, 33330 G\u00fctersloh\"\n\t\t\t\t\taria-label=\"G\u00fctersloh Marketing GmbH, Berliner Strasse 63, 33330 G\u00fctersloh\"\n\t\t\t><\/iframe>\n\t\t<\/div>\n\t\t<\/div>\t\t<\/div>\n\t\t\t\t<\/div>\n\t\t\t\t\t<\/div>\n\t\t<\/div>\n\t\t\t\t\t<\/div>\n\t\t<\/section>\n\t\t\t\t<\/div>","protected":false},"excerpt":{"rendered":"<p>Kontakt Hier finden Sie unsere Tourist-Information&#8230; G\u00fctersloh Marketing GmbH Berliner Stra\u00dfe 63 33330 G\u00fctersloh Postanschrift: [&hellip;]<\/p>\n","protected":false},"author":17,"featured_media":25142,"parent":17930,"menu_order":8,"comment_status":"closed","ping_status":"closed","template":"elementor_header_footer","meta":{"_acf_changed":false,"footnotes":""},"categories":[],"competences":[],"class_list":["post-17955","page","type-page","status-publish","has-post-thumbnail","hentry"],"acf":[],"_links":{"self":[{"href":"https:\/\/www.guetersloh-marketing.de\/en\/wp-json\/wp\/v2\/pages\/17955","targetHints":{"allow":["GET"]}}],"collection":[{"href":"https:\/\/www.guetersloh-marketing.de\/en\/wp-json\/wp\/v2\/pages"}],"about":[{"href":"https:\/\/www.guetersloh-marketing.de\/en\/wp-json\/wp\/v2\/types\/page"}],"author":[{"embeddable":true,"href":"https:\/\/www.guetersloh-marketing.de\/en\/wp-json\/wp\/v2\/users\/17"}],"replies":[{"embeddable":true,"href":"https:\/\/www.guetersloh-marketing.de\/en\/wp-json\/wp\/v2\/comments?post=17955"}],"version-history":[{"count":111,"href":"https:\/\/www.guetersloh-marketing.de\/en\/wp-json\/wp\/v2\/pages\/17955\/revisions"}],"predecessor-version":[{"id":53359,"href":"https:\/\/www.guetersloh-marketing.de\/en\/wp-json\/wp\/v2\/pages\/17955\/revisions\/53359"}],"up":[{"embeddable":true,"href":"https:\/\/www.guetersloh-marketing.de\/en\/wp-json\/wp\/v2\/pages\/17930"}],"wp:featuredmedia":[{"embeddable":true,"href":"https:\/\/www.guetersloh-marketing.de\/en\/wp-json\/wp\/v2\/media\/25142"}],"wp:attachment":[{"href":"https:\/\/www.guetersloh-marketing.de\/en\/wp-json\/wp\/v2\/media?parent=17955"}],"wp:term":[{"taxonomy":"category","embeddable":true,"href":"https:\/\/www.guetersloh-marketing.de\/en\/wp-json\/wp\/v2\/categories?post=17955"},{"taxonomy":"competences","embeddable":true,"href":"https:\/\/www.guetersloh-marketing.de\/en\/wp-json\/wp\/v2\/competences?post=17955"}],"curies":[{"name":"wp","href":"https:\/\/api.w.org\/{rel}","templated":true}]}}